{"id":112258,"date":"2025-08-15T00:00:00","date_gmt":"2025-08-15T05:00:00","guid":{"rendered":"http:\/\/gpl-love.com\/es\/producto\/instagram-feed-wordpress-instagram-gallery\/"},"modified":"2026-03-31T17:15:38","modified_gmt":"2026-03-31T22:15:38","slug":"instagram-feed-wordpress-instagram-gallery","status":"publish","type":"product","link":"https:\/\/gpl-love.com\/es\/producto\/instagram-feed-wordpress-instagram-gallery\/","title":{"rendered":"Instagram Feed WordPress Instagram Gallery 4.4.5"},"content":{"rendered":"<h3>Instagram Feed WordPress Instagram Gallery Caracteristicas<\/h3>\n<p>La Galer\u00eda de Instagram de Instagram Feed WordPress es un complemento extremadamente poderoso que le proporciona la notable capacidad de integrar perfectamente su alimentaci\u00f3n de Instagram en su sitio web de WordPress, lo que le da una herramienta realmente magn\u00edfica de valor inmenso. Al aprovechar su interfaz f\u00e1cil de usar y su dise\u00f1o personalizable, puede exhibir sin esfuerzo sus cautivadoras fotos y videos de Instagram en una galer\u00eda exquisitamente impresionante y altamente receptiva. Adem\u00e1s, este complemento espl\u00e9ndido tambi\u00e9n le otorga una multitud de modos de visualizaci\u00f3n, incluidos los dise\u00f1os de carrusel, red y mamposter\u00eda, lo que le brinda una flexibilidad incomparable y la libertad art\u00edstica. Adem\u00e1s, le permite ejercer un control preciso sobre la cantidad de columnas y filas, lo que le permite dise\u00f1ar un arreglo visualmente atractivo que se adapte perfectamente a su visi\u00f3n creativa. Incluso posee la capacidad de adaptar finamente el espacio entre las im\u00e1genes, asegurando una pantalla visualmente armoniosa y est\u00e9ticamente agradable. Adem\u00e1s, el complemento le otorga la notable capacidad para filtrar selectivamente su feed de Instagram en funci\u00f3n de varios criterios, como hashtags, usuarios o ubicaciones, facilitando as\u00ed el cumplimiento de sus requisitos y objetivos espec\u00edficos. Sin duda, este complemento extraordinario es un activo indispensable para blogueros, fot\u00f3grafos y negocios por igual, que albergan un ardiente deseo de mostrar su espl\u00e9ndido contenido de Instagram en su sitio web y fomentan una conexi\u00f3n profundamente atractiva y significativa con su querida audiencia.<\/p>\n<ul>\n<li>Muestre su feed de Instagram directamente en su sitio web de WordPress<\/li>\n<li>Galer\u00eda bellamente dise\u00f1ada para mostrar su contenido de Instagram<\/li>\n<li>Personalice el dise\u00f1o y el dise\u00f1o para que coincidan con la est\u00e9tica de su sitio web<\/li>\n<li>Configuraci\u00f3n f\u00e1cil con una simple integraci\u00f3n con su cuenta de Instagram<\/li>\n<li>Dise\u00f1o totalmente receptivo que se ve muy bien en cualquier dispositivo o tama\u00f1o de pantalla<\/li>\n<li>Elija entre diferentes opciones de visualizaci\u00f3n de la galer\u00eda, que incluyen cuadr\u00edculas, carruseles y m\u00e1s<\/li>\n<li>Controlar el contenido que aparece en la galer\u00eda y qu\u00e9 tipos de publicaciones est\u00e1n excluidos<\/li>\n<li>Actualizaciones automatizadas que mantienen su alimentaci\u00f3n de Instagram actualizado en su sitio web<\/li>\n<li>Tiempos de carga r\u00e1pidos y optimizado para el rendimiento en su sitio web<\/li>\n<li>Equipo de apoyo amigable y \u00fatil para responder cualquier pregunta o brindar asistencia con la configuraci\u00f3n.<\/li>\n<\/ul>\n","protected":false},"excerpt":{"rendered":"<p>La Galer\u00eda Instagram de Instagram Feed WordPress es un complemento altamente adaptable y multifac\u00e9tico que le otorga la capacidad de exhibir su alimentaci\u00f3n de Instagram en su sitio web de WordPress. Ofrece una gran cantidad de alternativas de dise\u00f1o, lo que le permite adaptar la apariencia y el ambiente de su galer\u00eda para alinearse perfectamente con el dise\u00f1o de su sitio web. Adem\u00e1s, este complemento abarca una multitud de funcionalidades avanzadas, incluida la capacidad de filtrar el contenido basado en hashtags y usuarios, junto con la capacidad de exhibir alimentos distintos en varias p\u00e1ginas. Al aprovechar este complemento, puede acentuar sin esfuerzo su contenido de Instagram y fomentar interacciones significativas con sus estimados visitantes del sitio web.<\/p>\n","protected":false},"featured_media":166472,"comment_status":"open","ping_status":"open","template":"","meta":[],"product_brand":[2339],"product_cat":[1214,1206,1211],"product_tag":[1256],"class_list":{"0":"post-112258","1":"product","2":"type-product","3":"status-publish","4":"has-post-thumbnail","6":"product_brand-codecanyon","7":"product_cat-personalizacion","8":"product_cat-plugins","9":"product_cat-wordpress-plugins","10":"product_tag-codecanyon","11":"member-discount","12":"discount-restricted","14":"first","15":"instock","16":"sale","17":"downloadable","18":"virtual","19":"sold-individually","20":"purchasable","21":"product-type-simple"},"_links":{"self":[{"href":"https:\/\/gpl-love.com\/es\/wp-json\/wp\/v2\/product\/112258","targetHints":{"allow":["GET"]}}],"collection":[{"href":"https:\/\/gpl-love.com\/es\/wp-json\/wp\/v2\/product"}],"about":[{"href":"https:\/\/gpl-love.com\/es\/wp-json\/wp\/v2\/types\/product"}],"replies":[{"embeddable":true,"href":"https:\/\/gpl-love.com\/es\/wp-json\/wp\/v2\/comments?post=112258"}],"wp:featuredmedia":[{"embeddable":true,"href":"https:\/\/gpl-love.com\/es\/wp-json\/wp\/v2\/media\/166472"}],"wp:attachment":[{"href":"https:\/\/gpl-love.com\/es\/wp-json\/wp\/v2\/media?parent=112258"}],"wp:term":[{"taxonomy":"product_brand","embeddable":true,"href":"https:\/\/gpl-love.com\/es\/wp-json\/wp\/v2\/product_brand?post=112258"},{"taxonomy":"product_cat","embeddable":true,"href":"https:\/\/gpl-love.com\/es\/wp-json\/wp\/v2\/product_cat?post=112258"},{"taxonomy":"product_tag","embeddable":true,"href":"https:\/\/gpl-love.com\/es\/wp-json\/wp\/v2\/product_tag?post=112258"}],"curies":[{"name":"wp","href":"https:\/\/api.w.org\/{rel}","templated":true}]}}