{"id":112256,"date":"2025-06-16T00:00:00","date_gmt":"2025-06-16T05:00:00","guid":{"rendered":"http:\/\/gpl-love.com\/es\/producto\/justified-image-grid-premium-wordpress-gallery\/"},"modified":"2026-03-09T07:44:59","modified_gmt":"2026-03-09T12:44:59","slug":"justified-image-grid-premium-wordpress-gallery","status":"publish","type":"product","link":"https:\/\/gpl-love.com\/es\/producto\/justified-image-grid-premium-wordpress-gallery\/","title":{"rendered":"Justified Image Grid Premium WordPress Gallery 4.7.2"},"content":{"rendered":"<h3>Justified Image Grid Premium WordPress Gallery Caracteristicas<\/h3>\n<p>La Galer\u00eda de WordPress de la cuadr\u00edcula de im\u00e1genes Justified es un complemento incre\u00edblemente vers\u00e1til y muy poderoso que otorga a los usuarios la capacidad de crear galer\u00edas absolutamente impresionantes en su sitio web de WordPress. Una de las caracter\u00edsticas m\u00e1s notables de este complemento es su dise\u00f1o receptivo excepcional, que se ajusta perfectamente a varios tama\u00f1os y dispositivos de pantalla. Esta calidad crucial permite a los usuarios exhibir sin problemas sus im\u00e1genes cautivadoras de una manera visualmente impresionante e impecablemente organizada. Adem\u00e1s, el complemento ofrece una amplia gama de configuraciones personalizables, lo que permite a los usuarios modificar sin esfuerzo la apariencia y el comportamiento de su galer\u00eda a sus especificaciones deseadas. Adem\u00e1s, la interfaz intuitiva de arrastrar y soltar proporcionada por este complemento simplifica la tarea de otra manera de agregar y organizar im\u00e1genes, racionalizando significativamente todo el proceso creativo. Como si estas caracter\u00edsticas notables no fueran suficientes, el complemento tambi\u00e9n admite con orgullo una selecci\u00f3n diversa de fuentes de medios, incluidas las plataformas inmensamente populares de Flickr, Instagram y YouTube. En consecuencia, los usuarios est\u00e1n dotados de una abundante variedad de opciones de contenido para seleccionar, asegurando que su contenido visual siempre sea cautivador y diverso. A fin de cuentas, est\u00e1 muy claro que la Galer\u00eda de WordPress de la cuadr\u00edcula de imagen justificada es una herramienta indispensable para cualquier individuo que busque mostrar su contenido visual de una manera atractiva y din\u00e1mica.<\/p>\n<ul>\n<li>Proporciona una galer\u00eda totalmente personalizable para su sitio de WordPress<\/li>\n<li>Permite la gesti\u00f3n y organizaci\u00f3n de im\u00e1genes sin esfuerzo<\/li>\n<li>Ofrece m\u00faltiples opciones de dise\u00f1o para mostrar im\u00e1genes, incluidas la mamposter\u00eda y las cuadr\u00edculas justificadas<\/li>\n<li>Admite una variedad de fuentes de im\u00e1genes, incluidas Flickr e Instagram<\/li>\n<li>Incluye opciones de estilo avanzado para el control de dise\u00f1o completo<\/li>\n<li>Proporciona un dise\u00f1o receptivo para una visualizaci\u00f3n \u00f3ptima en cualquier dispositivo<\/li>\n<li>Ofrece opciones de caja de luz incorporadas para navegar por fotos y compartir f\u00e1cilmente<\/li>\n<li>Incluye caracter\u00edsticas amigables para el SEO para ayudar a que sus im\u00e1genes aparezcan en los resultados de la b\u00fasqueda.<\/li>\n<li>Proporciona atenci\u00f3n al cliente de primer nivel para garantizar una experiencia perfecta<\/li>\n<li>Ofrece una compra \u00fanica con actualizaciones y soporte de por vida<\/li>\n<\/ul>\n","protected":false},"excerpt":{"rendered":"<p>La Galer\u00eda de WordPress Premium de la cuadr\u00edcula de im\u00e1genes justificada ofrece una soluci\u00f3n incomparable para las personas que buscan establecer galer\u00edas de im\u00e1genes visualmente llamativas en sus sitios web. Este complemento extraordinariamente capaz otorga a los usuarios la capacidad de exhibir sus im\u00e1genes en un formato espl\u00e9ndidamente organizado y est\u00e9ticamente agradable que se puede adaptar sin esfuerzo para complementar el dise\u00f1o general de su sitio web. A trav\u00e9s de su interfaz de arrastrar y soltar notablemente f\u00e1cil de usar, las personas pueden incorporar a la perfecci\u00f3n las im\u00e1genes de su biblioteca de medios existente o fuentes externas, manipular las configuraciones de su galer\u00eda y generar un n\u00famero ilimitado de galer\u00edas, cada una de las cuales posee estilos y configuraciones distintivas. Independientemente de si la profesi\u00f3n de uno gira en torno a la fotograf\u00eda, el arte, los blogs o el emprendimiento, es innegable que la integraci\u00f3n de la galer\u00eda de WordPress premium de la cuadr\u00edcula de im\u00e1genes justificada tiene el potencial de metamorfose su sitio web en una verdadera obra maestra de prowess visual.<\/p>\n","protected":false},"featured_media":166534,"comment_status":"open","ping_status":"open","template":"","meta":[],"product_brand":[2339],"product_cat":[1214,1206,1211],"product_tag":[1256],"class_list":{"0":"post-112256","1":"product","2":"type-product","3":"status-publish","4":"has-post-thumbnail","6":"product_brand-codecanyon","7":"product_cat-personalizacion","8":"product_cat-plugins","9":"product_cat-wordpress-plugins","10":"product_tag-codecanyon","11":"member-discount","12":"discount-restricted","14":"first","15":"instock","16":"sale","17":"downloadable","18":"virtual","19":"sold-individually","20":"purchasable","21":"product-type-simple"},"_links":{"self":[{"href":"https:\/\/gpl-love.com\/es\/wp-json\/wp\/v2\/product\/112256","targetHints":{"allow":["GET"]}}],"collection":[{"href":"https:\/\/gpl-love.com\/es\/wp-json\/wp\/v2\/product"}],"about":[{"href":"https:\/\/gpl-love.com\/es\/wp-json\/wp\/v2\/types\/product"}],"replies":[{"embeddable":true,"href":"https:\/\/gpl-love.com\/es\/wp-json\/wp\/v2\/comments?post=112256"}],"wp:featuredmedia":[{"embeddable":true,"href":"https:\/\/gpl-love.com\/es\/wp-json\/wp\/v2\/media\/166534"}],"wp:attachment":[{"href":"https:\/\/gpl-love.com\/es\/wp-json\/wp\/v2\/media?parent=112256"}],"wp:term":[{"taxonomy":"product_brand","embeddable":true,"href":"https:\/\/gpl-love.com\/es\/wp-json\/wp\/v2\/product_brand?post=112256"},{"taxonomy":"product_cat","embeddable":true,"href":"https:\/\/gpl-love.com\/es\/wp-json\/wp\/v2\/product_cat?post=112256"},{"taxonomy":"product_tag","embeddable":true,"href":"https:\/\/gpl-love.com\/es\/wp-json\/wp\/v2\/product_tag?post=112256"}],"curies":[{"name":"wp","href":"https:\/\/api.w.org\/{rel}","templated":true}]}}