{"id":112254,"date":"2024-10-07T00:00:00","date_gmt":"2024-10-07T05:00:00","guid":{"rendered":"http:\/\/gpl-love.com\/es\/producto\/april-fashion-woocommerce-wordpress-tema\/"},"modified":"2026-03-13T17:15:48","modified_gmt":"2026-03-13T22:15:48","slug":"april-fashion-woocommerce-wordpress-tema","status":"publish","type":"product","link":"https:\/\/gpl-love.com\/es\/producto\/april-fashion-woocommerce-wordpress-tema\/","title":{"rendered":"APRIL Fashion WooCommerce WordPress Theme 6.5"},"content":{"rendered":"<h3>APRIL Fashion WooCommerce WordPress Theme Caracteristicas<\/h3>\n<p>April Fashion WooCommerce WordPress Temo, conocido por su alta calidad, es un exquisito tema premium hecho a medida para empresas de moda y estilo de vida. Su dise\u00f1o elegante y contempor\u00e1neo, junto con una amplia gama de caracter\u00edsticas personalizables, garantiza que su sitio web exude la singularidad. En particular, este tema se integra perfectamente con WooCommerce, una reconocida plataforma de comercio electr\u00f3nico, que facilita el establecimiento sin esfuerzo de una tienda en l\u00ednea para exhibir y vender su mercanc\u00eda. Adem\u00e1s, se incluye un conjunto diverso de p\u00e1ginas preconstruidas, es decir, Home, Shop, Blog y sobre nosotros), agilizando el proceso de configuraci\u00f3n inicial de su sitio web. Al aprovechar las capacidades excepcionales de April Fashion, puede crear sin esfuerzo una presencia en l\u00ednea sofisticada y visualmente cautivadora que sin duda fomentar\u00e1 la expansi\u00f3n de su negocio.<\/p>\n<ul>\n<li>Dise\u00f1o impresionante y moderno que llamar\u00e1 la atenci\u00f3n de los compradores en l\u00ednea<\/li>\n<li>Construido espec\u00edficamente para WooCommerce, asegurando una integraci\u00f3n perfecta con su tienda en l\u00ednea<\/li>\n<li>Opciones de personalizaci\u00f3n f\u00e1ciles, lo que le permite adaptar su sitio a su identidad de marca y ofertas de productos<\/li>\n<li>Dise\u00f1o de respuesta m\u00f3vil que optimiza la pantalla en todos los dispositivos, desde escritorios hasta tel\u00e9fonos inteligentes<\/li>\n<li>Opciones de categor\u00eda de navegaci\u00f3n y producto intuitivos para ayudar a los compradores a encontrar f\u00e1cilmente lo que est\u00e1n buscando<\/li>\n<li>Opciones de dise\u00f1o de p\u00e1gina de inicio m\u00faltiple y p\u00e1gina de productos para satisfacer diversas necesidades comerciales<\/li>\n<li>Compatible con complementos populares como Slider Revolution y Contact Form 7 para una funcionalidad adicional<\/li>\n<li>Documentaci\u00f3n extensa y atenci\u00f3n al cliente confiable para ayudarlo a configurar y administrar su tienda en l\u00ednea con facilidad.<\/li>\n<\/ul>\n","protected":false},"excerpt":{"rendered":"<p>Experimente la elegante versatilidad de abril, un tema de WordPress de WooCommerce de moda premium dise\u00f1ado para el minorista de moda contempor\u00e1nea. El dise\u00f1o \u00fanico de April, mejorado con una variedad de caracter\u00edsticas personalizables, ofrece una excelente plataforma para exhibir sus colecciones de moda. Con su integraci\u00f3n perfecta con WooCommerce, puede administrar sin esfuerzo su tienda en l\u00ednea, facilitando transacciones sin problemas y una f\u00e1cil gesti\u00f3n de inventario. Los beneficios clave del uso de April incluyen su dise\u00f1o receptivo, garantizar que su sitio web se vea muy bien en cualquier dispositivo y una gran cantidad de caracter\u00edsticas avanzadas como Megamenu, Lookbook y Product View. Aproveche al m\u00e1ximo su negocio de moda en l\u00ednea con el tema de WordPress de abril.<\/p>\n","protected":false},"featured_media":165385,"comment_status":"open","ping_status":"open","template":"","meta":[],"product_brand":[2337],"product_cat":[1263,1264,1237],"product_tag":[1391],"class_list":{"0":"post-112254","1":"product","2":"type-product","3":"status-publish","4":"has-post-thumbnail","6":"product_brand-themeforest","7":"product_cat-comercio-electronico-temas","8":"product_cat-negocio","9":"product_cat-temas","10":"product_tag-themeforest","11":"member-discount","12":"discount-restricted","14":"first","15":"instock","16":"sale","17":"downloadable","18":"virtual","19":"sold-individually","20":"purchasable","21":"product-type-simple"},"_links":{"self":[{"href":"https:\/\/gpl-love.com\/es\/wp-json\/wp\/v2\/product\/112254","targetHints":{"allow":["GET"]}}],"collection":[{"href":"https:\/\/gpl-love.com\/es\/wp-json\/wp\/v2\/product"}],"about":[{"href":"https:\/\/gpl-love.com\/es\/wp-json\/wp\/v2\/types\/product"}],"replies":[{"embeddable":true,"href":"https:\/\/gpl-love.com\/es\/wp-json\/wp\/v2\/comments?post=112254"}],"wp:featuredmedia":[{"embeddable":true,"href":"https:\/\/gpl-love.com\/es\/wp-json\/wp\/v2\/media\/165385"}],"wp:attachment":[{"href":"https:\/\/gpl-love.com\/es\/wp-json\/wp\/v2\/media?parent=112254"}],"wp:term":[{"taxonomy":"product_brand","embeddable":true,"href":"https:\/\/gpl-love.com\/es\/wp-json\/wp\/v2\/product_brand?post=112254"},{"taxonomy":"product_cat","embeddable":true,"href":"https:\/\/gpl-love.com\/es\/wp-json\/wp\/v2\/product_cat?post=112254"},{"taxonomy":"product_tag","embeddable":true,"href":"https:\/\/gpl-love.com\/es\/wp-json\/wp\/v2\/product_tag?post=112254"}],"curies":[{"name":"wp","href":"https:\/\/api.w.org\/{rel}","templated":true}]}}