{"id":112252,"date":"2025-10-29T00:00:00","date_gmt":"2025-10-29T05:00:00","guid":{"rendered":"http:\/\/gpl-love.com\/es\/producto\/supro-minimalist-ajax-woocommerce-wordpress-tema\/"},"modified":"2026-03-13T17:30:33","modified_gmt":"2026-03-13T22:30:33","slug":"supro-minimalist-ajax-woocommerce-wordpress-tema","status":"publish","type":"product","link":"https:\/\/gpl-love.com\/es\/producto\/supro-minimalist-ajax-woocommerce-wordpress-tema\/","title":{"rendered":"Supro Minimalist AJAX WooCommerce WordPress Theme 2.0.3"},"content":{"rendered":"<h3>Supro Minimalist AJAX WooCommerce WordPress Theme Caracteristicas<\/h3>\n<p>Si est\u00e1 en busca de un dise\u00f1o sofisticado, actualizado y despojado para su plataforma de comercio electr\u00f3nico, entonces el tema de WordPress de AJAX WOOCOMMERCE Supro podr\u00eda ser la soluci\u00f3n perfecta. Este tema ofrece una experiencia de compra perfecta, gracias a su carrito de compras con AJAX y un sistema de filtrado de productos, lo que resulta en tiempos de carga de la p\u00e1gina r\u00e1pidos. No solo cuenta con un dise\u00f1o limpio y ordenado, lo que le permite mostrar sin esfuerzo sus productos, sino que tambi\u00e9n mantiene su funcionalidad. Adem\u00e1s, este tema ofrece opciones de personalizaci\u00f3n completas, lo que permite a los usuarios modificar f\u00e1cilmente los colores, las fuentes y el dise\u00f1o para alinearse con su est\u00e9tica de marca. Al utilizar el tema de WordPress de Ajax WooCommerce de Supro, tiene la capacidad de curar una tienda en l\u00ednea que sin duda dejar\u00e1 una impresi\u00f3n duradera en sus clientes, lo que finalmente conduce a mayores ventas.<\/p>\n<ul>\n<li>Dise\u00f1o limpio y minimalista para exhibir productos<\/li>\n<li>Tecnolog\u00eda AJAX para navegaci\u00f3n de p\u00e1ginas sin problemas y filtrado r\u00e1pido de productos<\/li>\n<li>Compatibilidad de WooCommerce para una f\u00e1cil gesti\u00f3n de tiendas en l\u00ednea<\/li>\n<li>Dise\u00f1o receptivo para dispositivos m\u00f3viles y de tabletas<\/li>\n<li>P\u00e1gina de inicio personalizable con creador de p\u00e1ginas de arrastrar y soltar<\/li>\n<li>M\u00faltiples dise\u00f1os de p\u00e1gina de inicio predise\u00f1ados para elegir<\/li>\n<li>Opciones de m\u00faltiples colores y fuentes para un aspecto \u00fanico<\/li>\n<li>C\u00f3digo amigable con SEO y optimizado para la velocidad de p\u00e1gina r\u00e1pida<\/li>\n<li>Importaci\u00f3n de demostraci\u00f3n de un solo clic para una f\u00e1cil configuraci\u00f3n<\/li>\n<li>Equipo de apoyo dedicado para cualquier pregunta o problema<\/li>\n<\/ul>\n","protected":false},"excerpt":{"rendered":"<p>El tema de WordPress de AJAX Minimalista de Supro es una soluci\u00f3n de comercio electr\u00f3nico exquisita y de vanguardia que atiende a empresas de todos los tama\u00f1os, que abarca una amplia gama de funcionalidades. Meticulosamente elaborado con la esencia del minimalismo, este tema excepcional ofrece una interfaz poco cerrada y simplificada que destaca meticulosamente los productos, aumentando significativamente las tasas de conversi\u00f3n. Aprovechando la innovadora tecnolog\u00eda AJAX, las p\u00e1ginas se cargan con velocidad sin precedentes y fluidez perfecta, dando a los usuarios una experiencia incomparable e ininterrumpida. Adem\u00e1s, debido a su notable compatibilidad con el famoso complemento de WooCommerce, Supro se integra sin problemas como una parte integral de su tienda en l\u00ednea, ofreciendo personalizaci\u00f3n inigualable y una abundancia de opciones ricas en caracter\u00edsticas. Desde su dise\u00f1o inmaculado y sofisticado hasta su interfaz navegable f\u00e1cil de usar y sin esfuerzo, Supro emerge como la soluci\u00f3n por excelencia para las empresas que anhelan establecer y administrar efectivamente una tienda en l\u00ednea robusta y pr\u00f3spera.<\/p>\n","protected":false},"featured_media":167675,"comment_status":"open","ping_status":"open","template":"","meta":[],"product_brand":[2337],"product_cat":[1263,1469,1237],"product_tag":[1391],"class_list":{"0":"post-112252","1":"product","2":"type-product","3":"status-publish","4":"has-post-thumbnail","6":"product_brand-themeforest","7":"product_cat-comercio-electronico-temas","8":"product_cat-creativo-comercio-electronico-temas","9":"product_cat-temas","10":"product_tag-themeforest","11":"member-discount","12":"discount-restricted","14":"first","15":"instock","16":"sale","17":"downloadable","18":"virtual","19":"sold-individually","20":"purchasable","21":"product-type-simple"},"_links":{"self":[{"href":"https:\/\/gpl-love.com\/es\/wp-json\/wp\/v2\/product\/112252","targetHints":{"allow":["GET"]}}],"collection":[{"href":"https:\/\/gpl-love.com\/es\/wp-json\/wp\/v2\/product"}],"about":[{"href":"https:\/\/gpl-love.com\/es\/wp-json\/wp\/v2\/types\/product"}],"replies":[{"embeddable":true,"href":"https:\/\/gpl-love.com\/es\/wp-json\/wp\/v2\/comments?post=112252"}],"wp:featuredmedia":[{"embeddable":true,"href":"https:\/\/gpl-love.com\/es\/wp-json\/wp\/v2\/media\/167675"}],"wp:attachment":[{"href":"https:\/\/gpl-love.com\/es\/wp-json\/wp\/v2\/media?parent=112252"}],"wp:term":[{"taxonomy":"product_brand","embeddable":true,"href":"https:\/\/gpl-love.com\/es\/wp-json\/wp\/v2\/product_brand?post=112252"},{"taxonomy":"product_cat","embeddable":true,"href":"https:\/\/gpl-love.com\/es\/wp-json\/wp\/v2\/product_cat?post=112252"},{"taxonomy":"product_tag","embeddable":true,"href":"https:\/\/gpl-love.com\/es\/wp-json\/wp\/v2\/product_tag?post=112252"}],"curies":[{"name":"wp","href":"https:\/\/api.w.org\/{rel}","templated":true}]}}