{"id":112250,"date":"2021-09-18T00:00:00","date_gmt":"2021-09-18T05:00:00","guid":{"rendered":"http:\/\/gpl-love.com\/es\/producto\/gridlove-news-portal-y-magazine-wordpress-tema\/"},"modified":"2026-03-13T17:21:52","modified_gmt":"2026-03-13T22:21:52","slug":"gridlove-news-portal-y-magazine-wordpress-tema","status":"publish","type":"product","link":"https:\/\/gpl-love.com\/es\/producto\/gridlove-news-portal-y-magazine-wordpress-tema\/","title":{"rendered":"Gridlove News Portal y Magazine WordPress Theme 2.0.0"},"content":{"rendered":"<h3>Gridlove News Portal y Magazine WordPress Theme Caracteristicas<\/h3>\n<p>El tema de WordPress de Gridlove News WordPress es un tema excepcionalmente robusto y rico en funciones que ha sido meticulosamente elaborado para satisfacer espec\u00edficamente las necesidades y requisitos de los portales de noticias, revistas en l\u00ednea y sitios web de blogs. Con un dise\u00f1o elegante, contempor\u00e1neo y totalmente receptivo, este tema exuda un sentido de profesionalismo y sofisticaci\u00f3n, lo que lo convierte en la opci\u00f3n ideal para las personas que desean mostrar su contenido de una manera visualmente impresionante y elegante. Con su constructor de p\u00e1ginas de arrastre y suelto altamente intuitivo y f\u00e1cil de usar, los usuarios tienen la oportunidad de construir dise\u00f1os \u00fanicos y a medida para sus p\u00e1ginas y publicaciones, lo que les permite expresar verdaderamente su creatividad e ingenio. Adem\u00e1s, este tema est\u00e1 repleto de una gran cantidad de plantillas prefabricadas, widgets y c\u00f3digos cortos, lo que representa la adici\u00f3n de varios elementos al sitio web de uno una brisa absoluta. Adem\u00e1s, GridLove est\u00e1 equipado con un panel de opciones de temas inmensamente potentes, que permite a los usuarios personalizar y adaptar el tema para cumplir con sus preferencias y especificaciones individuales. Adem\u00e1s, este tema cuenta con la optimizaci\u00f3n de SEO, asegurando as\u00ed que su sitio web pueda clasificarse de manera efectiva y prominente en los motores de b\u00fasqueda populares, aumentando as\u00ed su visibilidad, alcance y, en \u00faltima instancia, su \u00e9xito. Con todo, el portal de noticias y el tema de WordPress de la revista GridLove es una opci\u00f3n sobresaliente para las personas que buscan crear un portal de noticias o un sitio web de revistas altamente profesional, atractivo y cautivador que est\u00e9 obligado a cautivar y cautivar a los visitantes.<\/p>\n<ul>\n<li>Tema de WordPress de WordPress y portal de noticias altamente personalizable<\/li>\n<li>Dise\u00f1o receptivo que se ve muy bien en cualquier dispositivo<\/li>\n<li>M\u00faltiples demostraciones predise\u00f1adas para elegir<\/li>\n<li>Constructor de p\u00e1ginas de arrastre y suelto incorporado para una f\u00e1cil personalizaci\u00f3n<\/li>\n<li>Panel de opciones de temas avanzados para un mayor control sobre el dise\u00f1o y la funcionalidad<\/li>\n<li>Admite varios formatos de publicaci\u00f3n que incluyen imagen, video y audio<\/li>\n<li>Botones integrados de intercambio de redes sociales para un f\u00e1cil intercambio de contenido<\/li>\n<li>Compatible con complementos populares como WooCommerce y el Formulario de contacto 7<\/li>\n<li>SEO optimizado para una mejor clasificaci\u00f3n del motor de b\u00fasqueda<\/li>\n<li>Actualizaciones regulares y atenci\u00f3n al cliente dedicada.<\/li>\n<\/ul>\n","protected":false},"excerpt":{"rendered":"<p>El portal y la revista de GridLove News WordPress es un tema premium que ha sido intrincadamente dise\u00f1ado con el prop\u00f3sito de atender a los bloggers y publicaciones en l\u00ednea. Con un dise\u00f1o elegante y una interfaz intuitiva, este tema es simplemente ideal para la creaci\u00f3n de un sitio web moderno y visualmente cautivador. Independientemente de si est\u00e1 administrando un portal de noticias, una revista en l\u00ednea o incluso un blog personal, GridLove ofrece una amplia gama de caracter\u00edsticas y opciones de personalizaci\u00f3n que lo ayudar\u00e1n en el desarrollo de una presencia en l\u00ednea verdaderamente \u00fanica y atractiva. El dise\u00f1o receptivo del tema garantiza que su sitio parecer\u00e1 perfecto en cualquier dispositivo, mientras que sus caracter\u00edsticas de SEO incorporadas facilitan la optimizaci\u00f3n f\u00e1cil de su contenido para los motores de b\u00fasqueda. Independientemente de si usted es un blogger profesional experimentado o un principiante, GridLove es el tema por excelencia que sin duda lo ayudar\u00e1 a transmitir eficazmente su mensaje.<\/p>\n","protected":false},"featured_media":166390,"comment_status":"open","ping_status":"open","template":"","meta":[],"product_brand":[2337],"product_cat":[1245,1237,1238],"product_tag":[1391],"class_list":{"0":"post-112250","1":"product","2":"type-product","3":"status-publish","4":"has-post-thumbnail","6":"product_brand-themeforest","7":"product_cat-blog-revista","8":"product_cat-temas","9":"product_cat-wordpress-temas","10":"product_tag-themeforest","11":"member-discount","12":"discount-restricted","14":"first","15":"instock","16":"sale","17":"downloadable","18":"virtual","19":"sold-individually","20":"purchasable","21":"product-type-simple"},"_links":{"self":[{"href":"https:\/\/gpl-love.com\/es\/wp-json\/wp\/v2\/product\/112250","targetHints":{"allow":["GET"]}}],"collection":[{"href":"https:\/\/gpl-love.com\/es\/wp-json\/wp\/v2\/product"}],"about":[{"href":"https:\/\/gpl-love.com\/es\/wp-json\/wp\/v2\/types\/product"}],"replies":[{"embeddable":true,"href":"https:\/\/gpl-love.com\/es\/wp-json\/wp\/v2\/comments?post=112250"}],"wp:featuredmedia":[{"embeddable":true,"href":"https:\/\/gpl-love.com\/es\/wp-json\/wp\/v2\/media\/166390"}],"wp:attachment":[{"href":"https:\/\/gpl-love.com\/es\/wp-json\/wp\/v2\/media?parent=112250"}],"wp:term":[{"taxonomy":"product_brand","embeddable":true,"href":"https:\/\/gpl-love.com\/es\/wp-json\/wp\/v2\/product_brand?post=112250"},{"taxonomy":"product_cat","embeddable":true,"href":"https:\/\/gpl-love.com\/es\/wp-json\/wp\/v2\/product_cat?post=112250"},{"taxonomy":"product_tag","embeddable":true,"href":"https:\/\/gpl-love.com\/es\/wp-json\/wp\/v2\/product_tag?post=112250"}],"curies":[{"name":"wp","href":"https:\/\/api.w.org\/{rel}","templated":true}]}}