{"id":112215,"date":"2024-10-27T00:00:00","date_gmt":"2024-10-27T05:00:00","guid":{"rendered":"http:\/\/gpl-love.com\/es\/producto\/ss-woocommerce-myaccount-ajax-tabs\/"},"modified":"2026-03-09T08:08:45","modified_gmt":"2026-03-09T13:08:45","slug":"ss-woocommerce-myaccount-ajax-tabs","status":"publish","type":"product","link":"https:\/\/gpl-love.com\/es\/producto\/ss-woocommerce-myaccount-ajax-tabs\/","title":{"rendered":"SS WooCommerce Myaccount Ajax Tabs 2.8.0"},"content":{"rendered":"<h3>SS WooCommerce Myaccount Ajax Tabs Caracteristicas<\/h3>\n<p>SS WooCommerce Myaccount Ajax Tabs es un complemento muy robusto y efectivo que ha sido meticulosamente elaborado para elevar la experiencia general del usuario de los clientes de WooCommerce. Su objetivo principal es introducir una nueva gama de pesta\u00f1as en la p\u00e1gina de mi cuenta, facilitando as\u00ed la navegaci\u00f3n perfecta y proporcionando un acceso conveniente a informaci\u00f3n crucial relacionada con la cuenta. Al incorporar la tecnolog\u00eda AJAX de vanguardia, el complemento garantiza la carga r\u00e1pida y din\u00e1mica de estas pesta\u00f1as, eliminando la necesidad de cualquier actualizaci\u00f3n de la p\u00e1gina. Los clientes est\u00e1n facultados para leer y modificar sin esfuerzo sus pedidos, detalles de env\u00edo, detalles de cuentas y una mir\u00edada de otros elementos esenciales. Una ventaja adicional se encuentra en la excepcional personalizaci\u00f3n del complemento y el proceso de instalaci\u00f3n f\u00e1cil de usar, lo que es un activo invaluable para cualquier tienda de WooCommerce. De hecho, se ha convertido en una herramienta imperativa para las empresas que aspiran a optimizar su viaje del cliente y amplificar la satisfacci\u00f3n general del cliente.<\/p>\n<ul>\n<li>Permite la navegaci\u00f3n f\u00e1cil e intuitiva de la informaci\u00f3n de la cuenta del cliente en WooCommerce<\/li>\n<li>Utiliza la tecnolog\u00eda Ajax para mejorar los tiempos de carga de la p\u00e1gina y mejorar la experiencia del usuario<\/li>\n<li>Muestra informaci\u00f3n de la cuenta del cliente en pesta\u00f1as organizadas y visualmente atractivas<\/li>\n<li>Habilita la personalizaci\u00f3n de los nombres de las pesta\u00f1as y qu\u00e9 informaci\u00f3n se muestra en cada pesta\u00f1a<\/li>\n<li>Proporciona un aspecto limpio y moderno a la p\u00e1gina de la cuenta del cliente<\/li>\n<li>Aumenta la satisfacci\u00f3n del cliente al facilitar la vista y administrar la informaci\u00f3n de la cuenta<\/li>\n<li>Ayuda a las empresas a ahorrar tiempo al reducir las consultas de atenci\u00f3n al cliente con respecto a la informaci\u00f3n de la cuenta<\/li>\n<li>Compatible con las versiones de WooCommerce -0 y superior<\/li>\n<li>Actualizado y respaldado regularmente por atenci\u00f3n al cliente confiable<\/li>\n<\/ul>\n","protected":false},"excerpt":{"rendered":"<p>Las pesta\u00f1as SS WooCommerce MyAccount Ajax es un complemento incre\u00edblemente robusto y eficiente que se ha creado espec\u00edficamente para aumentar y elevar la funcionalidad general de su tienda en l\u00ednea. Al incorporar este complemento en su sitio web, tendr\u00e1 la capacidad de integrar sin esfuerzo pesta\u00f1as din\u00e1micas en la p\u00e1gina de cuentas de sus clientes, simplificando as\u00ed el proceso de acceder y administrar sus pedidos individuales, descargas, libreta de direcciones y otros detalles de cuentas pertinentes. En particular, este complemento se enorgullece de presentar una interfaz extremadamente f\u00e1cil de usar, asegurando as\u00ed que sus clientes puedan navegar y utilizar las diversas caracter\u00edsticas y funciones de una manera perfecta e intuitiva. Adem\u00e1s, debido a su integraci\u00f3n perfecta con WooCommerce, este complemento armonizar\u00e1 perfectamente con su tienda en l\u00ednea existente, que culminar\u00e1 en una experiencia de usuario verdaderamente aerodin\u00e1mica y sin problemas tanto para usted como para sus clientes. Adem\u00e1s, vale la pena se\u00f1alar que este complemento aprovecha el poder de la innovadora tecnolog\u00eda AJAX, lo que permite la carga de contenido acelerada y eficiente en su sitio web. En consecuencia, esto no solo sirve para mejorar la velocidad general y la capacidad de respuesta de su sitio, sino que tambi\u00e9n juega un papel integral en la optimizaci\u00f3n de la experiencia general para sus clientes. En \u00faltima instancia, al incorporar las pesta\u00f1as SS WooCommerce MyAccount Ajax en su tienda en l\u00ednea, podr\u00e1 proporcionar a sus clientes una experiencia incomparable y superlativa que seguramente dejar\u00e1 una impresi\u00f3n duradera.<\/p>\n","protected":false},"featured_media":167556,"comment_status":"open","ping_status":"open","template":"","meta":[],"product_brand":[2339],"product_cat":[1207,1248,1206],"product_tag":[1256],"class_list":{"0":"post-112215","1":"product","2":"type-product","3":"status-publish","4":"has-post-thumbnail","6":"product_brand-codecanyon","7":"product_cat-comercio-electronico-plugins","8":"product_cat-personalizacion-comercio-electronico-plugins","9":"product_cat-plugins","10":"product_tag-codecanyon","11":"member-discount","12":"discount-restricted","14":"first","15":"instock","16":"sale","17":"downloadable","18":"virtual","19":"sold-individually","20":"purchasable","21":"product-type-simple"},"_links":{"self":[{"href":"https:\/\/gpl-love.com\/es\/wp-json\/wp\/v2\/product\/112215","targetHints":{"allow":["GET"]}}],"collection":[{"href":"https:\/\/gpl-love.com\/es\/wp-json\/wp\/v2\/product"}],"about":[{"href":"https:\/\/gpl-love.com\/es\/wp-json\/wp\/v2\/types\/product"}],"replies":[{"embeddable":true,"href":"https:\/\/gpl-love.com\/es\/wp-json\/wp\/v2\/comments?post=112215"}],"wp:featuredmedia":[{"embeddable":true,"href":"https:\/\/gpl-love.com\/es\/wp-json\/wp\/v2\/media\/167556"}],"wp:attachment":[{"href":"https:\/\/gpl-love.com\/es\/wp-json\/wp\/v2\/media?parent=112215"}],"wp:term":[{"taxonomy":"product_brand","embeddable":true,"href":"https:\/\/gpl-love.com\/es\/wp-json\/wp\/v2\/product_brand?post=112215"},{"taxonomy":"product_cat","embeddable":true,"href":"https:\/\/gpl-love.com\/es\/wp-json\/wp\/v2\/product_cat?post=112215"},{"taxonomy":"product_tag","embeddable":true,"href":"https:\/\/gpl-love.com\/es\/wp-json\/wp\/v2\/product_tag?post=112215"}],"curies":[{"name":"wp","href":"https:\/\/api.w.org\/{rel}","templated":true}]}}