{"id":112211,"date":"2022-03-15T00:00:00","date_gmt":"2022-03-15T05:00:00","guid":{"rendered":"http:\/\/gpl-love.com\/es\/producto\/ultimate-member-friends-addon\/"},"modified":"2026-03-13T17:17:07","modified_gmt":"2026-03-13T22:17:07","slug":"ultimate-member-friends-addon","status":"publish","type":"product","link":"https:\/\/gpl-love.com\/es\/producto\/ultimate-member-friends-addon\/","title":{"rendered":"Brisk Multi-Purpose Elementor WordPress Theme 3.2.2"},"content":{"rendered":"<h3>Brisk Multi-Purpose Elementor WordPress Theme Caracteristicas<\/h3>\n<p>El r\u00e1pido tema de WordPress de WordPress de m\u00faltiples usos, con su versatilidad y dinamismo, demuestra ser una opci\u00f3n excepcional para una variedad diversa de sitios web. Ya sea que uno sea emprendedor, profesional independiente o agencia, este tema abarca todos los elementos necesarios para dise\u00f1ar un sitio web notable y profesional. A trav\u00e9s de la utilizaci\u00f3n de su constructor de p\u00e1ginas de arrastre y ca\u00edda de elementos, las personas tienen la oportunidad de personalizar sin esfuerzo dise\u00f1os, colores, fuentes y una variedad de otras facetas, lo que garantiza que su sitio web se alinee sin problemas con el estilo distintivo de su marca. Con una selecci\u00f3n de m\u00e1s de 80 plantillas predise\u00f1adas, los usuarios pueden generar p\u00e1ginas ampliamente adecuadas para un blog, cartera, tienda o cualquier otra clasificaci\u00f3n del sitio web. Adem\u00e1s, el r\u00e1pido tema de WordPress de WordPress multiprop\u00f3sito est\u00e1 h\u00e1bilmente optimizado para la velocidad, garantizando que el sitio se carga r\u00e1pida y eficientemente para la lectura de su audiencia. En conclusi\u00f3n, este tema demuestra ser una opci\u00f3n excepcional para cualquier persona que busque crear un sitio web visualmente cautivador y altamente funcional con una facilidad incomparable.<\/p>\n<ul>\n<li>Tema f\u00e1cil de usar y personalizable para el desarrollo del sitio web de WordPress<\/li>\n<li>Incluye m\u00e1s de 15 demostraciones predise\u00f1adas para varios nichos como negocios, agencia, cartera y comercio electr\u00f3nico<\/li>\n<li>Opciones de personalizaci\u00f3n avanzada con el constructor de p\u00e1ginas Elementor<\/li>\n<li>Compatible con complementos populares de WordPress como WooCommerce, Contact Form 7 y Yoast SEO<\/li>\n<li>Dise\u00f1o totalmente receptivo para una visualizaci\u00f3n perfecta en cualquier dispositivo<\/li>\n<li>Velocidad de carga r\u00e1pida para mejorar la experiencia del usuario y la clasificaci\u00f3n de SEO<\/li>\n<li>Incluye m\u00faltiples estilos de encabezado y pie de p\u00e1gina para una mayor flexibilidad de dise\u00f1o<\/li>\n<li>Integraci\u00f3n de redes sociales incorporadas con botones para compartir y seguir<\/li>\n<li>Documentaci\u00f3n s\u00f3lida y equipo de apoyo dedicado para cualquier problema o pregunta<\/li>\n<li>Actualizaciones regulares y correcciones de errores para garantizar un rendimiento y compatibilidad \u00f3ptimos con las actualizaciones de WordPress.<\/li>\n<\/ul>\n","protected":false},"excerpt":{"rendered":"<p>Latar el poder de la creatividad con el r\u00e1pido tema de WordPress de WordPress de m\u00faltiples usos. Este tema innovador y f\u00e1cil de usar es perfecto para cualquier tipo de sitio web, desde tiendas de comercio electr\u00f3nico hasta blogs personales, carteras y m\u00e1s. Con el robusto creador de p\u00e1ginas Elementor, puede personalizar f\u00e1cilmente su sitio web para que coincida con su estilo y preferencias \u00fanicas. El tema tambi\u00e9n viene con un dise\u00f1o receptivo, asegurando que su sitio se vea impresionante en todos los dispositivos. SEO amigable, ayuda a su sitio a clasificarse m\u00e1s en los resultados de b\u00fasqueda, aumentando su visibilidad y atrayendo a m\u00e1s visitantes. El r\u00e1pido tema de WordPress de WordPress multiprop\u00f3sito tambi\u00e9n ofrece una variedad de caracter\u00edsticas impresionantes, como encabezados y pies de p\u00e1gina personalizables, integraci\u00f3n de Google Fonts y compatibilidad de WooCommerce. No es solo un tema, es una soluci\u00f3n completa para construir una presencia exitosa en l\u00ednea. Eleve su sitio web con el r\u00e1pido tema de WordPress de WordPress de WordPress de m\u00faltiples usos.<\/p>\n","protected":false},"featured_media":165560,"comment_status":"open","ping_status":"open","template":"","meta":[],"product_brand":[2337],"product_cat":[1239,1237,1238],"product_tag":[1391],"class_list":{"0":"post-112211","1":"product","2":"type-product","3":"status-publish","4":"has-post-thumbnail","6":"product_brand-themeforest","7":"product_cat-de-multiples-fines","8":"product_cat-temas","9":"product_cat-wordpress-temas","10":"product_tag-themeforest","11":"member-discount","12":"discount-restricted","14":"first","15":"instock","16":"sale","17":"downloadable","18":"virtual","19":"sold-individually","20":"purchasable","21":"product-type-simple"},"_links":{"self":[{"href":"https:\/\/gpl-love.com\/es\/wp-json\/wp\/v2\/product\/112211","targetHints":{"allow":["GET"]}}],"collection":[{"href":"https:\/\/gpl-love.com\/es\/wp-json\/wp\/v2\/product"}],"about":[{"href":"https:\/\/gpl-love.com\/es\/wp-json\/wp\/v2\/types\/product"}],"replies":[{"embeddable":true,"href":"https:\/\/gpl-love.com\/es\/wp-json\/wp\/v2\/comments?post=112211"}],"wp:featuredmedia":[{"embeddable":true,"href":"https:\/\/gpl-love.com\/es\/wp-json\/wp\/v2\/media\/165560"}],"wp:attachment":[{"href":"https:\/\/gpl-love.com\/es\/wp-json\/wp\/v2\/media?parent=112211"}],"wp:term":[{"taxonomy":"product_brand","embeddable":true,"href":"https:\/\/gpl-love.com\/es\/wp-json\/wp\/v2\/product_brand?post=112211"},{"taxonomy":"product_cat","embeddable":true,"href":"https:\/\/gpl-love.com\/es\/wp-json\/wp\/v2\/product_cat?post=112211"},{"taxonomy":"product_tag","embeddable":true,"href":"https:\/\/gpl-love.com\/es\/wp-json\/wp\/v2\/product_tag?post=112211"}],"curies":[{"name":"wp","href":"https:\/\/api.w.org\/{rel}","templated":true}]}}