{"id":112207,"date":"2023-06-01T00:00:00","date_gmt":"2023-06-01T05:00:00","guid":{"rendered":"http:\/\/gpl-love.com\/es\/producto\/apollo-html-5-audio-player-for-wpbakery-page-builder\/"},"modified":"2026-03-09T07:18:16","modified_gmt":"2026-03-09T12:18:16","slug":"apollo-html-5-audio-player-for-wpbakery-page-builder","status":"publish","type":"product","link":"https:\/\/gpl-love.com\/es\/producto\/apollo-html-5-audio-player-for-wpbakery-page-builder\/","title":{"rendered":"Apollo HTML 5 Audio Player para WPBakery Page Builder 2.5"},"content":{"rendered":"<h3>Apollo HTML 5 Audio Player para WPBakery Page Builder Caracteristicas<\/h3>\n<p>El reproductor de audio Apollo HTML 5 para WPBakery Page Builder es un reproductor de audio incre\u00edblemente robusto y f\u00e1cil de usar que proporciona una forma perfecta y sin esfuerzo de incorporar archivos de audio en su sitio web. Su compatibilidad excepcional con WPBakery Page Builder permite la personalizaci\u00f3n sin esfuerzo, lo que le permite adaptar al jugador alinearse perfectamente con el dise\u00f1o y el dise\u00f1o \u00fanicos de su sitio web. Este notable reproductor de audio admite una amplia gama de formatos de archivos de audio, que abarca opciones populares como MP3, WAV y OGG, al tiempo que ofrece una variedad de caracter\u00edsticas avanzadas, incluida la capacidad de crear listas de reproducci\u00f3n, activar el modo de barraza y habilitar el modo de repetici\u00f3n. Adem\u00e1s, su dise\u00f1o notablemente adaptativo asegura que el reproductor de audio conserve su excelencia visual y su funcionalidad \u00f3ptima en todos los dispositivos, adapt\u00e1ndose sin esfuerzo a las dimensiones de la pantalla de escritorios, tabletas y tel\u00e9fonos m\u00f3viles. Dada su notable simplicidad en el uso y su gama enriquecida de funcionalidades, el reproductor de audio Apollo HTML 5 genuinamente surge como la soluci\u00f3n definitiva para incorporar a la perfecci\u00f3n elementos de audio en su sitio web.<\/p>\n<ul>\n<li>Se integra a la perfecci\u00f3n con WPBakery Page Builder para una f\u00e1cil personalizaci\u00f3n y ubicaci\u00f3n del reproductor de audio.<\/li>\n<li>El dise\u00f1o totalmente receptivo permite una visualizaci\u00f3n \u00f3ptima en cualquier dispositivo.<\/li>\n<li>Admite una amplia gama de formatos de archivo de audio, que incluyen MP3, WAV y OGG.<\/li>\n<li>Opciones avanzadas para personalizar los controles y la apariencia de los jugadores, incluidos los esquemas de color y los estilos de botones.<\/li>\n<li>La interfaz f\u00e1cil de usar hace que agregar contenido de audio a su sitio web sea muy f\u00e1cil.<\/li>\n<li>Utiliza la \u00faltima tecnolog\u00eda HTML 5 para reproducci\u00f3n de audio r\u00e1pida y confiable.<\/li>\n<li>Incluye documentaci\u00f3n integral y soporte para la resoluci\u00f3n de problemas y personalizaci\u00f3n.<\/li>\n<\/ul>\n","protected":false},"excerpt":{"rendered":"<p>Mejore las capacidades de audio de su sitio web con el reproductor de audio Apollo HTML 5 para WPBakery Page Builder. Este reproductor de audio rico en caracter\u00edsticas est\u00e1 dise\u00f1ado espec\u00edficamente para WPBAKERY, un constructor de p\u00e1ginas de WordPress l\u00edder, para permitir una integraci\u00f3n perfecta y una funcionalidad m\u00e1s alta. Con su tecnolog\u00eda HTML 5, el reproductor de audio Apollo garantiza una experiencia de audio suave y de alta calidad compatible en una variedad de dispositivos. Es personalizable, f\u00e1cil de usar y perfecto para cualquier persona que tenga como objetivo agregar un toque profesional a su sitio web. No permita que su audiencia se pierda un ritmo, ampl\u00ede su contenido de audio con el reproductor de audio Apollo HTML 5 para WPBakery Page Builder.<\/p>\n","protected":false},"featured_media":165380,"comment_status":"open","ping_status":"open","template":"","meta":[],"product_brand":[2339],"product_cat":[1214,1206,1211],"product_tag":[1256],"class_list":{"0":"post-112207","1":"product","2":"type-product","3":"status-publish","4":"has-post-thumbnail","6":"product_brand-codecanyon","7":"product_cat-personalizacion","8":"product_cat-plugins","9":"product_cat-wordpress-plugins","10":"product_tag-codecanyon","11":"member-discount","12":"discount-restricted","14":"first","15":"instock","16":"sale","17":"downloadable","18":"virtual","19":"sold-individually","20":"purchasable","21":"product-type-simple"},"_links":{"self":[{"href":"https:\/\/gpl-love.com\/es\/wp-json\/wp\/v2\/product\/112207","targetHints":{"allow":["GET"]}}],"collection":[{"href":"https:\/\/gpl-love.com\/es\/wp-json\/wp\/v2\/product"}],"about":[{"href":"https:\/\/gpl-love.com\/es\/wp-json\/wp\/v2\/types\/product"}],"replies":[{"embeddable":true,"href":"https:\/\/gpl-love.com\/es\/wp-json\/wp\/v2\/comments?post=112207"}],"wp:featuredmedia":[{"embeddable":true,"href":"https:\/\/gpl-love.com\/es\/wp-json\/wp\/v2\/media\/165380"}],"wp:attachment":[{"href":"https:\/\/gpl-love.com\/es\/wp-json\/wp\/v2\/media?parent=112207"}],"wp:term":[{"taxonomy":"product_brand","embeddable":true,"href":"https:\/\/gpl-love.com\/es\/wp-json\/wp\/v2\/product_brand?post=112207"},{"taxonomy":"product_cat","embeddable":true,"href":"https:\/\/gpl-love.com\/es\/wp-json\/wp\/v2\/product_cat?post=112207"},{"taxonomy":"product_tag","embeddable":true,"href":"https:\/\/gpl-love.com\/es\/wp-json\/wp\/v2\/product_tag?post=112207"}],"curies":[{"name":"wp","href":"https:\/\/api.w.org\/{rel}","templated":true}]}}