{"id":112201,"date":"2022-03-25T00:00:00","date_gmt":"2022-03-25T05:00:00","guid":{"rendered":"http:\/\/gpl-love.com\/es\/producto\/seocify-seo-and-digital-marketing-agency-wordpress-theme\/"},"modified":"2026-04-10T11:24:24","modified_gmt":"2026-04-10T16:24:24","slug":"seocify-seo-and-digital-marketing-agency-wordpress-theme","status":"publish","type":"product","link":"https:\/\/gpl-love.com\/es\/producto\/seocify-seo-and-digital-marketing-agency-wordpress-theme\/","title":{"rendered":"Seocify SEO And Digital Marketing Agency WordPress Theme 3.1"},"content":{"rendered":"<h3>Seocify SEO And Digital Marketing Agency WordPress Theme Caracteristicas<\/h3>\n<p>SEOCIFY SEO y la agencia de marketing digital WordPress Temo se destacan como un tema altamente avanzado y premium, dise\u00f1ado exclusivamente para agencias de marketing digital que se especializan en la optimizaci\u00f3n de motores de b\u00fasqueda (SEO) y una gran cantidad de otros servicios de marketing en l\u00ednea. Este notable tema ofrece flexibilidad inigualable, lo que le permite personalizarla de acuerdo con sus requisitos distintivos y su identidad de marca. Est\u00e1 repleto de una amplia gama de caracter\u00edsticas que ayudan sin esfuerzo a su agencia a mostrar efectivamente sus servicios, cartera y equipo excepcional. Al aprovechar el poder de SEOCIFY, puede dise\u00f1ar sin esfuerzo un sitio web sofisticado y pulido que no solo atraiga y retiene a los clientes, sino que tambi\u00e9n refuerza su visibilidad en l\u00ednea y impulsa la expansi\u00f3n de su pr\u00f3spera empresa. No importa si eres una startup naciente o una potencia de marketing bien establecida; SEOCIFY emerge como la elecci\u00f3n definitiva para todas sus necesidades de marketing digital.<\/p>\n<ul>\n<li>Dise\u00f1o personalizable y receptivo<\/li>\n<li>Dise\u00f1ado espec\u00edficamente para SEO y agencias de marketing digital<\/li>\n<li>Incluye funciones avanzadas de optimizaci\u00f3n de motores de b\u00fasqueda<\/li>\n<li>Viene con plantillas preconstruidas para p\u00e1ginas importantes como About Us, Contact and Services<\/li>\n<li>Compatible con constructores de p\u00e1ginas de arrastre y suelto populares para una f\u00e1cil personalizaci\u00f3n<\/li>\n<li>Incluye la secci\u00f3n de tablas de precios y testimonios incorporados para mostrar su trabajo<\/li>\n<li>Integrado con complementos populares como Yoast SEO, Contact Form 7 y WooCommerce<\/li>\n<li>Incluye m\u00faltiples estilos de encabezado y pie de p\u00e1gina para elegir<\/li>\n<li>Traducci\u00f3n lista e incluye m\u00faltiples archivos de idioma<\/li>\n<li>Actualizado regularmente con nuevas funciones y correcciones de errores<\/li>\n<li>Viene con documentaci\u00f3n detallada y excelente atenci\u00f3n al cliente.<\/li>\n<\/ul>\n","protected":false},"excerpt":{"rendered":"<p>El tema de WordPress de SEOCify SEO y Marketing Digital es un instrumento excepcionalmente potente para las empresas que se esfuerzan por mejorar la clasificaci\u00f3n de sus motores de b\u00fasqueda y su prominencia digital. Este tema ha sido dise\u00f1ado meticulosamente para atender exclusivamente a las agencias que proporcionan servicios de marketing digital y SEO, mostrando un dise\u00f1o innovador y sofisticado repleto de atributos personalizables para alinearse sin problemas con su marca. Equipados con herramientas de optimizaci\u00f3n de motores de b\u00fasqueda preinstaladas, los usuarios pueden ajustar su sitio web sin esfuerzo para lograr una visibilidad y descubrimiento \u00f3ptimas. Adem\u00e1s, las caracter\u00edsticas notables abarcan Google Analytics integrados, una multitud de opciones de encabezado y un dise\u00f1o receptivo que exuda magnificencia en todos los dispositivos. En virtud de SEOCIFY, su negocio puede eclipsar a sus competidores en el \u00e1mbito ferozmente competitivo del marketing digital.<\/p>\n","protected":false},"featured_media":167457,"comment_status":"open","ping_status":"open","template":"","meta":[],"product_brand":[2337],"product_cat":[1267,1237,1238],"product_tag":[1391],"class_list":{"0":"post-112201","1":"product","2":"type-product","3":"status-publish","4":"has-post-thumbnail","6":"product_brand-themeforest","7":"product_cat-creativo","8":"product_cat-temas","9":"product_cat-wordpress-temas","10":"product_tag-themeforest","11":"member-discount","12":"discount-restricted","14":"first","15":"instock","16":"sale","17":"downloadable","18":"virtual","19":"sold-individually","20":"purchasable","21":"product-type-simple"},"_links":{"self":[{"href":"https:\/\/gpl-love.com\/es\/wp-json\/wp\/v2\/product\/112201","targetHints":{"allow":["GET"]}}],"collection":[{"href":"https:\/\/gpl-love.com\/es\/wp-json\/wp\/v2\/product"}],"about":[{"href":"https:\/\/gpl-love.com\/es\/wp-json\/wp\/v2\/types\/product"}],"replies":[{"embeddable":true,"href":"https:\/\/gpl-love.com\/es\/wp-json\/wp\/v2\/comments?post=112201"}],"wp:featuredmedia":[{"embeddable":true,"href":"https:\/\/gpl-love.com\/es\/wp-json\/wp\/v2\/media\/167457"}],"wp:attachment":[{"href":"https:\/\/gpl-love.com\/es\/wp-json\/wp\/v2\/media?parent=112201"}],"wp:term":[{"taxonomy":"product_brand","embeddable":true,"href":"https:\/\/gpl-love.com\/es\/wp-json\/wp\/v2\/product_brand?post=112201"},{"taxonomy":"product_cat","embeddable":true,"href":"https:\/\/gpl-love.com\/es\/wp-json\/wp\/v2\/product_cat?post=112201"},{"taxonomy":"product_tag","embeddable":true,"href":"https:\/\/gpl-love.com\/es\/wp-json\/wp\/v2\/product_tag?post=112201"}],"curies":[{"name":"wp","href":"https:\/\/api.w.org\/{rel}","templated":true}]}}