{"id":112199,"date":"2022-04-05T00:00:00","date_gmt":"2022-04-05T05:00:00","guid":{"rendered":"http:\/\/gpl-love.com\/es\/producto\/stike-it-startups-wordpress-theme\/"},"modified":"2026-04-10T11:25:42","modified_gmt":"2026-04-10T16:25:42","slug":"stike-it-startups-wordpress-theme","status":"publish","type":"product","link":"https:\/\/gpl-love.com\/es\/producto\/stike-it-startups-wordpress-theme\/","title":{"rendered":"Stike IT Startups WordPress Theme 2.7"},"content":{"rendered":"<h3>Stike IT Startups WordPress Theme Caracteristicas<\/h3>\n<p>El tema de WordPress de STIKE IT es un tema innovador y sofisticado que ha sido dise\u00f1ado espec\u00edficamente para nuevas empresas y empresas orientadas a la tecnolog\u00eda. Este tema excepcional ofrece un dise\u00f1o altamente receptivo, asegurando una funcionalidad perfecta en una amplia gama de dispositivos. Adem\u00e1s, cuenta con una extensa gama de opciones de personalizaci\u00f3n, lo que le permite adaptarlo a la identidad y requisitos \u00fanicos de su negocio. Al proporcionar una variedad de p\u00e1ginas preconstruidas, abarcar componentes fundamentales como la secci\u00f3n Informativa \u00abAcerca de Estados Unidos\u00bb, una descripci\u00f3n general de los servicios y detalles de precios transparentes, este tema facilita sin esfuerzo la exhibici\u00f3n efectiva de su negocio, capturando efectivamente la atenci\u00f3n de los clientes potenciales . Adem\u00e1s, abarca una secci\u00f3n dedicada con fines de blogs, otorg\u00e1ndole la oportunidad de compartir su experiencia en la industria y cultivar una fuerte presencia de marca. Al emplear el tema de WordPress de STIKE IT, puede establecer una presencia en l\u00ednea formidable, distinguiendo efectivamente su negocio dentro de un panorama de mercado ferozmente competitivo.<\/p>\n<ul>\n<li>Dise\u00f1o moderno y elegante para empresas de startups y tecnolog\u00eda<\/li>\n<li>Dise\u00f1o de la p\u00e1gina de inicio personalizable con Guilder de la p\u00e1gina de arrastrar y soltar<\/li>\n<li>Plantillas predise\u00f1adas para cartera, equipo, testimonios y p\u00e1ginas de servicios<\/li>\n<li>Dise\u00f1o receptivo para una visualizaci\u00f3n \u00f3ptima en todos los dispositivos<\/li>\n<li>Integraci\u00f3n con complementos populares de WordPress como WooCommerce y el Formulario de contacto 7<\/li>\n<li>Panel de opciones de temas f\u00e1ciles de usar para una amplia personalizaci\u00f3n<\/li>\n<li>SEO optimizado para mejorar la clasificaci\u00f3n del motor de b\u00fasqueda<\/li>\n<li>Importar un solo clic de contenido de demostraci\u00f3n para que su sitio se ejecute r\u00e1pidamente<\/li>\n<li>Equipo de apoyo amigable y dedicado para su ayuda con cualquier problema o pregunta.<\/li>\n<\/ul>\n","protected":false},"excerpt":{"rendered":"<p>El tema de WordPress de STIKE IT se presenta como la soluci\u00f3n definitiva para las nuevas empresas que buscan establecer una presencia en l\u00ednea notable. Este tema de vanguardia y cautivador visualmente cuenta con una gran cantidad de caracter\u00edsticas modernas y controles f\u00e1ciles de usar, lo que lo hace manejable sin esfuerzo para personas de todos los niveles de experiencia t\u00e9cnica para construir un sitio web pulido y sofisticado en un corto per\u00edodo de tiempo. Gracias a su dise\u00f1o totalmente receptivo, los propietarios del sitio pueden estar seguros de que su contenido exudar\u00e1 a un atractivo visual \u00f3ptimo en todo tipo de dispositivos. Adem\u00e1s, el tema de WordPress de WordPress abarca una selecci\u00f3n de herramientas de marketing formidables, incluida la integraci\u00f3n de las redes sociales perfectas y la optimizaci\u00f3n integral de SEO, todo lo cual sirve para catapultar las nuevas empresas hacia su p\u00fablico objetivo deseado y facilitar el crecimiento exponencial de sus empresas brogeneras.<\/p>\n","protected":false},"featured_media":167566,"comment_status":"open","ping_status":"open","template":"","meta":[],"product_brand":[2337],"product_cat":[1307,1237,1238],"product_tag":[1391],"class_list":{"0":"post-112199","1":"product","2":"type-product","3":"status-publish","4":"has-post-thumbnail","6":"product_brand-themeforest","7":"product_cat-negocio-wordpress-temas","8":"product_cat-temas","9":"product_cat-wordpress-temas","10":"product_tag-themeforest","11":"member-discount","12":"discount-restricted","14":"first","15":"instock","16":"sale","17":"downloadable","18":"virtual","19":"sold-individually","20":"purchasable","21":"product-type-simple"},"_links":{"self":[{"href":"https:\/\/gpl-love.com\/es\/wp-json\/wp\/v2\/product\/112199","targetHints":{"allow":["GET"]}}],"collection":[{"href":"https:\/\/gpl-love.com\/es\/wp-json\/wp\/v2\/product"}],"about":[{"href":"https:\/\/gpl-love.com\/es\/wp-json\/wp\/v2\/types\/product"}],"replies":[{"embeddable":true,"href":"https:\/\/gpl-love.com\/es\/wp-json\/wp\/v2\/comments?post=112199"}],"wp:featuredmedia":[{"embeddable":true,"href":"https:\/\/gpl-love.com\/es\/wp-json\/wp\/v2\/media\/167566"}],"wp:attachment":[{"href":"https:\/\/gpl-love.com\/es\/wp-json\/wp\/v2\/media?parent=112199"}],"wp:term":[{"taxonomy":"product_brand","embeddable":true,"href":"https:\/\/gpl-love.com\/es\/wp-json\/wp\/v2\/product_brand?post=112199"},{"taxonomy":"product_cat","embeddable":true,"href":"https:\/\/gpl-love.com\/es\/wp-json\/wp\/v2\/product_cat?post=112199"},{"taxonomy":"product_tag","embeddable":true,"href":"https:\/\/gpl-love.com\/es\/wp-json\/wp\/v2\/product_tag?post=112199"}],"curies":[{"name":"wp","href":"https:\/\/api.w.org\/{rel}","templated":true}]}}