{"id":112197,"date":"2026-04-08T00:00:00","date_gmt":"2026-04-08T05:00:00","guid":{"rendered":"http:\/\/gpl-love.com\/es\/producto\/fundrize-responsive-donation-and-charity-wordpress-theme\/"},"modified":"2026-04-08T11:15:27","modified_gmt":"2026-04-08T16:15:27","slug":"fundrize-responsive-donation-and-charity-wordpress-theme","status":"publish","type":"product","link":"https:\/\/gpl-love.com\/es\/producto\/fundrize-responsive-donation-and-charity-wordpress-theme\/","title":{"rendered":"Fundrize Responsive Donation y Charity WordPress Theme 1.41"},"content":{"rendered":"<h3>Fundrize Responsive Donation y Charity WordPress Theme Caracteristicas<\/h3>\n<p>La donaci\u00f3n receptiva de fondos y el tema de la caridad de WordPress son una herramienta incre\u00edblemente robusta y vers\u00e1til, espec\u00edficamente adaptada para satisfacer las necesidades y objetivos de las organizaciones caritativas y sin fines de lucro. Su dise\u00f1o altamente adaptativo y receptivo garantiza que su sitio web mantenga su apariencia y funcionalidad impecables en una mir\u00edada de dispositivos, que van desde escritorios expansivos hasta tel\u00e9fonos inteligentes compactos. Adem\u00e1s, FundDrize tambi\u00e9n cuenta con un sistema de donaci\u00f3n notablemente potente y eficiente, facilitando contribuciones sin problemas y sin problemas de donantes generosos que desean apoyar su noble causa. El tema abarca adem\u00e1s una funci\u00f3n de personalizaci\u00f3n f\u00e1cil de usar, otorgando a los usuarios acceso a una amplia gama de dise\u00f1os prefabricados y opciones de dise\u00f1o, lo que les permite curar una presencia en l\u00ednea excepcionalmente profesional y totalmente distintiva para sus respectivos esfuerzos caritativos. En esencia, el tema de fondos representa un activo indispensable para cualquier organizaci\u00f3n sin fines de lucro que busque fervientemente reforzar su visibilidad en l\u00ednea y aumentar sus esfuerzos de recaudaci\u00f3n de fondos.<\/p>\n<ul>\n<li>Tema de donaci\u00f3n y caridad de donaci\u00f3n y caridad altamente receptiva<\/li>\n<li>Permite la f\u00e1cil creaci\u00f3n de impresionantes sitios web de caridad sin conocimiento de codificaci\u00f3n requerido<\/li>\n<li>M\u00faltiples variaciones de la p\u00e1gina de inicio y dise\u00f1os de demostraci\u00f3n para elegir<\/li>\n<li>Construido con bootstrap 4 y dise\u00f1o optimizado para dispositivos m\u00f3viles para una experiencia de usuario perfecta<\/li>\n<li>Admite complementos de donaci\u00f3n populares como GiveWP, WP Charitable y m\u00e1s<\/li>\n<li>Viene con potente constructor de p\u00e1ginas de arrastrar y soltar para una f\u00e1cil personalizaci\u00f3n<\/li>\n<li>Integrado con plataformas de redes sociales populares para compartir f\u00e1cilmente y recaudar fondos<\/li>\n<li>Dise\u00f1o moderno e interfaz intuitiva para involucrar a los donantes y recaudar m\u00e1s fondos<\/li>\n<li>Ofrece m\u00faltiples opciones de pasarela de pago para un procesamiento de donaci\u00f3n sin problemas<\/li>\n<li>Soporte dedicado y actualizaciones peri\u00f3dicas para garantizar un funcionamiento sin problemas del sitio web.<\/li>\n<\/ul>\n","protected":false},"excerpt":{"rendered":"<p>FundDrize es un tema ejemplar de WordPress que ha sido meticulosamente elaborado para atender espec\u00edficamente a las necesidades de los sitios web de donaci\u00f3n y caridad. Este tema cuenta con una variedad de caracter\u00edsticas impresionantes, incluida la provisi\u00f3n de formularios de donaci\u00f3n personalizables, capacidades de gesti\u00f3n de eventos y opciones de acciones sociales. Estas facetas funcionan de manera coherente para impulsar la visibilidad de su sitio web y ampliar su alcance dentro de la esfera digital. Adem\u00e1s, la interfaz f\u00e1cil de usar de este tema garantiza la navegaci\u00f3n sin esfuerzo, mientras que su naturaleza totalmente personalizable permite una integraci\u00f3n perfecta con el estilo distintivo de su marca. Adem\u00e1s, FundDrize incorpora un s\u00f3lido sistema de gesti\u00f3n de donaciones que rastrea y monitorea diligentemente sus contribuciones, mientras facilita la gesti\u00f3n eficiente de sus estimados donantes. Al aprovechar el potencial de este tema excepcional, est\u00e1 facultado para elaborar un sitio web que exuda profesionalismo y cautivar a sus preciados visitantes, lo que los obliga a contribuir de manera proactiva a su noble causa.<\/p>\n","protected":false},"featured_media":166171,"comment_status":"open","ping_status":"open","template":"","meta":[],"product_brand":[2337],"product_cat":[1239,1237,1238],"product_tag":[1391],"class_list":{"0":"post-112197","1":"product","2":"type-product","3":"status-publish","4":"has-post-thumbnail","6":"product_brand-themeforest","7":"product_cat-de-multiples-fines","8":"product_cat-temas","9":"product_cat-wordpress-temas","10":"product_tag-themeforest","11":"member-discount","12":"discount-restricted","14":"first","15":"instock","16":"sale","17":"downloadable","18":"virtual","19":"sold-individually","20":"purchasable","21":"product-type-simple"},"_links":{"self":[{"href":"https:\/\/gpl-love.com\/es\/wp-json\/wp\/v2\/product\/112197","targetHints":{"allow":["GET"]}}],"collection":[{"href":"https:\/\/gpl-love.com\/es\/wp-json\/wp\/v2\/product"}],"about":[{"href":"https:\/\/gpl-love.com\/es\/wp-json\/wp\/v2\/types\/product"}],"replies":[{"embeddable":true,"href":"https:\/\/gpl-love.com\/es\/wp-json\/wp\/v2\/comments?post=112197"}],"wp:featuredmedia":[{"embeddable":true,"href":"https:\/\/gpl-love.com\/es\/wp-json\/wp\/v2\/media\/166171"}],"wp:attachment":[{"href":"https:\/\/gpl-love.com\/es\/wp-json\/wp\/v2\/media?parent=112197"}],"wp:term":[{"taxonomy":"product_brand","embeddable":true,"href":"https:\/\/gpl-love.com\/es\/wp-json\/wp\/v2\/product_brand?post=112197"},{"taxonomy":"product_cat","embeddable":true,"href":"https:\/\/gpl-love.com\/es\/wp-json\/wp\/v2\/product_cat?post=112197"},{"taxonomy":"product_tag","embeddable":true,"href":"https:\/\/gpl-love.com\/es\/wp-json\/wp\/v2\/product_tag?post=112197"}],"curies":[{"name":"wp","href":"https:\/\/api.w.org\/{rel}","templated":true}]}}