{"id":112186,"date":"2024-02-05T00:00:00","date_gmt":"2024-02-05T05:00:00","guid":{"rendered":"http:\/\/gpl-love.com\/es\/producto\/airi-clean-minimal-woocommerce-theme\/"},"modified":"2026-03-13T17:15:31","modified_gmt":"2026-03-13T22:15:31","slug":"airi-clean-minimal-woocommerce-theme","status":"publish","type":"product","link":"https:\/\/gpl-love.com\/es\/producto\/airi-clean-minimal-woocommerce-theme\/","title":{"rendered":"Airi Clean Minimal WooCommerce Theme 1.6.0"},"content":{"rendered":"<h3>Airi Clean Minimal WooCommerce Theme Caracteristicas<\/h3>\n<p>El tema de WooCommerce m\u00ednimo de Airi Clean, un tema premium de WordPress, ofrece una excelente soluci\u00f3n para las personas que buscan establecer tiendas profesionales en l\u00ednea. Este tema cuenta con un dise\u00f1o limpio y minimalista, priorizando la presentaci\u00f3n \u00f3ptima de sus productos. Adem\u00e1s, proporciona a los usuarios una p\u00e1gina de inicio personalizable, otorgando la libertad para construir un dise\u00f1o distinto a trav\u00e9s de la utilizaci\u00f3n de widgets de arrastre y ca\u00edda. En particular, el tema de WooCommerce m\u00ednimo de Airi Clean es totalmente compatible con WooCommerce, el reconocido complemento de comercio electr\u00f3nico para WordPress. En consecuencia, la gesti\u00f3n de sus productos, pedidos y pagos se convierte en un esfuerzo sin esfuerzo. Adem\u00e1s, este tema cuenta con varias otras caracter\u00edsticas notables, como un dise\u00f1o receptivo, optimizaci\u00f3n de SEO, integraci\u00f3n de redes sociales y un poderoso panel de opciones de temas. Independientemente de si su objetivo es vender productos f\u00edsicos o digitales, el tema de WooCommerce m\u00ednimo de Airi Clean sigue siendo una opci\u00f3n excepcional para construir un sitio web de comercio electr\u00f3nico consumado.<\/p>\n<ul>\n<li>Dise\u00f1o moderno y elegante<\/li>\n<li>Totalmente receptivo y amigable para m\u00f3viles<\/li>\n<li>Construido espec\u00edficamente para las tiendas de WooCommerce<\/li>\n<li>Incluye m\u00faltiples opciones de p\u00e1gina de inicio y dise\u00f1o<\/li>\n<li>Constructor de p\u00e1gina de arrastrar y soltar f\u00e1ciles de usar<\/li>\n<li>Dise\u00f1os personalizables de encabezado y pie de p\u00e1gina<\/li>\n<li>SEO optimizado para una mejor clasificaci\u00f3n de motores de b\u00fasqueda<\/li>\n<li>Velocidades de carga r\u00e1pida para una mejor experiencia de usuario<\/li>\n<li>Viene con complementos premium como Slider Revolution y Wpbakery Page Builder<\/li>\n<li>Admite caracter\u00edsticas de varios idiomas y multi-monedas<\/li>\n<li>Documentaci\u00f3n integral y equipo de apoyo dedicado.<\/li>\n<\/ul>\n","protected":false},"excerpt":{"rendered":"<p>Abrace la elegancia de la simplicidad con el tema de WooCommerce m\u00ednimo de Airi Clean. Este tema es perfecto para aquellos que valoran una est\u00e9tica elegante y moderna para su tienda en l\u00ednea. La compatibilidad de WooCommerce garantiza una experiencia de compra sin problemas para sus clientes, mientras que el dise\u00f1o minimalista muestra sus productos de una manera atractiva. El tema Airi tambi\u00e9n est\u00e1 limpio, lo que significa que est\u00e1 libre de desorden y elementos innecesarios, lo que permite a sus clientes concentrarse en lo que realmente importa: sus productos. Otras caracter\u00edsticas clave incluyen personalizaci\u00f3n f\u00e1cil, dise\u00f1o receptivo y actualizaciones regulares. Experimente la simplicidad y eficiencia del tema de WooCommerce m\u00ednimo Airi Clean hoy.<\/p>\n","protected":false},"featured_media":165337,"comment_status":"open","ping_status":"open","template":"","meta":[],"product_brand":[2337],"product_cat":[1263,1264,1237],"product_tag":[1391],"class_list":{"0":"post-112186","1":"product","2":"type-product","3":"status-publish","4":"has-post-thumbnail","6":"product_brand-themeforest","7":"product_cat-comercio-electronico-temas","8":"product_cat-negocio","9":"product_cat-temas","10":"product_tag-themeforest","11":"member-discount","12":"discount-restricted","14":"first","15":"instock","16":"sale","17":"downloadable","18":"virtual","19":"sold-individually","20":"purchasable","21":"product-type-simple"},"_links":{"self":[{"href":"https:\/\/gpl-love.com\/es\/wp-json\/wp\/v2\/product\/112186","targetHints":{"allow":["GET"]}}],"collection":[{"href":"https:\/\/gpl-love.com\/es\/wp-json\/wp\/v2\/product"}],"about":[{"href":"https:\/\/gpl-love.com\/es\/wp-json\/wp\/v2\/types\/product"}],"replies":[{"embeddable":true,"href":"https:\/\/gpl-love.com\/es\/wp-json\/wp\/v2\/comments?post=112186"}],"wp:featuredmedia":[{"embeddable":true,"href":"https:\/\/gpl-love.com\/es\/wp-json\/wp\/v2\/media\/165337"}],"wp:attachment":[{"href":"https:\/\/gpl-love.com\/es\/wp-json\/wp\/v2\/media?parent=112186"}],"wp:term":[{"taxonomy":"product_brand","embeddable":true,"href":"https:\/\/gpl-love.com\/es\/wp-json\/wp\/v2\/product_brand?post=112186"},{"taxonomy":"product_cat","embeddable":true,"href":"https:\/\/gpl-love.com\/es\/wp-json\/wp\/v2\/product_cat?post=112186"},{"taxonomy":"product_tag","embeddable":true,"href":"https:\/\/gpl-love.com\/es\/wp-json\/wp\/v2\/product_tag?post=112186"}],"curies":[{"name":"wp","href":"https:\/\/api.w.org\/{rel}","templated":true}]}}