{"id":112182,"date":"2025-11-25T00:00:00","date_gmt":"2025-11-25T05:00:00","guid":{"rendered":"http:\/\/gpl-love.com\/es\/producto\/pinterest-for-woocommerce\/"},"modified":"2026-03-09T08:01:07","modified_gmt":"2026-03-09T13:01:07","slug":"pinterest-for-woocommerce","status":"publish","type":"product","link":"https:\/\/gpl-love.com\/es\/producto\/pinterest-for-woocommerce\/","title":{"rendered":"Pinterest para WooCommerce 1.4.23"},"content":{"rendered":"<h3>Pinterest para WooCommerce Caracteristicas<\/h3>\n<p>Pinterest para WooCommerce es un complemento innovador y de vanguardia que se ha dise\u00f1ado meticulosamente con el objetivo principal de ayudar a las empresas a promocionar efectivamente sus productos y, en \u00faltima instancia, aumentar las ventas. Esta herramienta altamente influyente y robusta facilita sin problemas la integraci\u00f3n de su tienda WooCommerce con la plataforma Pinterest inmensamente popular y ampliamente utilizada, lo que le presenta una oportunidad invaluable para presentar y exhibir su amplia gama de productos a una audiencia significativamente m\u00e1s amplia y m\u00e1s expansiva.<\/p>\n<p>A trav\u00e9s de la utilizaci\u00f3n de Pinterest para WooCommerce, tiene la capacidad de crear alfileres, tablas y colecciones muy atractivos y muy atractivos, todos completamente dedicados a mostrar sus productos de la manera m\u00e1s atractiva y est\u00e9ticamente agradable y est\u00e9ticamente agradable. Adem\u00e1s, este complemento excepcional ofrece una variedad de an\u00e1lisis de an\u00e1lisis e informes avanzados y de \u00faltima generaci\u00f3n que efectivamente le permiten comprender y comprender realmente el profundo impacto que su actividad de Pinterest tiene en su negocio, lo que posteriormente le permite optimizar y optimizar y optimizar Atrae su estrategia general con el objetivo final de lograr un m\u00e1ximo retorno de la inversi\u00f3n (ROI).<\/p>\n<p>Independientemente de si usted es una peque\u00f1a empresa aspirante y floreciente o una empresa establecida y prominente, est\u00e1 inequ\u00edvocamente claro que Pinterest para WooCommerce es una herramienta indispensablemente vital y crucial que es absolutamente imperativo para cualquier minorista en l\u00ednea que busque fervientemente expandirse y exponencialmente hacer crecer su negocio su negocio mientras simult\u00e1neamente alcanza y cautivan una base de clientes completamente nueva y sin explotar.<\/p>\n<ul>\n<li>Integre perfectamente su tienda WooCommerce con Pinterest<\/li>\n<li>Crea autom\u00e1ticamente pines de producto de tus productos WooCommerce<\/li>\n<li>le permite administrar todos sus alfileres de productos desde su tablero WooCommerce<\/li>\n<li>rastrea el rendimiento de los pasadores de su producto a trav\u00e9s de Analytics<\/li>\n<li>Mejora su estrategia de marketing de comercio electr\u00f3nico aumentando su presencia de Pinterest<\/li>\n<li>le ahorra tiempo eliminando la necesidad de crear pines de pinterest manualmente<\/li>\n<li>aumenta la visibilidad y la capacidad de descubrimiento de sus productos en Pinterest<\/li>\n<li>Ayuda a conducir m\u00e1s tr\u00e1fico y ventas a su tienda WooCommerce<\/li>\n<\/ul>\n","protected":false},"excerpt":{"rendered":"<p>Introducci\u00f3n de entrada: Pinterest para WooCommerce, una herramienta excepcionalmente robusta que sincroniza a la perfecci\u00f3n su tienda WooCommerce con Pinterest, facilitando as\u00ed la importaci\u00f3n sin esfuerzo de sus productos en la plataforma y la creaci\u00f3n posterior de los alfileres de productos visualmente cautivadores dentro de un per\u00edodo notablemente corto. La entrada tambi\u00e9n cuenta con la notable capacidad para permitirle programar eficientemente la difusi\u00f3n de sus pines en los momentos m\u00e1s oportunos, monitorear y evaluar meticulosamente su rendimiento general e implementar t\u00e9cnicas de optimizaci\u00f3n estrat\u00e9gica para mejorar la visibilidad de sus productos. En consecuencia, esta ingeniosa aplicaci\u00f3n optimiza efectivamente el proceso de conectarse y cautivar a su p\u00fablico objetivo en Pinterest, reforzando significativamente sus cifras de ventas. No pierda tiempo y se embarque en su viaje hacia un \u00e9xito sin precedentes al adoptar la entrada: \u00a1Pinterest para WooCommerce hoy!<\/p>\n","protected":false},"featured_media":167221,"comment_status":"open","ping_status":"open","template":"","meta":[],"product_brand":[2344],"product_cat":[1207,1206,1431],"product_tag":[1423],"class_list":{"0":"post-112182","1":"product","2":"type-product","3":"status-publish","4":"has-post-thumbnail","6":"product_brand-woocommerce","7":"product_cat-comercio-electronico-plugins","8":"product_cat-plugins","9":"product_cat-social-comercio-electronico-plugins","10":"product_tag-woocommerce","11":"member-discount","12":"discount-restricted","14":"first","15":"instock","16":"sale","17":"downloadable","18":"virtual","19":"sold-individually","20":"purchasable","21":"product-type-simple"},"_links":{"self":[{"href":"https:\/\/gpl-love.com\/es\/wp-json\/wp\/v2\/product\/112182","targetHints":{"allow":["GET"]}}],"collection":[{"href":"https:\/\/gpl-love.com\/es\/wp-json\/wp\/v2\/product"}],"about":[{"href":"https:\/\/gpl-love.com\/es\/wp-json\/wp\/v2\/types\/product"}],"replies":[{"embeddable":true,"href":"https:\/\/gpl-love.com\/es\/wp-json\/wp\/v2\/comments?post=112182"}],"wp:featuredmedia":[{"embeddable":true,"href":"https:\/\/gpl-love.com\/es\/wp-json\/wp\/v2\/media\/167221"}],"wp:attachment":[{"href":"https:\/\/gpl-love.com\/es\/wp-json\/wp\/v2\/media?parent=112182"}],"wp:term":[{"taxonomy":"product_brand","embeddable":true,"href":"https:\/\/gpl-love.com\/es\/wp-json\/wp\/v2\/product_brand?post=112182"},{"taxonomy":"product_cat","embeddable":true,"href":"https:\/\/gpl-love.com\/es\/wp-json\/wp\/v2\/product_cat?post=112182"},{"taxonomy":"product_tag","embeddable":true,"href":"https:\/\/gpl-love.com\/es\/wp-json\/wp\/v2\/product_tag?post=112182"}],"curies":[{"name":"wp","href":"https:\/\/api.w.org\/{rel}","templated":true}]}}