{"id":112180,"date":"2021-04-04T00:00:00","date_gmt":"2021-04-04T05:00:00","guid":{"rendered":"http:\/\/gpl-love.com\/es\/producto\/apex-notification-bar-notification-bar-plugin-for-wordpress\/"},"modified":"2026-03-09T07:18:15","modified_gmt":"2026-03-09T12:18:15","slug":"apex-notification-bar-notification-bar-plugin-for-wordpress","status":"publish","type":"product","link":"https:\/\/gpl-love.com\/es\/producto\/apex-notification-bar-notification-bar-plugin-for-wordpress\/","title":{"rendered":"Apex Notification Bar Notification Bar Plugin For WordPress 2.1.8"},"content":{"rendered":"<h3>Apex Notification Bar Notification Bar Plugin For WordPress Caracteristicas<\/h3>\n<p>El complemento de barra de notificaci\u00f3n de la barra de notificaci\u00f3n Apex para WordPress es una herramienta incre\u00edblemente poderosa que ha sido dise\u00f1ada espec\u00edficamente para ayudar a los propietarios de sitios web en la creaci\u00f3n y personalizaci\u00f3n de las barras de notificaci\u00f3n que se pueden mostrar sin problemas en su sitio de WordPress. Al utilizar este complemento excepcional, a los usuarios se les otorga la capacidad de incorporar sin esfuerzo barras de notificaci\u00f3n en su sitio, lo que les permite transmitir mensajes o actualizaciones cruciales de manera efectiva a sus valiosos visitantes. Adem\u00e1s, este complemento facilita la oportunidad de respaldar y mostrar efectivamente varios productos, servicios y ofertas exclusivas. Para amplificar a\u00fan m\u00e1s su utilidad, el complemento proporciona una amplia gama de opciones de personalizaci\u00f3n, dotando as\u00ed a los usuarios la libertad de seleccionar entre una amplia gama de estilos de barra, colores, fuentes y animaciones. Adem\u00e1s, los usuarios tambi\u00e9n est\u00e1n facultados para integrar logotipos, im\u00e1genes y enlaces personalizados en sus barras de notificaci\u00f3n. Con una interfaz de usuario intuitiva, el complemento es incre\u00edblemente f\u00e1cil de usar y se puede instalar y activarse r\u00e1pidamente con solo unos pocos clics simples, lo que le convierte en la soluci\u00f3n perfecta para las personas que buscan elevar la experiencia general del usuario de su sitio de WordPress a trav\u00e9s de la integraci\u00f3n de un barra de notificaci\u00f3n.<\/p>\n<ul>\n<li>F\u00e1cil instalaci\u00f3n y configuraci\u00f3n para sitios web de WordPress<\/li>\n<li>Opciones de dise\u00f1o personalizables que incluyen color, fuente y colocaci\u00f3n<\/li>\n<li>Capacidad para crear m\u00faltiples barras de notificaci\u00f3n con diferentes mensajes o promociones<\/li>\n<li>Se integra con los populares servicios de marketing por correo electr\u00f3nico para la generaci\u00f3n de leads<\/li>\n<li>Dise\u00f1o receptivo para dispositivos m\u00f3viles y de escritorio<\/li>\n<li>Funci\u00f3n de prueba A\/B para optimizar las tarifas de compromiso y clics<\/li>\n<li>Opciones para programar notificaciones o establecer fechas de vencimiento<\/li>\n<li>Compatibilidad con temas y complementos populares de WordPress<\/li>\n<li>Seguimiento robusto y an\u00e1lisis para medir el rendimiento y el ROI<\/li>\n<li>Actualizaciones regulares y atenci\u00f3n al cliente proporcionadas por el equipo de Apex<\/li>\n<\/ul>\n","protected":false},"excerpt":{"rendered":"<p>Experimente una soluci\u00f3n de notificaci\u00f3n avanzada y f\u00e1cil de usar con el complemento de barra de notificaci\u00f3n APEX para WordPress. Este complemento rico en caracter\u00edsticas le permite crear, personalizar y administrar m\u00faltiples barras de notificaci\u00f3n sin ning\u00fan conocimiento de codificaci\u00f3n. La barra de notificaciones de Apex ofrece una variedad de dise\u00f1os y plantillas para mejorar el atractivo est\u00e9tico de su sitio web al tiempo que garantiza que sus mensajes se destaquen. Ya sea que desee mostrar ofertas promocionales, alertas o noticias importantes, puede hacerlo f\u00e1cilmente con este complemento de WordPress.<\/p>\n<p>Las caracter\u00edsticas clave incluyen un n\u00famero ilimitado de barras de notificaci\u00f3n receptivas, temporizador de cuenta regresiva, configuraci\u00f3n de fecha, iconos sociales y m\u00e1s. El complemento tambi\u00e9n es compatible con WPbakery Page Builder, asegurando una integraci\u00f3n perfecta para una experiencia de usuario mejorada. La barra de notificaciones de Apex es una herramienta excepcional para aumentar la participaci\u00f3n de los visitantes, mejorar la comunicaci\u00f3n y aumentar el rendimiento de su sitio web. D\u00e9 a su sitio web la ventaja que necesita con el complemento de barra de notificaci\u00f3n Apex para WordPress.<\/p>\n","protected":false},"featured_media":165379,"comment_status":"open","ping_status":"open","template":"","meta":[],"product_brand":[2339],"product_cat":[1232,1206,1211],"product_tag":[1256],"class_list":{"0":"post-112180","1":"product","2":"type-product","3":"status-publish","4":"has-post-thumbnail","6":"product_brand-codecanyon","7":"product_cat-marketing-wordpress-plugins","8":"product_cat-plugins","9":"product_cat-wordpress-plugins","10":"product_tag-codecanyon","11":"member-discount","12":"discount-restricted","14":"first","15":"instock","16":"sale","17":"downloadable","18":"virtual","19":"sold-individually","20":"purchasable","21":"product-type-simple"},"_links":{"self":[{"href":"https:\/\/gpl-love.com\/es\/wp-json\/wp\/v2\/product\/112180","targetHints":{"allow":["GET"]}}],"collection":[{"href":"https:\/\/gpl-love.com\/es\/wp-json\/wp\/v2\/product"}],"about":[{"href":"https:\/\/gpl-love.com\/es\/wp-json\/wp\/v2\/types\/product"}],"replies":[{"embeddable":true,"href":"https:\/\/gpl-love.com\/es\/wp-json\/wp\/v2\/comments?post=112180"}],"wp:featuredmedia":[{"embeddable":true,"href":"https:\/\/gpl-love.com\/es\/wp-json\/wp\/v2\/media\/165379"}],"wp:attachment":[{"href":"https:\/\/gpl-love.com\/es\/wp-json\/wp\/v2\/media?parent=112180"}],"wp:term":[{"taxonomy":"product_brand","embeddable":true,"href":"https:\/\/gpl-love.com\/es\/wp-json\/wp\/v2\/product_brand?post=112180"},{"taxonomy":"product_cat","embeddable":true,"href":"https:\/\/gpl-love.com\/es\/wp-json\/wp\/v2\/product_cat?post=112180"},{"taxonomy":"product_tag","embeddable":true,"href":"https:\/\/gpl-love.com\/es\/wp-json\/wp\/v2\/product_tag?post=112180"}],"curies":[{"name":"wp","href":"https:\/\/api.w.org\/{rel}","templated":true}]}}