{"id":112178,"date":"2022-02-17T00:00:00","date_gmt":"2022-02-17T05:00:00","guid":{"rendered":"http:\/\/gpl-love.com\/es\/producto\/master-addons-for-elementor-pro\/"},"modified":"2026-03-09T07:48:52","modified_gmt":"2026-03-09T12:48:52","slug":"master-addons-for-elementor-pro","status":"publish","type":"product","link":"https:\/\/gpl-love.com\/es\/producto\/master-addons-for-elementor-pro\/","title":{"rendered":"Master Addons para Elementor Pro 1.7.4"},"content":{"rendered":"<h3>Master Addons para Elementor Pro Caracteristicas<\/h3>\n<p>Master Addons para Elementor Pro es un complemento notablemente poderoso que ofrece una amplia gama de widgets innovadores y din\u00e1micos para su constructor de p\u00e1ginas Elementer, aumentando significativamente la funcionalidad y el dise\u00f1o de su sitio web. Al incorporar elementos avanzados que no est\u00e1n f\u00e1cilmente disponibles en Elementor por s\u00ed solo, este complemento le permite llevar su sitio web al siguiente nivel. La amplia gama de widgets a su disposici\u00f3n incluye encabezados avanzados, comparaciones de im\u00e1genes, pesta\u00f1as de contenido, tipograf\u00eda y muchos otros, todos los cuales son f\u00e1ciles de usar y altamente personalizables, lo que le permite adaptar su sitio web para cumplir con sus requisitos espec\u00edficos. Ya sea que se est\u00e9 embarcando en la creaci\u00f3n de un sitio web nuevo o tratando de mejorar uno existente, los complementos maestros para Elementor Pro sirven como una herramienta invaluable que le permitir\u00e1 crear un sitio web visualmente impresionante y profesionalmente pulido que se distinguir\u00e1 sin esfuerzo de s\u00ed mismo de la competencia.<\/p>\n<ul>\n<li>Master Addons para Elementor Pro es un poderoso conjunto de widgets y plantillas de elementos que mejoran las capacidades de dise\u00f1o de su sitio web.<\/li>\n<li>Con complementos maestros, tendr\u00e1 acceso a m\u00e1s de 70 widgets \u00fanicos, incluidos iconos avanzados, contenido din\u00e1mico, optimizaci\u00f3n de im\u00e1genes y mucho m\u00e1s.<\/li>\n<li>Estos widgets le permiten crear tipos de publicaciones personalizados, titulares animados y pancartas llamativas, todos con un control m\u00e1s f\u00e1cil usando Elementor Pro.<\/li>\n<li>La Biblioteca de Plantillas ofrece opciones de dise\u00f1o \u00fanicas y personalizables para su cartera, escaparate de productos y tienda en l\u00ednea.<\/li>\n<li>Las opciones de dise\u00f1o elegantes y receptivas en Master Addons est\u00e1n garantizadas para proporcionar a los visitantes de su sitio web una experiencia de usuario atractiva en cualquier dispositivo.<\/li>\n<li>Adem\u00e1s, el complemento tiene un bajo uso de recursos, por lo que no debe preocuparse por la velocidad del tiempo de carga de su sitio web.<\/li>\n<li>Adem\u00e1s, la interfaz f\u00e1cil de usar y la documentaci\u00f3n integral del complemento facilitan la creaci\u00f3n de sitios web hermosos y funcionales.<\/li>\n<\/ul>\n","protected":false},"excerpt":{"rendered":"<p>Master Addons para Elementor Pro proporciona una soluci\u00f3n integral y abarrotable para los usuarios de Elementor que aspiran a dise\u00f1ar p\u00e1ginas web sofisticadas e imaginativas sin esfuerzo en solo minutos. Esta herramienta notablemente potente cuenta con una variedad de widgets y extensiones distintivas que tienen la capacidad de aumentar y amplificar las funcionalidades de su editor de Elemoror Pro. Con sus opciones de estilo altamente avanzadas y controles de personalizaci\u00f3n finamente ajustados, las posibilidades de crear dise\u00f1os impresionantes son infinitas. Adem\u00e1s, la inclusi\u00f3n de animaciones y efectos de transici\u00f3n permite una experiencia de usuario visualmente cautivadora y din\u00e1mica, al tiempo que optimiza sus p\u00e1ginas web para un rendimiento \u00f3ptimo. Independientemente de si posee una comprensi\u00f3n rudimentaria o posee un dominio avanzado en el \u00e1mbito del dise\u00f1o web, los complementos maestros elevan y mejora su experiencia de elemento a alturas sin precedentes.<\/p>\n","protected":false},"featured_media":166701,"comment_status":"open","ping_status":"open","template":"","meta":[],"product_brand":[2492],"product_cat":[1214,1206,1211],"product_tag":[1831],"class_list":{"0":"post-112178","1":"product","2":"type-product","3":"status-publish","4":"has-post-thumbnail","6":"product_brand-master-addons","7":"product_cat-personalizacion","8":"product_cat-plugins","9":"product_cat-wordpress-plugins","10":"product_tag-master-addons","11":"member-discount","12":"discount-restricted","14":"first","15":"instock","16":"sale","17":"downloadable","18":"virtual","19":"sold-individually","20":"purchasable","21":"product-type-simple"},"_links":{"self":[{"href":"https:\/\/gpl-love.com\/es\/wp-json\/wp\/v2\/product\/112178","targetHints":{"allow":["GET"]}}],"collection":[{"href":"https:\/\/gpl-love.com\/es\/wp-json\/wp\/v2\/product"}],"about":[{"href":"https:\/\/gpl-love.com\/es\/wp-json\/wp\/v2\/types\/product"}],"replies":[{"embeddable":true,"href":"https:\/\/gpl-love.com\/es\/wp-json\/wp\/v2\/comments?post=112178"}],"wp:featuredmedia":[{"embeddable":true,"href":"https:\/\/gpl-love.com\/es\/wp-json\/wp\/v2\/media\/166701"}],"wp:attachment":[{"href":"https:\/\/gpl-love.com\/es\/wp-json\/wp\/v2\/media?parent=112178"}],"wp:term":[{"taxonomy":"product_brand","embeddable":true,"href":"https:\/\/gpl-love.com\/es\/wp-json\/wp\/v2\/product_brand?post=112178"},{"taxonomy":"product_cat","embeddable":true,"href":"https:\/\/gpl-love.com\/es\/wp-json\/wp\/v2\/product_cat?post=112178"},{"taxonomy":"product_tag","embeddable":true,"href":"https:\/\/gpl-love.com\/es\/wp-json\/wp\/v2\/product_tag?post=112178"}],"curies":[{"name":"wp","href":"https:\/\/api.w.org\/{rel}","templated":true}]}}