{"id":112176,"date":"2026-03-03T00:00:00","date_gmt":"2026-03-03T05:00:00","guid":{"rendered":"http:\/\/gpl-love.com\/es\/producto\/add-product-tabs-for-woocommerce\/"},"modified":"2026-03-09T07:15:31","modified_gmt":"2026-03-09T12:15:31","slug":"add-product-tabs-for-woocommerce","status":"publish","type":"product","link":"https:\/\/gpl-love.com\/es\/producto\/add-product-tabs-for-woocommerce\/","title":{"rendered":"Add Product Tabs para WooCommerce 2.0.8"},"content":{"rendered":"<h3>Add Product Tabs para WooCommerce Caracteristicas<\/h3>\n<p>Una forma efectiva de elevar la experiencia general del usuario de su tienda WooCommerce es integrar el complemento Agregar pesta\u00f1as de productos. Este complemento excepcionalmente f\u00e1cil de usar le otorga la capacidad de generar pesta\u00f1as complementarias en sus p\u00e1ginas de productos, proporcionando as\u00ed a sus clientes informaci\u00f3n y opciones adicionales. Al aprovechar la funci\u00f3n que le permite agregar t\u00edtulos y contenido personalizados, puede personalizar estas pesta\u00f1as para alinearse perfectamente con los atributos distintivos de sus productos y marca. Ya sea que desee incorporar gr\u00e1ficos de tama\u00f1o, especificaciones del producto, revisiones de los clientes o preguntas frecuentes, este complemento facilita sin esfuerzo la organizaci\u00f3n y la presentaci\u00f3n de toda la informaci\u00f3n pertinente requerida por sus clientes para tomar decisiones de compra astutas. En consecuencia, al implementar las pesta\u00f1as de productos Agregar para WooCommerce, no solo optimiza la eficiencia de su tienda sino que tambi\u00e9n refuerza los niveles de satisfacci\u00f3n del cliente.<\/p>\n<ul>\n<li>Proporciona la opci\u00f3n de agregar m\u00faltiples pesta\u00f1as personalizadas a las p\u00e1ginas de productos en WooCommerce<\/li>\n<li>Hace que sea f\u00e1cil agregar y personalizar contenido de pesta\u00f1a, incluidos texto, im\u00e1genes y video<\/li>\n<li>Se puede utilizar para mostrar informaci\u00f3n adicional del producto, instrucciones, revisiones o cualquier otro contenido relacionado con el producto<\/li>\n<li>Ayuda a crear una p\u00e1gina de productos m\u00e1s detallada e informativa, aumentando la participaci\u00f3n y las ventas del cliente.<\/li>\n<li>Compatible con todos los temas de WordPress y WooCommerce<\/li>\n<li>Permite una integraci\u00f3n perfecta con otros complementos y caracter\u00edsticas de WooCommerce<\/li>\n<li>Proporciona una interfaz simple e intuitiva para una f\u00e1cil configuraci\u00f3n y administraci\u00f3n de pesta\u00f1as de productos<\/li>\n<li>Actualizaciones y soporte regulares del desarrollador para garantizar la compatibilidad y la confiabilidad<\/li>\n<li>Ofrece una soluci\u00f3n rentable para mejorar las p\u00e1ginas de productos de WooCommerce sin la necesidad de una codificaci\u00f3n extensa o conocimiento de desarrollo.<\/li>\n<\/ul>\n","protected":false},"excerpt":{"rendered":"<p>Las pesta\u00f1as Agregar producto para el complemento WooCommerce es una herramienta fenomenal de WooCommerce que proporciona una integraci\u00f3n perfecta de complementos de WooCommerce. Esta herramienta rica en palabras clave Longtail ofrece la ventaja de la integraci\u00f3n de pesta\u00f1as personalizadas de WooCommerce, lo que le permite enriquecer sus p\u00e1ginas de productos de WooCommerce agregando pesta\u00f1as personalizadas sin esfuerzo.<\/p>\n<p>Con las caracter\u00edsticas ventajosas del complemento Agregar pesta\u00f1as de productos, est\u00e1 facultado para personalizar las pesta\u00f1as de la p\u00e1gina del producto en WooCommerce de acuerdo con sus preferencias. El complemento ofrece varias opciones de dise\u00f1o en WooCommerce con pesta\u00f1as de productos Agregar, facilitando una experiencia de navegaci\u00f3n mejorada para sus clientes.<\/p>\n<p>Una de las caracter\u00edsticas m\u00e1s notables de este complemento es la opci\u00f3n de personalizar los t\u00edtulos de pesta\u00f1as en WooCommerce. Le da la libertad de adaptar estos t\u00edtulos como mejor le parezca, agregando un toque personal a sus p\u00e1ginas de productos. Adem\u00e1s, le permite proporcionar contenido personalizado para productos individuales, asegurando que sus clientes est\u00e9n amueblados con informaci\u00f3n integral del producto.<\/p>\n<p>Al usar las pesta\u00f1as Agregar producto para el complemento de WooCommerce, puede mejorar significativamente las experiencias de compra con las pesta\u00f1as de productos Agregar. Le equipa con los medios para ofrecer informaci\u00f3n de producto detallada y espec\u00edfica que<\/p>\n","protected":false},"featured_media":165256,"comment_status":"open","ping_status":"open","template":"","meta":[],"product_brand":[2339],"product_cat":[1207,1248,1206],"product_tag":[1256],"class_list":{"0":"post-112176","1":"product","2":"type-product","3":"status-publish","4":"has-post-thumbnail","6":"product_brand-codecanyon","7":"product_cat-comercio-electronico-plugins","8":"product_cat-personalizacion-comercio-electronico-plugins","9":"product_cat-plugins","10":"product_tag-codecanyon","11":"member-discount","12":"discount-restricted","14":"first","15":"instock","16":"sale","17":"downloadable","18":"virtual","19":"sold-individually","20":"purchasable","21":"product-type-simple"},"_links":{"self":[{"href":"https:\/\/gpl-love.com\/es\/wp-json\/wp\/v2\/product\/112176","targetHints":{"allow":["GET"]}}],"collection":[{"href":"https:\/\/gpl-love.com\/es\/wp-json\/wp\/v2\/product"}],"about":[{"href":"https:\/\/gpl-love.com\/es\/wp-json\/wp\/v2\/types\/product"}],"replies":[{"embeddable":true,"href":"https:\/\/gpl-love.com\/es\/wp-json\/wp\/v2\/comments?post=112176"}],"wp:featuredmedia":[{"embeddable":true,"href":"https:\/\/gpl-love.com\/es\/wp-json\/wp\/v2\/media\/165256"}],"wp:attachment":[{"href":"https:\/\/gpl-love.com\/es\/wp-json\/wp\/v2\/media?parent=112176"}],"wp:term":[{"taxonomy":"product_brand","embeddable":true,"href":"https:\/\/gpl-love.com\/es\/wp-json\/wp\/v2\/product_brand?post=112176"},{"taxonomy":"product_cat","embeddable":true,"href":"https:\/\/gpl-love.com\/es\/wp-json\/wp\/v2\/product_cat?post=112176"},{"taxonomy":"product_tag","embeddable":true,"href":"https:\/\/gpl-love.com\/es\/wp-json\/wp\/v2\/product_tag?post=112176"}],"curies":[{"name":"wp","href":"https:\/\/api.w.org\/{rel}","templated":true}]}}