{"id":112171,"date":"2021-04-04T00:00:00","date_gmt":"2021-04-04T05:00:00","guid":{"rendered":"http:\/\/gpl-love.com\/es\/producto\/elegant-themes-monarch-social-media-sharing\/"},"modified":"2026-03-09T07:30:41","modified_gmt":"2026-03-09T12:30:41","slug":"elegant-themes-monarch-social-media-sharing","status":"publish","type":"product","link":"https:\/\/gpl-love.com\/es\/producto\/elegant-themes-monarch-social-media-sharing\/","title":{"rendered":"Elegant Themes Monarch Social Media Sharing 1.4.14"},"content":{"rendered":"<h3>Elegant Themes Monarch Social Media Sharing Caracteristicas<\/h3>\n<p>El elegante complemento de intercambio de redes sociales de Monarch Temas cuenta con una impresionante variedad de caracter\u00edsticas que lo convierten en una herramienta indispensable para los propietarios de sitios web que buscan incorporar botones de intercambio de redes sociales con facilidad. Al ofrecer una asombrosa selecci\u00f3n de m\u00e1s de 20 redes sociales diferentes, este complemento faculta a los usuarios adaptar sus opciones de intercambio de acuerdo con sus requisitos precisos. Adem\u00e1s, proporciona una gran cantidad de opciones de personalizaci\u00f3n, estilos de botones, tama\u00f1os y ubicaciones que abarcan, lo que permite una integraci\u00f3n perfecta de botones de intercambio social en el dise\u00f1o general del sitio web. Ya sea que el objetivo es aumentar las redes sociales de uno, llevar el tr\u00e1fico a un sitio web o mejorar la visibilidad en l\u00ednea en temas grandes y elegantes, el intercambio de redes sociales de monarca demuestra ser una opci\u00f3n ejemplar digna de contemplaci\u00f3n.<\/p>\n<ul>\n<li>Aumenta el intercambio de redes sociales en su sitio web<\/li>\n<li>Proporciona botones de intercambio personalizables para que coincida con el dise\u00f1o de su sitio web<\/li>\n<li>Permite compartir en m\u00e1s de 20 plataformas de redes sociales<\/li>\n<li>Incluye seguimiento y an\u00e1lisis para monitorear la efectividad de las acciones de las redes sociales<\/li>\n<li>Ofrece varias opciones de visualizaci\u00f3n, incluidas ventanas emergentes y volantes<\/li>\n<li>El dise\u00f1o receptivo m\u00f3vil asegura un intercambio sin problemas en todos los dispositivos<\/li>\n<li>Se integra con las populares herramientas de construcci\u00f3n de la lista de correo electr\u00f3nico como MailChimp<\/li>\n<li>Compatible con todos los temas elegantes de WordPress Temas<\/li>\n<li>F\u00e1cil de instalar y configurar<\/li>\n<li>Actualizado regularmente con nuevas funciones y mejoras<\/li>\n<\/ul>\n","protected":false},"excerpt":{"rendered":"<p>El elegante complemento de intercambio de redes sociales de Temas Monarch es un instrumento excepcional que puede elevar efectivamente la presencia en las redes sociales de su sitio web a nuevas alturas. Al emplear este complemento, a los usuarios de su sitio web se les otorgar\u00e1 la conveniencia de compartir sin esfuerzo su contenido en una multitud de plataformas de redes sociales, como Facebook, Twitter y Pinterest. Adem\u00e1s, este complemento cuenta con una variedad refinada y sofisticada de opciones de dise\u00f1o, lo que le permite adaptar la apariencia de los botones de compartir social para armonizar sin problemas con la marca \u00fanica de su sitio web. Independientemente de si usted es un blogger dedicado, propietario de un negocio astuto o vendedor de expertos, el elegante complemento de intercambio de redes sociales temas monarca es un recurso indispensable que debe incorporarse inequ\u00edvocamente en cualquier sitio web que se esfuerce por expandir su alcance de las redes sociales.<\/p>\n","protected":false},"featured_media":165932,"comment_status":"open","ping_status":"open","template":"","meta":[],"product_brand":[2415],"product_cat":[1232,1206,1211],"product_tag":[1286],"class_list":{"0":"post-112171","1":"product","2":"type-product","3":"status-publish","4":"has-post-thumbnail","6":"product_brand-elegant-themes","7":"product_cat-marketing-wordpress-plugins","8":"product_cat-plugins","9":"product_cat-wordpress-plugins","10":"product_tag-elegant-themes","11":"member-discount","12":"discount-restricted","14":"first","15":"instock","16":"sale","17":"downloadable","18":"virtual","19":"sold-individually","20":"purchasable","21":"product-type-simple"},"_links":{"self":[{"href":"https:\/\/gpl-love.com\/es\/wp-json\/wp\/v2\/product\/112171","targetHints":{"allow":["GET"]}}],"collection":[{"href":"https:\/\/gpl-love.com\/es\/wp-json\/wp\/v2\/product"}],"about":[{"href":"https:\/\/gpl-love.com\/es\/wp-json\/wp\/v2\/types\/product"}],"replies":[{"embeddable":true,"href":"https:\/\/gpl-love.com\/es\/wp-json\/wp\/v2\/comments?post=112171"}],"wp:featuredmedia":[{"embeddable":true,"href":"https:\/\/gpl-love.com\/es\/wp-json\/wp\/v2\/media\/165932"}],"wp:attachment":[{"href":"https:\/\/gpl-love.com\/es\/wp-json\/wp\/v2\/media?parent=112171"}],"wp:term":[{"taxonomy":"product_brand","embeddable":true,"href":"https:\/\/gpl-love.com\/es\/wp-json\/wp\/v2\/product_brand?post=112171"},{"taxonomy":"product_cat","embeddable":true,"href":"https:\/\/gpl-love.com\/es\/wp-json\/wp\/v2\/product_cat?post=112171"},{"taxonomy":"product_tag","embeddable":true,"href":"https:\/\/gpl-love.com\/es\/wp-json\/wp\/v2\/product_tag?post=112171"}],"curies":[{"name":"wp","href":"https:\/\/api.w.org\/{rel}","templated":true}]}}