{"id":112169,"date":"2021-04-04T00:00:00","date_gmt":"2021-04-04T05:00:00","guid":{"rendered":"http:\/\/gpl-love.com\/es\/producto\/elegant-themes-bloom-email-optins\/"},"modified":"2026-03-09T07:30:37","modified_gmt":"2026-03-09T12:30:37","slug":"elegant-themes-bloom-email-optins","status":"publish","type":"product","link":"https:\/\/gpl-love.com\/es\/producto\/elegant-themes-bloom-email-optins\/","title":{"rendered":"Elegant Themes Bloom Email OptIns 1.3.12"},"content":{"rendered":"<h3>Elegant Themes Bloom Email OptIns Caracteristicas<\/h3>\n<p>Temas elegantes Bloom El correo electr\u00f3nico Opt-Ins, una herramienta inmensamente poderosa, sirve como catalizador para la creaci\u00f3n de formularios de opci\u00f3n de correo electr\u00f3nico visualmente impresionantes y excepcionalmente efectivos. La herramienta ofrece una amplia gama de plantillas que se pueden personalizar f\u00e1cilmente para reflejar la identidad \u00fanica de su marca, cautivando as\u00ed la atenci\u00f3n de sus estimados visitantes. Adem\u00e1s, este notable complemento se integra perfectamente con todas las principales plataformas de marketing por correo electr\u00f3nico, facilitando as\u00ed la sencilla colecci\u00f3n y gesti\u00f3n de sus estimados suscriptores. Las opciones de orientaci\u00f3n avanzada del complemento le permiten mostrar estrat\u00e9gicamente sus formularios de opci\u00f3n meticulosamente elaborados a la audiencia m\u00e1s adecuada en el momento oportuno, lo que mejora significativamente la probabilidad de transformar simples visitantes en suscriptores dedicados. En conclusi\u00f3n, los temas elegantes de Bloom Bloom Opt-Ins representan un activo indispensable para cualquier sitio web que aspira a expandir su estimada lista de correo electr\u00f3nico y elevar la eficacia de sus esfuerzos de marketing.<\/p>\n<ul>\n<li>Haga crecer su lista de correo electr\u00f3nico con formularios de opci\u00f3n de correo electr\u00f3nico elegantes y personalizables<\/li>\n<li>Elija entre m\u00e1s de 100 plantillas prefabricadas o cree su propio dise\u00f1o<\/li>\n<li>Establezca disparadores para cu\u00e1ndo y d\u00f3nde aparecer\u00e1n los formularios de suscripci\u00f3n en su sitio web<\/li>\n<li>A\/B prueba diferentes dise\u00f1os y colocaci\u00f3n de formularios para optimizar las conversiones<\/li>\n<li>Integre con servicios populares de marketing por correo electr\u00f3nico como MailChimp y Convertkit<\/li>\n<li>Rastree las tasas de rendimiento y conversi\u00f3n del formulario de suscripci\u00f3n con an\u00e1lisis e informes incorporados<\/li>\n<li>El dise\u00f1o receptivo garantiza que sus formularios de suscripci\u00f3n se vean muy bien en todos los dispositivos y tama\u00f1os de pantalla<\/li>\n<li>El editor de arrastrar y soltar f\u00e1cil de usar para una personalizaci\u00f3n r\u00e1pida y simple<\/li>\n<li>M\u00faltiples opciones de visualizaci\u00f3n que incluyen ventanas emergentes, moscas y widgets para una mayor visibilidad y compromiso.<\/li>\n<\/ul>\n","protected":false},"excerpt":{"rendered":"<p>Temas elegantes Bloom El correo electr\u00f3nico Optins, un complemento de opci\u00f3n de correo electr\u00f3nico altamente robusto y din\u00e1mico, ha sido meticulosamente elaborado en beneficio de los bloggers y propietarios de sitios web de WordPress. Destacando en las intrincadas profundidades de este complemento excepcional, uno descubrir\u00e1 una matriz de plantillas de suscripci\u00f3n de opci\u00f3n exquisitamente dise\u00f1adas y totalmente personalizables. Estos dise\u00f1os cautivadores facilitan sin problemas la adquisici\u00f3n de direcciones de correo electr\u00f3nico de los visitantes del sitio web, lo que permite a los usuarios expandir sin esfuerzo sus listas de correo electr\u00f3nico. Una mir\u00edada de opciones de visualizaci\u00f3n, incluidas ventanas emergentes, moscas y formularios de widgets, faculta a los usuarios para mostrar sus formularios de opci\u00f3n de manera impecablemente refinada y discreta. Adem\u00e1s, este complemento ofrece una amplia gama de opciones de focalizaci\u00f3n y activaci\u00f3n, lo que garantiza que el mensaje preciso se entregue efectivamente a la audiencia apropiada, precisamente en el momento oportuno. Gracias a las capacidades inigualables de los temas elegantes Bloom Optins de correo electr\u00f3nico, la ardua tarea de ganar suscriptores se ha convertido en un esfuerzo inconcebible sin esfuerzo.<\/p>\n","protected":false},"featured_media":165929,"comment_status":"open","ping_status":"open","template":"","meta":[],"product_brand":[2415],"product_cat":[1232,1206,1211],"product_tag":[1286],"class_list":{"0":"post-112169","1":"product","2":"type-product","3":"status-publish","4":"has-post-thumbnail","6":"product_brand-elegant-themes","7":"product_cat-marketing-wordpress-plugins","8":"product_cat-plugins","9":"product_cat-wordpress-plugins","10":"product_tag-elegant-themes","11":"member-discount","12":"discount-restricted","14":"first","15":"instock","16":"sale","17":"downloadable","18":"virtual","19":"sold-individually","20":"purchasable","21":"product-type-simple"},"_links":{"self":[{"href":"https:\/\/gpl-love.com\/es\/wp-json\/wp\/v2\/product\/112169","targetHints":{"allow":["GET"]}}],"collection":[{"href":"https:\/\/gpl-love.com\/es\/wp-json\/wp\/v2\/product"}],"about":[{"href":"https:\/\/gpl-love.com\/es\/wp-json\/wp\/v2\/types\/product"}],"replies":[{"embeddable":true,"href":"https:\/\/gpl-love.com\/es\/wp-json\/wp\/v2\/comments?post=112169"}],"wp:featuredmedia":[{"embeddable":true,"href":"https:\/\/gpl-love.com\/es\/wp-json\/wp\/v2\/media\/165929"}],"wp:attachment":[{"href":"https:\/\/gpl-love.com\/es\/wp-json\/wp\/v2\/media?parent=112169"}],"wp:term":[{"taxonomy":"product_brand","embeddable":true,"href":"https:\/\/gpl-love.com\/es\/wp-json\/wp\/v2\/product_brand?post=112169"},{"taxonomy":"product_cat","embeddable":true,"href":"https:\/\/gpl-love.com\/es\/wp-json\/wp\/v2\/product_cat?post=112169"},{"taxonomy":"product_tag","embeddable":true,"href":"https:\/\/gpl-love.com\/es\/wp-json\/wp\/v2\/product_tag?post=112169"}],"curies":[{"name":"wp","href":"https:\/\/api.w.org\/{rel}","templated":true}]}}