{"id":112163,"date":"2025-08-31T00:00:00","date_gmt":"2025-08-31T05:00:00","guid":{"rendered":"http:\/\/gpl-love.com\/es\/producto\/yith-woocommerce-barcodes-and-qr-codes-premium\/"},"modified":"2026-03-13T17:33:55","modified_gmt":"2026-03-13T22:33:55","slug":"yith-woocommerce-barcodes-and-qr-codes-premium","status":"publish","type":"product","link":"https:\/\/gpl-love.com\/es\/producto\/yith-woocommerce-barcodes-and-qr-codes-premium\/","title":{"rendered":"YITH Barcodes y QR Codes Premium 2.46.0"},"content":{"rendered":"<h3>YITH Barcodes y QR Codes Premium Caracteristicas<\/h3>\n<p>Y los c\u00f3digos de barras y c\u00f3digos QR, considerados como un instrumento excepcionalmente robusto y potente, sirve para generar c\u00f3digos de barras y c\u00f3digos QR para su mercanc\u00eda. Esta herramienta en particular posee una interfaz intuitiva f\u00e1cil de usar que le permite fabricar y adaptar c\u00f3digos para sus productos con la mayor facilidad, eliminando la necesidad de cualquier conocimiento t\u00e9cnico especializado. Al aprovechar las capacidades de este complemento, puede producir c\u00f3digos sin esfuerzo en una amplia gama de formatos, que abarca Ean-13, UPC-A, QR y Data Matrix. Adem\u00e1s, este complemento le confiere la capacidad de incrustar los c\u00f3digos sin problemas en las p\u00e1ginas de productos, las facturas y las etiquetas de env\u00edo, simplificando as\u00ed el proceso de seguimiento y gesti\u00f3n de inventario. El complemento Premium de c\u00f3digos de barras y c\u00f3digos QR, de pie como una soluci\u00f3n inquebrantable y altamente efectiva, se presenta como una opci\u00f3n \u00f3ptima para las empresas que anhelan optimizar sus esfuerzos relacionados con el seguimiento de inventario y la gesti\u00f3n de productos.<\/p>\n<ul>\n<li>Genera c\u00f3digos de barras y c\u00f3digos QR para sus productos con el clic de un bot\u00f3n<\/li>\n<li>F\u00e1cil integraci\u00f3n con plataformas populares de comercio electr\u00f3nico como WooCommerce y Shopify<\/li>\n<li>Personalice el aspecto de sus c\u00f3digos de barras y c\u00f3digos QR para que coincida con su marca<\/li>\n<li>Escanee c\u00f3digos de barras y c\u00f3digos QR desde su dispositivo m\u00f3vil para administrar r\u00e1pidamente su inventario<\/li>\n<li>Mejorar la eficiencia y la precisi\u00f3n al automatizar la gesti\u00f3n de su inventario<\/li>\n<li>Proporciona informes detallados e ideas sobre su inventario y ventas<\/li>\n<li>Uso ilimitado sin tarifas adicionales<\/li>\n<li>Atenci\u00f3n al cliente 24\/7 del equipo de expertos de Yith<\/li>\n<\/ul>\n","protected":false},"excerpt":{"rendered":"<p>Genere f\u00e1cilmente los c\u00f3digos de barras y los c\u00f3digos QR para sus productos utilizando las caracter\u00edsticas excepcionales ofrecidas por los c\u00f3digos de barras y el complemento de WordPress premium de QR. Este incre\u00edble complemento premium le permite integrar sin esfuerzo estos c\u00f3digos en su sitio web o material imprimible, facilitando as\u00ed el escaneo r\u00e1pido y el acceso r\u00e1pido a la informaci\u00f3n vital del producto, mejorando as\u00ed la conveniencia del cliente. Adem\u00e1s, la naturaleza personalizable de estos c\u00f3digos garantiza una integraci\u00f3n perfecta con el dise\u00f1o de su sitio web y los elementos de marca, asegurando un atractivo est\u00e9tico armonioso. Al aprovechar el inmenso potencial de los c\u00f3digos de barras y los c\u00f3digos QR Premium, puede amplificar significativamente la eficiencia operativa, elevar los niveles de satisfacci\u00f3n del cliente y optimizar todo su proceso de ventas para lograr un \u00e9xito sin precedentes.<\/p>\n","protected":false},"featured_media":168591,"comment_status":"open","ping_status":"open","template":"","meta":[],"product_brand":[2391],"product_cat":[1207,1248,1206],"product_tag":[1462],"class_list":{"0":"post-112163","1":"product","2":"type-product","3":"status-publish","4":"has-post-thumbnail","6":"product_brand-yith","7":"product_cat-comercio-electronico-plugins","8":"product_cat-personalizacion-comercio-electronico-plugins","9":"product_cat-plugins","10":"product_tag-yith","11":"member-discount","12":"discount-restricted","14":"first","15":"instock","16":"sale","17":"downloadable","18":"virtual","19":"sold-individually","20":"purchasable","21":"product-type-simple"},"_links":{"self":[{"href":"https:\/\/gpl-love.com\/es\/wp-json\/wp\/v2\/product\/112163","targetHints":{"allow":["GET"]}}],"collection":[{"href":"https:\/\/gpl-love.com\/es\/wp-json\/wp\/v2\/product"}],"about":[{"href":"https:\/\/gpl-love.com\/es\/wp-json\/wp\/v2\/types\/product"}],"replies":[{"embeddable":true,"href":"https:\/\/gpl-love.com\/es\/wp-json\/wp\/v2\/comments?post=112163"}],"wp:featuredmedia":[{"embeddable":true,"href":"https:\/\/gpl-love.com\/es\/wp-json\/wp\/v2\/media\/168591"}],"wp:attachment":[{"href":"https:\/\/gpl-love.com\/es\/wp-json\/wp\/v2\/media?parent=112163"}],"wp:term":[{"taxonomy":"product_brand","embeddable":true,"href":"https:\/\/gpl-love.com\/es\/wp-json\/wp\/v2\/product_brand?post=112163"},{"taxonomy":"product_cat","embeddable":true,"href":"https:\/\/gpl-love.com\/es\/wp-json\/wp\/v2\/product_cat?post=112163"},{"taxonomy":"product_tag","embeddable":true,"href":"https:\/\/gpl-love.com\/es\/wp-json\/wp\/v2\/product_tag?post=112163"}],"curies":[{"name":"wp","href":"https:\/\/api.w.org\/{rel}","templated":true}]}}