{"id":112161,"date":"2024-03-23T00:00:00","date_gmt":"2024-03-23T05:00:00","guid":{"rendered":"http:\/\/gpl-love.com\/es\/producto\/yith-paypal-braintree-for-woocommerce\/"},"modified":"2026-03-13T17:34:40","modified_gmt":"2026-03-13T22:34:40","slug":"yith-paypal-braintree-for-woocommerce","status":"publish","type":"product","link":"https:\/\/gpl-love.com\/es\/producto\/yith-paypal-braintree-for-woocommerce\/","title":{"rendered":"YITH PayPal Braintree For WooCommerce 1.35.0"},"content":{"rendered":"<h3>YITH PayPal Braintree For WooCommerce Caracteristicas<\/h3>\n<p>Su PayPal Braintree para WooCommerce surge como un complemento excepcional de pasarela de pago dise\u00f1ado exclusivamente para tiendas en l\u00ednea, lo que facilita a los usuarios para ejecutar pagos de forma segura y conveniente a trav\u00e9s de sus cuentas de tarjetas de PayPal o de cr\u00e9dito. Este notable complemento faculta a los clientes para completar las transacciones sin esfuerzo dentro del sitio web en s\u00ed, simplificando efectivamente el proceso de pago y ofreciendo una experiencia de usuario ininterrumpida y fluida. Sorprendentemente, este complemento abarca una gran cantidad de funcionalidades avanzadas, incluida la capacidad de ahorrar m\u00e9todos de pago del cliente para transacciones futuras, detectar y alternar sin problemas entre los m\u00e9todos de pago disponibles, y proporcionar informes integrales y ideas anal\u00edticas, empoderando as\u00ed a las empresas para obtener una comprensi\u00f3n profunda de su pago de su pago. Operaciones de procesamiento. En consecuencia, queda muy claro que su Braintree de PayPal para WooCommerce representa un activo indispensable para cualquier empresa que se esfuerce por optimizar sus mecanismos de procesamiento de pagos, al tiempo que extiende simult\u00e1neamente una alternativa de pago amigable y confiable a su clientela estimada.<\/p>\n<ul>\n<li>Permite a los clientes pagar usando PayPal o tarjeta de cr\u00e9dito a trav\u00e9s de Braintree en los sitios web de WooCommerce<\/li>\n<li>Ofrece un procesamiento de pago seguro para los clientes<\/li>\n<li>Proporciona una experiencia de pago perfecta para los clientes<\/li>\n<li>Se integra f\u00e1cilmente en un sitio web de WooCommerce<\/li>\n<li>Compatible con todos los principales navegadores y dispositivos<\/li>\n<li>Ofrece caracter\u00edsticas de informes y gesti\u00f3n de transacciones para due\u00f1os de negocios<\/li>\n<li>Captura autom\u00e1ticamente la informaci\u00f3n de pago para pedidos futuros<\/li>\n<li>Ofrece opciones de pago personalizables<\/li>\n<li>Reduce el riesgo de transacciones fraudulentas con caracter\u00edsticas de seguridad avanzadas<\/li>\n<li>Proporciona una excelente atenci\u00f3n al cliente para ayudar con cualquier problema.<\/li>\n<\/ul>\n","protected":false},"excerpt":{"rendered":"<p>Su PayPal Braintree para WooCommerce es una pasarela de pago excepcional que se integra perfectamente con su tienda en l\u00ednea de WooCommerce, lo que le permite aceptar los pagos sin esfuerzo de los clientes a trav\u00e9s de PayPal o tarjeta de cr\u00e9dito a trav\u00e9s de Braintree. Este complemento inmensamente robusto ofrece una soluci\u00f3n de procesamiento de pagos altamente segura y notablemente confiable, lo que le brinda a sus estimados clientes una experiencia de pago maravillosamente sin estr\u00e9s y sin estr\u00e9s. Al aprovechar las notables capacidades de Yith PayPal Braintree para WooCommerce, obtiene la notable capacidad de diversificar sin esfuerzo sus alternativas de pago, inevitablemente aumentando su volumen de ventas en l\u00ednea.<\/p>\n","protected":false},"featured_media":168642,"comment_status":"open","ping_status":"open","template":"","meta":[],"product_brand":[2391],"product_cat":[1207,1426,1206],"product_tag":[1462],"class_list":{"0":"post-112161","1":"product","2":"type-product","3":"status-publish","4":"has-post-thumbnail","6":"product_brand-yith","7":"product_cat-comercio-electronico-plugins","8":"product_cat-pago-comercio-electronico-plugins","9":"product_cat-plugins","10":"product_tag-yith","11":"member-discount","12":"discount-restricted","14":"first","15":"instock","16":"sale","17":"downloadable","18":"virtual","19":"sold-individually","20":"purchasable","21":"product-type-simple"},"_links":{"self":[{"href":"https:\/\/gpl-love.com\/es\/wp-json\/wp\/v2\/product\/112161","targetHints":{"allow":["GET"]}}],"collection":[{"href":"https:\/\/gpl-love.com\/es\/wp-json\/wp\/v2\/product"}],"about":[{"href":"https:\/\/gpl-love.com\/es\/wp-json\/wp\/v2\/types\/product"}],"replies":[{"embeddable":true,"href":"https:\/\/gpl-love.com\/es\/wp-json\/wp\/v2\/comments?post=112161"}],"wp:featuredmedia":[{"embeddable":true,"href":"https:\/\/gpl-love.com\/es\/wp-json\/wp\/v2\/media\/168642"}],"wp:attachment":[{"href":"https:\/\/gpl-love.com\/es\/wp-json\/wp\/v2\/media?parent=112161"}],"wp:term":[{"taxonomy":"product_brand","embeddable":true,"href":"https:\/\/gpl-love.com\/es\/wp-json\/wp\/v2\/product_brand?post=112161"},{"taxonomy":"product_cat","embeddable":true,"href":"https:\/\/gpl-love.com\/es\/wp-json\/wp\/v2\/product_cat?post=112161"},{"taxonomy":"product_tag","embeddable":true,"href":"https:\/\/gpl-love.com\/es\/wp-json\/wp\/v2\/product_tag?post=112161"}],"curies":[{"name":"wp","href":"https:\/\/api.w.org\/{rel}","templated":true}]}}