{"id":112159,"date":"2021-09-14T00:00:00","date_gmt":"2021-09-14T05:00:00","guid":{"rendered":"http:\/\/gpl-love.com\/es\/producto\/wordpress-restaurant-reservation-plugin-pro\/"},"modified":"2026-03-09T08:27:32","modified_gmt":"2026-03-09T13:27:32","slug":"wordpress-restaurant-reservation-plugin-pro","status":"publish","type":"product","link":"https:\/\/gpl-love.com\/es\/producto\/wordpress-restaurant-reservation-plugin-pro\/","title":{"rendered":"WordPress Restaurant Reservation Plugin Pro 2.3.5"},"content":{"rendered":"<h3>WordPress Restaurant Reservation Plugin Pro Caracteristicas<\/h3>\n<p>El complemento de reserva de restaurantes de WordPress, considerado como el ep\u00edtome de las soluciones para la gesti\u00f3n de reservas de restaurantes, presenta una gran cantidad de caracter\u00edsticas notables. Este complemento, con su facilidad de uso innato, le otorga la capacidad de generar y supervisar las reservas, configurar la disponibilidad de su restaurante y adaptar sus formularios de reserva para alinearse con su identidad de marca. En virtud de sus correos electr\u00f3nicos de confirmaci\u00f3n autom\u00e1tica, actualizaciones de disponibilidad en tiempo real y espacios de tiempo personalizables, este complemento garantiza la operaci\u00f3n perfecta de su restaurante. Adem\u00e1s, con la capacidad de integraci\u00f3n a las famosas pasarelas de pago, recolectar dep\u00f3sitos o pagos anticipados de sus estimados clientes se convierte en un esfuerzo sin esfuerzo. En consecuencia, al implementar el complemento de reserva de restaurantes de WordPress Pro, no solo agiliza las operaciones de su restaurante sino que tambi\u00e9n eleva los niveles de satisfacci\u00f3n de sus clientes.<\/p>\n<ul>\n<li>Integraci\u00f3n perfecta con sitios web de WordPress<\/li>\n<li>F\u00e1cil de instalar y configurar<\/li>\n<li>Control completo sobre el sistema de reserva de restaurantes<\/li>\n<li>Opciones de gesti\u00f3n de reservas m\u00faltiples, incluidos espacios de tiempo y tama\u00f1os de fiesta<\/li>\n<li>Formulario de reserva personalizable con campos opcionales<\/li>\n<li>Correos electr\u00f3nicos de confirmaci\u00f3n autom\u00e1tica a los clientes<\/li>\n<li>Administrar reservas con un tablero f\u00e1cil de usar<\/li>\n<li>Versi\u00f3n gratuita disponible con caracter\u00edsticas limitadas<\/li>\n<li>La versi\u00f3n Pro incluye caracter\u00edsticas adicionales como plantillas de correo electr\u00f3nico personalizadas y sincronizaci\u00f3n del calendario de Google<\/li>\n<li>Atenci\u00f3n al cliente receptiva de desarrolladores de complementos.<\/li>\n<\/ul>\n","protected":false},"excerpt":{"rendered":"<p>Al utilizar las capacidades excepcionales del complemento de reserva de restaurantes de WordPress Pro, puede convertir efectivamente el sitio web de su restaurante en una plataforma robusta espec\u00edficamente dise\u00f1ada para manejar las reservas. Este complemento extraordinario le otorga la capacidad de supervisar y manejar sin esfuerzo las reservas, adaptar el formulario de reserva a su gusto y enviar notificaciones de inmediato a sus estimados invitados. Eleve la experiencia gastron\u00f3mica general para sus valiosos clientes al tiempo que racionaliza simult\u00e1neamente los aspectos operativos de su restaurante a trav\u00e9s de la integraci\u00f3n perfecta de este complemento incre\u00edblemente f\u00e1cil de usar e inmensamente rico en funciones.<\/p>\n","protected":false},"featured_media":168356,"comment_status":"open","ping_status":"open","template":"","meta":[],"product_brand":[2613],"product_cat":[1214,1206,1211],"product_tag":[1829],"class_list":{"0":"post-112159","1":"product","2":"type-product","3":"status-publish","4":"has-post-thumbnail","6":"product_brand-five-star","7":"product_cat-personalizacion","8":"product_cat-plugins","9":"product_cat-wordpress-plugins","10":"product_tag-five-star","11":"member-discount","12":"discount-restricted","14":"first","15":"instock","16":"sale","17":"downloadable","18":"virtual","19":"sold-individually","20":"purchasable","21":"product-type-simple"},"_links":{"self":[{"href":"https:\/\/gpl-love.com\/es\/wp-json\/wp\/v2\/product\/112159","targetHints":{"allow":["GET"]}}],"collection":[{"href":"https:\/\/gpl-love.com\/es\/wp-json\/wp\/v2\/product"}],"about":[{"href":"https:\/\/gpl-love.com\/es\/wp-json\/wp\/v2\/types\/product"}],"replies":[{"embeddable":true,"href":"https:\/\/gpl-love.com\/es\/wp-json\/wp\/v2\/comments?post=112159"}],"wp:featuredmedia":[{"embeddable":true,"href":"https:\/\/gpl-love.com\/es\/wp-json\/wp\/v2\/media\/168356"}],"wp:attachment":[{"href":"https:\/\/gpl-love.com\/es\/wp-json\/wp\/v2\/media?parent=112159"}],"wp:term":[{"taxonomy":"product_brand","embeddable":true,"href":"https:\/\/gpl-love.com\/es\/wp-json\/wp\/v2\/product_brand?post=112159"},{"taxonomy":"product_cat","embeddable":true,"href":"https:\/\/gpl-love.com\/es\/wp-json\/wp\/v2\/product_cat?post=112159"},{"taxonomy":"product_tag","embeddable":true,"href":"https:\/\/gpl-love.com\/es\/wp-json\/wp\/v2\/product_tag?post=112159"}],"curies":[{"name":"wp","href":"https:\/\/api.w.org\/{rel}","templated":true}]}}