{"id":112157,"date":"2022-06-19T00:00:00","date_gmt":"2022-06-19T05:00:00","guid":{"rendered":"http:\/\/gpl-love.com\/es\/producto\/smartic-product-landing-page-woocommerce-theme\/"},"modified":"2026-04-10T11:25:06","modified_gmt":"2026-04-10T16:25:06","slug":"smartic-product-landing-page-woocommerce-theme","status":"publish","type":"product","link":"https:\/\/gpl-love.com\/es\/producto\/smartic-product-landing-page-woocommerce-theme\/","title":{"rendered":"Smartic Product Landing Page WooCommerce Theme 1.9.4"},"content":{"rendered":"<h3>Smartic Product Landing Page WooCommerce Theme Caracteristicas<\/h3>\n<p>El tema de WooCommerce de la p\u00e1gina de destino de productos inteligente es una herramienta excepcional que sirve como la soluci\u00f3n ideal para las empresas que desean mostrar sus productos de una manera visualmente cautivadora y altamente profesional. Este tema notable se ha dise\u00f1ado meticulosamente con un enfoque espec\u00edfico en integrarse perfectamente con WooCommerce, la famosa y ampliamente utilizada plataforma de comercio electr\u00f3nico, facilitando as\u00ed la sincronizaci\u00f3n sin esfuerzo con su tienda en l\u00ednea. Con un dise\u00f1o elegante y contempor\u00e1neo, Smartic no solo es completamente receptivo, sino que tambi\u00e9n ofrece una amplia gama de opciones de personalizaci\u00f3n, lo que garantiza que sus productos se exhiban sin problemas de la manera m\u00e1s \u00f3ptima en todos los dispositivos. Como testimonio de su versatilidad, este tema incorpora un robusto constructor de p\u00e1ginas de arrastrar y soltar, que permite a los usuarios con flexibilidad y creatividad incomparables cuando se trata de construir sus p\u00e1ginas de destino. Adem\u00e1s, Smartic presenta impresionantemente encabezados y pies de p\u00e1gina personalizables, adem\u00e1s de una variedad de plantillas convenientemente preconstruidas para satisfacer sus necesidades y preferencias \u00fanicas. Adem\u00e1s de estos atributos notables, Smartic se distingue a\u00fan m\u00e1s al ofrecer una variedad de caracter\u00edsticas indispensables, incluida la funcionalidad de filtrado de productos, las tablas de comparaci\u00f3n e integraci\u00f3n perfecta con varias plataformas de redes sociales. En esencia, Smartic es el ep\u00edtome de un tema f\u00e1cil de usar y multifac\u00e9tico que se adapta inequ\u00edvocamente para cumplir con los requisitos de cualquier negocio que se esfuerce por crear una p\u00e1gina de inicio de productos altamente efectiva e impactante.<\/p>\n<ul>\n<li>Dise\u00f1o totalmente receptivo optimizado para todos los tama\u00f1os de pantalla<\/li>\n<li>Builder intuitivo de la p\u00e1gina de arrastrar y soltar para una f\u00e1cil personalizaci\u00f3n<\/li>\n<li>Opciones de esquema de color flexible para que coincidan con su marca<\/li>\n<li>Herramientas de promoci\u00f3n y venta incorporadas para aumentar las conversiones<\/li>\n<li>Dise\u00f1o amigable para SEO para maximizar la visibilidad del motor de b\u00fasqueda<\/li>\n<li>Soporte de varios idiomas para el alcance de la audiencia global<\/li>\n<li>Opciones de visualizaci\u00f3n de carrusel y cuadr\u00edcula de productos para exhibir art\u00edculos<\/li>\n<li>Caracter\u00edsticas de vista r\u00e1pida y zoom para detalles mejorados del producto<\/li>\n<li>Integraci\u00f3n de pago de un solo clic para compras simplificadas<\/li>\n<li>Documentaci\u00f3n y soporte extenso para la configuraci\u00f3n y el mantenimiento sin problemas<\/li>\n<\/ul>\n","protected":false},"excerpt":{"rendered":"<p>El Smartic Product Taring Page WooCommerce, con su dise\u00f1o sofisticado y profesional, est\u00e1 hecho a medida para presentar sus productos y servicios de la manera m\u00e1s cautivadora en Internet. Al ofrecer una multitud de opciones personalizables, este tema garantiza una experiencia de navegaci\u00f3n perfecta y personalizada para sus clientes. Adem\u00e1s, est\u00e1 equipado con una integraci\u00f3n avanzada con WooCommerce, que garantiza la configuraci\u00f3n sin esfuerzo de su propia tienda en l\u00ednea, lo que le permite comenzar la venta de sus productos notables sin demora. Ya sea que se est\u00e9 embarcando en un lanzamiento trascendental de una nueva gama de productos, mostrando una l\u00ednea exclusiva de edici\u00f3n limitada o promocionando una oferta especial atractiva, tenga la seguridad de que el tema de inicio de productos de productos inteligente es la soluci\u00f3n definitiva para cualquier empresa que busque hacer una duradera Impacto en el mercado en l\u00ednea altamente competitivo.<\/p>\n","protected":false},"featured_media":167512,"comment_status":"open","ping_status":"open","template":"","meta":[],"product_brand":[2337],"product_cat":[1263,1469,1237],"product_tag":[1391],"class_list":{"0":"post-112157","1":"product","2":"type-product","3":"status-publish","4":"has-post-thumbnail","6":"product_brand-themeforest","7":"product_cat-comercio-electronico-temas","8":"product_cat-creativo-comercio-electronico-temas","9":"product_cat-temas","10":"product_tag-themeforest","11":"member-discount","12":"discount-restricted","14":"first","15":"instock","16":"sale","17":"downloadable","18":"virtual","19":"sold-individually","20":"purchasable","21":"product-type-simple"},"_links":{"self":[{"href":"https:\/\/gpl-love.com\/es\/wp-json\/wp\/v2\/product\/112157","targetHints":{"allow":["GET"]}}],"collection":[{"href":"https:\/\/gpl-love.com\/es\/wp-json\/wp\/v2\/product"}],"about":[{"href":"https:\/\/gpl-love.com\/es\/wp-json\/wp\/v2\/types\/product"}],"replies":[{"embeddable":true,"href":"https:\/\/gpl-love.com\/es\/wp-json\/wp\/v2\/comments?post=112157"}],"wp:featuredmedia":[{"embeddable":true,"href":"https:\/\/gpl-love.com\/es\/wp-json\/wp\/v2\/media\/167512"}],"wp:attachment":[{"href":"https:\/\/gpl-love.com\/es\/wp-json\/wp\/v2\/media?parent=112157"}],"wp:term":[{"taxonomy":"product_brand","embeddable":true,"href":"https:\/\/gpl-love.com\/es\/wp-json\/wp\/v2\/product_brand?post=112157"},{"taxonomy":"product_cat","embeddable":true,"href":"https:\/\/gpl-love.com\/es\/wp-json\/wp\/v2\/product_cat?post=112157"},{"taxonomy":"product_tag","embeddable":true,"href":"https:\/\/gpl-love.com\/es\/wp-json\/wp\/v2\/product_tag?post=112157"}],"curies":[{"name":"wp","href":"https:\/\/api.w.org\/{rel}","templated":true}]}}