{"id":112153,"date":"2021-04-16T00:00:00","date_gmt":"2021-04-16T05:00:00","guid":{"rendered":"http:\/\/gpl-love.com\/es\/producto\/mediz-medical-wordpress-theme\/"},"modified":"2026-03-13T17:24:24","modified_gmt":"2026-03-13T22:24:24","slug":"mediz-medical-wordpress-theme","status":"publish","type":"product","link":"https:\/\/gpl-love.com\/es\/producto\/mediz-medical-wordpress-theme\/","title":{"rendered":"Mediz Medical WordPress Theme 2.0.4"},"content":{"rendered":"<h3>Mediz Medical WordPress Theme Caracteristicas<\/h3>\n<p>El tema Mediz Medical WordPress es un tema excepcional y confiable que ha sido meticulosamente elaborado con las necesidades espec\u00edficas de profesionales m\u00e9dicos, hospitales, cl\u00ednicas y organizaciones de salud en mente. Con un dise\u00f1o elegante y contempor\u00e1neo, este tema le da la m\u00e1xima importancia a la funcionalidad y la facilidad de uso. Ofreciendo una extensa gama de caracter\u00edsticas y widgets hechos a medida, como un sistema de reserva de citas de paciente de vanguardia, una exhibici\u00f3n intuitiva de servicios y departamentos m\u00e9dicos, perfiles individuales para los miembros del equipo y una secci\u00f3n informativa de las preguntas frecuentes, el tema de Mediz Medical WordPress se presenta por encima de y m\u00e1s all\u00e1 para cumplir con los requisitos \u00fanicos de la industria m\u00e9dica. Adem\u00e1s, este tema es totalmente receptivo, garantizando que su sitio web mantendr\u00e1 su atractivo visual y funcionalidad visual en todos los dispositivos. Con su constructor de p\u00e1ginas de arrastre y suelto f\u00e1cil de usar y una amplia gama de opciones de color ilimitadas, la personalizaci\u00f3n del tema Mediz Medical WordPress es muy f\u00e1cil, estableci\u00e9ndolo como la opci\u00f3n perfecta para cualquier persona que busque establecer una presencia en l\u00ednea autorizada e impactante dentro del m\u00e9dico. campo.<\/p>\n<ul>\n<li>Dise\u00f1o totalmente receptivo que funciona sin problemas en todos los dispositivos<\/li>\n<li>Incluye una amplia gama de p\u00e1ginas preconstruidas para varios servicios m\u00e9dicos, lo que facilita la creaci\u00f3n de un sitio web de aspecto profesional<\/li>\n<li>SEO optimizado para ayudar a mejorar la visibilidad de su sitio web e impulsar el tr\u00e1fico a su pr\u00e1ctica<\/li>\n<li>Builder de p\u00e1gina f\u00e1cil de usar para personalizar y crear p\u00e1ginas \u00fanicas<\/li>\n<li>Viene con paquetes de caracter\u00edsticas listos para la programaci\u00f3n de citas, la gesti\u00f3n del equipo y la gesti\u00f3n del paciente<\/li>\n<li>Construido en la \u00faltima versi\u00f3n de WordPress, asegurando la compatibilidad con los complementos m\u00e1s populares<\/li>\n<li>Incluye documentaci\u00f3n integral y apoyo personalizado para ayudarlo a comenzar<\/li>\n<li>Flujo de trabajo optimizado e interfaz f\u00e1cil de usar para facilitar el uso<\/li>\n<li>Opciones de dise\u00f1o altamente personalizables para garantizar que su sitio web refleje la identidad de su marca<\/li>\n<li>Se puede utilizar para una variedad de tipos de pr\u00e1ctica m\u00e9dica, como hospitales, cl\u00ednicas, oficinas dentales y m\u00e1s.<\/li>\n<\/ul>\n","protected":false},"excerpt":{"rendered":"<p>El tema Mediz Medical WordPress es un tema notablemente elaborado y completamente receptivo que es excepcionalmente adecuado para cualquier sitio web relacionado con la industria m\u00e9dica o de atenci\u00f3n m\u00e9dica. Este tema sobresaliente ofrece una variedad de funcionalidades avanzadas, incluida la capacidad de reservar citas, mostrar perfiles de los m\u00e9dicos y mostrar testimonios de pacientes. Adem\u00e1s, el tema presenta una amplia variedad de opciones de personalizaci\u00f3n que permiten una personalizaci\u00f3n sin esfuerzo, lo que le permite adaptar la apariencia y la est\u00e9tica general de su sitio a sus preferencias espec\u00edficas. El tema Mediz Medical WordPress es innegablemente f\u00e1cil de usar, extremadamente sin esfuerzo para navegar y meticulosamente optimizado para los motores de b\u00fasqueda, garantizando una notable clasificaci\u00f3n del motor de b\u00fasqueda para su sitio web. Al utilizar este tema, su sitio web m\u00e9dico o de atenci\u00f3n m\u00e9dica exudar\u00e1 sin lugar a dudas de profesionalismo, contemporaneidad y funcionalidad \u00f3ptima.<\/p>\n","protected":false},"featured_media":166731,"comment_status":"open","ping_status":"open","template":"","meta":[],"product_brand":[2337],"product_cat":[1307,1237,1238],"product_tag":[1391],"class_list":{"0":"post-112153","1":"product","2":"type-product","3":"status-publish","4":"has-post-thumbnail","6":"product_brand-themeforest","7":"product_cat-negocio-wordpress-temas","8":"product_cat-temas","9":"product_cat-wordpress-temas","10":"product_tag-themeforest","11":"member-discount","12":"discount-restricted","14":"first","15":"instock","16":"sale","17":"downloadable","18":"virtual","19":"sold-individually","20":"purchasable","21":"product-type-simple"},"_links":{"self":[{"href":"https:\/\/gpl-love.com\/es\/wp-json\/wp\/v2\/product\/112153","targetHints":{"allow":["GET"]}}],"collection":[{"href":"https:\/\/gpl-love.com\/es\/wp-json\/wp\/v2\/product"}],"about":[{"href":"https:\/\/gpl-love.com\/es\/wp-json\/wp\/v2\/types\/product"}],"replies":[{"embeddable":true,"href":"https:\/\/gpl-love.com\/es\/wp-json\/wp\/v2\/comments?post=112153"}],"wp:featuredmedia":[{"embeddable":true,"href":"https:\/\/gpl-love.com\/es\/wp-json\/wp\/v2\/media\/166731"}],"wp:attachment":[{"href":"https:\/\/gpl-love.com\/es\/wp-json\/wp\/v2\/media?parent=112153"}],"wp:term":[{"taxonomy":"product_brand","embeddable":true,"href":"https:\/\/gpl-love.com\/es\/wp-json\/wp\/v2\/product_brand?post=112153"},{"taxonomy":"product_cat","embeddable":true,"href":"https:\/\/gpl-love.com\/es\/wp-json\/wp\/v2\/product_cat?post=112153"},{"taxonomy":"product_tag","embeddable":true,"href":"https:\/\/gpl-love.com\/es\/wp-json\/wp\/v2\/product_tag?post=112153"}],"curies":[{"name":"wp","href":"https:\/\/api.w.org\/{rel}","templated":true}]}}