{"id":112137,"date":"2023-11-11T00:00:00","date_gmt":"2023-11-11T05:00:00","guid":{"rendered":"http:\/\/gpl-love.com\/es\/producto\/woocommerce-storefront-powerpack\/"},"modified":"2026-03-09T08:25:53","modified_gmt":"2026-03-09T13:25:53","slug":"woocommerce-storefront-powerpack","status":"publish","type":"product","link":"https:\/\/gpl-love.com\/es\/producto\/woocommerce-storefront-powerpack\/","title":{"rendered":"WooCommerce Storefront Powerpack 1.6.3"},"content":{"rendered":"<h3>WooCommerce Storefront Powerpack Caracteristicas<\/h3>\n<p>WooCommerce Storefront Powerpack es un conjunto de herramientas que abarca todo el objetivo de aumentar tanto la funcionalidad como los aspectos de dise\u00f1o de su tienda virtual. Este complemento notablemente potente ofrece una extensa variedad de caracter\u00edsticas, que incluyen, entre otros, dise\u00f1os personalizables para el encabezado y el pie de p\u00e1gina, opciones tipogr\u00e1ficas avanzadas, la capacidad de personalizar la apariencia de las p\u00e1ginas de productos y una mir\u00edada de otras funcionalidades \u00fatiles. Al aprovechar el poder de WooCommerce Storefront Powerpack, puede establecer sin esfuerzo una experiencia de compra sin problemas y inmersiva para su estimada clientela, todo el tiempo que mejora simult\u00e1neamente el atractivo est\u00e9tico general y la eficiencia operativa de su emporio en l\u00ednea. Independientemente de si su objetivo principal es mejorar la experiencia del usuario, aumentar sus cifras de ventas o simplemente diferenciarse de la implacable competencia, el WooCommerce Storefront Powerpack emerge inequ\u00edvocamente como una herramienta indispensable en el arsenal de cualquier vendedor en l\u00ednea exigente.<\/p>\n<ul>\n<li>Mejora la funcionalidad de su tema de escaparate de WooCommerce<\/li>\n<li>Agrega una variedad de opciones de personalizaci\u00f3n al dise\u00f1o de su tienda<\/li>\n<li>Incluye plantillas y dise\u00f1os predise\u00f1ados para p\u00e1ginas de productos y p\u00e1ginas de pago<\/li>\n<li>Permite un mayor control sobre la apariencia de su tienda<\/li>\n<li>Proporciona caracter\u00edsticas adicionales como zoom de imagen del producto, desplazamiento infinito y men\u00fas personalizados<\/li>\n<li>Optimizado para dispositivos m\u00f3viles y dise\u00f1o receptivo<\/li>\n<li>Integraci\u00f3n f\u00e1cil con otros complementos de WooCommerce<\/li>\n<li>Velocidad y rendimiento mejorados del sitio con c\u00f3digo optimizado<\/li>\n<li>Actualizaciones regulares y soporte del equipo de WooCommerce.<\/li>\n<\/ul>\n","protected":false},"excerpt":{"rendered":"<p>WooCommerce Storefront Powerpack es un conjunto de herramientas integral y robusto meticulosamente elaborado para elevar y personalizar su tienda en l\u00ednea, otorg\u00e1ndole un nivel incomparable de control y personalizaci\u00f3n. Este recurso extraordinario est\u00e1 lleno de una gran cantidad de caracter\u00edsticas premium que est\u00e1n dise\u00f1adas por expertos para optimizar el dise\u00f1o de su tienda, mejorar su funcionalidad y, en \u00faltima instancia, reforzar sus cifras de ventas. Con las notables capacidades de Storefront Powerpack a su disposici\u00f3n, posee la capacidad de adaptar y modificar perfectamente su p\u00e1gina de inicio, manipular sin esfuerzo la tipograf\u00eda y los colores de su tienda, introducir nuevos widgets novedosos y mucho m\u00e1s. Adem\u00e1s, este complemento extraordinario lo equipa con opciones avanzadas que se integran perfectamente en sus p\u00e1ginas de productos, proceso de pago y notificaciones por correo electr\u00f3nico, lo que le permite crear una experiencia de compra exclusiva y de marca que se adapte de manera \u00fanica a su estimada clientela. Si aspira a trascender y ascender al cenit del \u00e9xito con su tienda WooCommerce, es indiscutible que StoreFront Powerpack sea inequ\u00edvocamente la herramienta por excelencia e indispensable que le permitir\u00e1 lograr sus altas aspiraciones.<\/p>\n","protected":false},"featured_media":168283,"comment_status":"open","ping_status":"open","template":"","meta":[],"product_brand":[2344],"product_cat":[1207,1248,1206],"product_tag":[1423],"class_list":{"0":"post-112137","1":"product","2":"type-product","3":"status-publish","4":"has-post-thumbnail","6":"product_brand-woocommerce","7":"product_cat-comercio-electronico-plugins","8":"product_cat-personalizacion-comercio-electronico-plugins","9":"product_cat-plugins","10":"product_tag-woocommerce","11":"member-discount","12":"discount-restricted","14":"first","15":"instock","16":"sale","17":"downloadable","18":"virtual","19":"sold-individually","20":"purchasable","21":"product-type-simple"},"_links":{"self":[{"href":"https:\/\/gpl-love.com\/es\/wp-json\/wp\/v2\/product\/112137","targetHints":{"allow":["GET"]}}],"collection":[{"href":"https:\/\/gpl-love.com\/es\/wp-json\/wp\/v2\/product"}],"about":[{"href":"https:\/\/gpl-love.com\/es\/wp-json\/wp\/v2\/types\/product"}],"replies":[{"embeddable":true,"href":"https:\/\/gpl-love.com\/es\/wp-json\/wp\/v2\/comments?post=112137"}],"wp:featuredmedia":[{"embeddable":true,"href":"https:\/\/gpl-love.com\/es\/wp-json\/wp\/v2\/media\/168283"}],"wp:attachment":[{"href":"https:\/\/gpl-love.com\/es\/wp-json\/wp\/v2\/media?parent=112137"}],"wp:term":[{"taxonomy":"product_brand","embeddable":true,"href":"https:\/\/gpl-love.com\/es\/wp-json\/wp\/v2\/product_brand?post=112137"},{"taxonomy":"product_cat","embeddable":true,"href":"https:\/\/gpl-love.com\/es\/wp-json\/wp\/v2\/product_cat?post=112137"},{"taxonomy":"product_tag","embeddable":true,"href":"https:\/\/gpl-love.com\/es\/wp-json\/wp\/v2\/product_tag?post=112137"}],"curies":[{"name":"wp","href":"https:\/\/api.w.org\/{rel}","templated":true}]}}