{"id":112135,"date":"2026-03-13T00:00:00","date_gmt":"2026-03-13T05:00:00","guid":{"rendered":"http:\/\/gpl-love.com\/es\/producto\/the-events-calendar-filter-bar\/"},"modified":"2026-04-10T11:27:25","modified_gmt":"2026-04-10T16:27:25","slug":"the-events-calendar-filter-bar","status":"publish","type":"product","link":"https:\/\/gpl-love.com\/es\/producto\/the-events-calendar-filter-bar\/","title":{"rendered":"The Events Calendar Filter Bar 5.6.3"},"content":{"rendered":"<h3>The Events Calendar Filter Bar Caracteristicas<\/h3>\n<p>La barra de filtro de calendario de eventos es una herramienta inmensamente robusta que proporciona a los usuarios la conveniente capacidad de examinar r\u00e1pidamente y sin esfuerzo a trav\u00e9s de una gama integral de eventos en un calendario. Armado con su interfaz altamente intuitiva y una variedad de amplias opciones de personalizaci\u00f3n, este complemento faculta a las empresas y organizaciones adaptar finamente su calendario a los distintos requisitos de su audiencia. Ya sea que el objetivo sea enfatizar tipos de eventos, ubicaciones o rangos de fecha espec\u00edficos, la barra de filtro de calendario de eventos otorga un medio sin esfuerzo para mostrar los eventos que tienen la m\u00e1xima importancia. Adem\u00e1s, debido a su integraci\u00f3n perfecta con el complemento de calendario de eventos, esta herramienta es la opci\u00f3n ideal para las personas que buscan optimizar el impacto de su calendario de eventos.<\/p>\n<ul>\n<li>Filtrado eficiente de eventos basados \u200b\u200ben la fecha, categor\u00eda, palabra clave y ubicaci\u00f3n<\/li>\n<li>Opciones de filtro personalizables para satisfacer sus necesidades de evento espec\u00edficas<\/li>\n<li>Ahorra tiempo y esfuerzo al reducir r\u00e1pidamente los resultados de b\u00fasqueda de eventos<\/li>\n<li>Interfaz f\u00e1cil de usar para una f\u00e1cil navegaci\u00f3n y selecci\u00f3n de opciones de filtro<\/li>\n<li>Dise\u00f1o receptivo que se adapta a diferentes tama\u00f1os y dispositivos de pantalla<\/li>\n<li>Integraci\u00f3n perfecta con el complemento de calendario de eventos para WordPress<\/li>\n<li>Actualizaciones y soporte regulares para garantizar un rendimiento \u00f3ptimo y la satisfacci\u00f3n del cliente<\/li>\n<\/ul>\n","protected":false},"excerpt":{"rendered":"<p>La barra de filtro de calendario de eventos es una herramienta altamente eficiente y f\u00e1cil de usar que permite a los usuarios la capacidad de organizar y refinar eventos sin esfuerzo de acuerdo con una amplia gama de criterios que incluyen, entre otras, la ubicaci\u00f3n y la categor\u00eda. Imbuido de una interfaz perfecta y refinada, esta notable herramienta ofrece un enfoque simplificado para buscar eventos y personalizar la experiencia general de visualizaci\u00f3n. Desarrollado exclusivamente para el complemento de calendario de eventos en WordPress, este complemento invaluable sirve como un activo indispensable para las personas que buscan optimizar la funcionalidad del calendario de eventos de su sitio web.<\/p>\n","protected":false},"featured_media":167704,"comment_status":"open","ping_status":"open","template":"","meta":[],"product_brand":[2575],"product_cat":[1214,1206,1211],"product_tag":[1551],"class_list":{"0":"post-112135","1":"product","2":"type-product","3":"status-publish","4":"has-post-thumbnail","6":"product_brand-the-events-calendar","7":"product_cat-personalizacion","8":"product_cat-plugins","9":"product_cat-wordpress-plugins","10":"product_tag-the-events-calendar","11":"member-discount","12":"discount-restricted","14":"first","15":"instock","16":"sale","17":"downloadable","18":"virtual","19":"sold-individually","20":"purchasable","21":"product-type-simple"},"_links":{"self":[{"href":"https:\/\/gpl-love.com\/es\/wp-json\/wp\/v2\/product\/112135","targetHints":{"allow":["GET"]}}],"collection":[{"href":"https:\/\/gpl-love.com\/es\/wp-json\/wp\/v2\/product"}],"about":[{"href":"https:\/\/gpl-love.com\/es\/wp-json\/wp\/v2\/types\/product"}],"replies":[{"embeddable":true,"href":"https:\/\/gpl-love.com\/es\/wp-json\/wp\/v2\/comments?post=112135"}],"wp:featuredmedia":[{"embeddable":true,"href":"https:\/\/gpl-love.com\/es\/wp-json\/wp\/v2\/media\/167704"}],"wp:attachment":[{"href":"https:\/\/gpl-love.com\/es\/wp-json\/wp\/v2\/media?parent=112135"}],"wp:term":[{"taxonomy":"product_brand","embeddable":true,"href":"https:\/\/gpl-love.com\/es\/wp-json\/wp\/v2\/product_brand?post=112135"},{"taxonomy":"product_cat","embeddable":true,"href":"https:\/\/gpl-love.com\/es\/wp-json\/wp\/v2\/product_cat?post=112135"},{"taxonomy":"product_tag","embeddable":true,"href":"https:\/\/gpl-love.com\/es\/wp-json\/wp\/v2\/product_tag?post=112135"}],"curies":[{"name":"wp","href":"https:\/\/api.w.org\/{rel}","templated":true}]}}