{"id":112133,"date":"2026-03-02T00:00:00","date_gmt":"2026-03-02T05:00:00","guid":{"rendered":"http:\/\/gpl-love.com\/es\/producto\/the-events-calendar-community-events\/"},"modified":"2026-04-10T11:27:22","modified_gmt":"2026-04-10T16:27:22","slug":"the-events-calendar-community-events","status":"publish","type":"product","link":"https:\/\/gpl-love.com\/es\/producto\/the-events-calendar-community-events\/","title":{"rendered":"The Events Calendar Community Events 5.0.15"},"content":{"rendered":"<h3>The Events Calendar Community Events Caracteristicas<\/h3>\n<p>Events Calendar Community Events, una notable herramienta de gesti\u00f3n de eventos dise\u00f1ada espec\u00edficamente para sitios web de WordPress, ofrece una variedad de caracter\u00edsticas potentes. Este complemento permite a los usuarios crear, administrar y anunciar eventos comunitarios sin esfuerzo. Su interfaz f\u00e1cil de usar facilita la adici\u00f3n r\u00e1pida de eventos, establecimiento de eventos recurrentes y la gesti\u00f3n de los detalles del evento que abarca la ubicaci\u00f3n, la fecha, la hora y la descripci\u00f3n. Adem\u00e1s, el complemento otorga a los usuarios la libertad de personalizar listados de eventos incorporando elementos como paginaci\u00f3n, vista de calendario y opciones de filtrado basadas en categor\u00eda o etiqueta. Adem\u00e1s, esta herramienta excepcional permite a los usuarios vender boletos convenientemente en l\u00ednea y supervisar efectivamente RSVP para sus eventos. Integr\u00e1ndose sin problemas con WordPress, los eventos de los eventos de la comunidad del calendario, sin duda, surgen como un activo indispensable para cualquier sitio web que busque orquestar y propagar de manera competente eventos de la comunidad.<\/p>\n<ul>\n<li>Permite a los visitantes del sitio web enviar eventos al calendario de su comunidad<\/li>\n<li>Formulario de env\u00edo f\u00e1cil de usar con campos personalizables<\/li>\n<li>Opciones de moderaci\u00f3n para revisar y aprobar presentaciones antes de que se publiquen<\/li>\n<li>Integraci\u00f3n con el complemento de calendario de eventos para una visualizaci\u00f3n perfecta de eventos comunitarios<\/li>\n<li>M\u00faltiples opciones de visualizaci\u00f3n para eventos comunitarios, incluida la vista de lista, la vista del calendario y la vista de mapa<\/li>\n<li>Mensaje de confirmaci\u00f3n de env\u00edo de eventos personalizable<\/li>\n<li>Notificaciones de correo electr\u00f3nico automatizadas para el estado de env\u00edo y aprobaci\u00f3n de eventos<\/li>\n<li>Opci\u00f3n de cobrar una tarifa por los env\u00edos de eventos<\/li>\n<li>Directrices de env\u00edo de eventos personalizables para una mejor comunicaci\u00f3n con los presentadores<\/li>\n<li>Integraci\u00f3n perfecta con servicios populares de marketing por correo electr\u00f3nico como MailChimp y Constant Contact.<\/li>\n<\/ul>\n","protected":false},"excerpt":{"rendered":"<p>Events Calendar Community Events se presenta como una soluci\u00f3n de software incre\u00edblemente potente cuando se trata de administrar y exhibir de manera efectiva eventos comunitarios en su sitio web. Al proporcionarle una multitud de herramientas f\u00e1ciles de usar que facilitan la creaci\u00f3n y publicaci\u00f3n de eventos, este software garantiza que su comunidad permanezca bien informada y actualizada con respecto a una amplia gama de ocurrencias, que van desde conciertos cautelizadores y cautivan a los festivales a benevolente organizaci\u00f3n ben\u00e9fica y edificantes recaudadores de fondos. Adem\u00e1s, al ofrecer una extensa gama de opciones de personalizaci\u00f3n e integraci\u00f3n perfecta con proveedores de eventos de renombre, se le presentan los medios para exhibir art\u00edsticamente eventos de una manera que se alinea perfectamente con su marca, genuinamente involucra a su audiencia y, finalmente, refuerza las cifras de asistencia. Independientemente de si su organizaci\u00f3n es una entidad comercial diminuta, una organizaci\u00f3n altruista sin fines de lucro o una entidad gubernamental localizada, se asegura de que los eventos de la comunidad calendario le brindan una v\u00eda sin esfuerzo y eficiente para crear una comunidad vibrante y pr\u00f3spera dentro del reino digital .<\/p>\n","protected":false},"featured_media":167701,"comment_status":"open","ping_status":"open","template":"","meta":[],"product_brand":[2575],"product_cat":[1214,1206,1211],"product_tag":[1551],"class_list":{"0":"post-112133","1":"product","2":"type-product","3":"status-publish","4":"has-post-thumbnail","6":"product_brand-the-events-calendar","7":"product_cat-personalizacion","8":"product_cat-plugins","9":"product_cat-wordpress-plugins","10":"product_tag-the-events-calendar","11":"member-discount","12":"discount-restricted","14":"first","15":"instock","16":"sale","17":"downloadable","18":"virtual","19":"sold-individually","20":"purchasable","21":"product-type-simple"},"_links":{"self":[{"href":"https:\/\/gpl-love.com\/es\/wp-json\/wp\/v2\/product\/112133","targetHints":{"allow":["GET"]}}],"collection":[{"href":"https:\/\/gpl-love.com\/es\/wp-json\/wp\/v2\/product"}],"about":[{"href":"https:\/\/gpl-love.com\/es\/wp-json\/wp\/v2\/types\/product"}],"replies":[{"embeddable":true,"href":"https:\/\/gpl-love.com\/es\/wp-json\/wp\/v2\/comments?post=112133"}],"wp:featuredmedia":[{"embeddable":true,"href":"https:\/\/gpl-love.com\/es\/wp-json\/wp\/v2\/media\/167701"}],"wp:attachment":[{"href":"https:\/\/gpl-love.com\/es\/wp-json\/wp\/v2\/media?parent=112133"}],"wp:term":[{"taxonomy":"product_brand","embeddable":true,"href":"https:\/\/gpl-love.com\/es\/wp-json\/wp\/v2\/product_brand?post=112133"},{"taxonomy":"product_cat","embeddable":true,"href":"https:\/\/gpl-love.com\/es\/wp-json\/wp\/v2\/product_cat?post=112133"},{"taxonomy":"product_tag","embeddable":true,"href":"https:\/\/gpl-love.com\/es\/wp-json\/wp\/v2\/product_tag?post=112133"}],"curies":[{"name":"wp","href":"https:\/\/api.w.org\/{rel}","templated":true}]}}