{"id":112129,"date":"2024-03-04T00:00:00","date_gmt":"2024-03-04T05:00:00","guid":{"rendered":"http:\/\/gpl-love.com\/es\/producto\/aliexpress-dropshipping-business-plugin-for-woocommerce\/"},"modified":"2026-03-09T07:17:32","modified_gmt":"2026-03-09T12:17:32","slug":"aliexpress-dropshipping-business-plugin-for-woocommerce","status":"publish","type":"product","link":"https:\/\/gpl-love.com\/es\/producto\/aliexpress-dropshipping-business-plugin-for-woocommerce\/","title":{"rendered":"AliExpress Dropshipping Business plugin para WooCommerce 3.2.4"},"content":{"rendered":"<h3>AliExpress Dropshipping Business plugin para WooCommerce Caracteristicas<\/h3>\n<p>El complemento de negocios AliExpress Dropshipping para WooCommerce es una herramienta altamente eficiente que ofrece el beneficio sustancial de poder iniciar su propia empresa de comercio electr\u00f3nico sin necesidad de la necesidad de ning\u00fan inventario f\u00edsico. Este complemento notablemente conveniente le otorga la capacidad de importar sin esfuerzo una amplia gama de productos directamente desde AliExpress hasta su tienda WooCommerce con solo unos pocos clics, racionalizando y simplificando el proceso complejo y laborioso de operar con \u00e9xito un negocio droppshipping. Al utilizar este complemento, obtiene la capacidad ventajosa para administrar y supervisar sin problemas todos los pedidos entrantes, rastrear efectivamente todos los env\u00edos salientes y modificar y actualizar r\u00e1pidamente los niveles de precios e inventario en tiempo real. Adem\u00e1s, este complemento abarca una amplia gama de caracter\u00edsticas altamente deseables que facilitan y aceleran efectivamente el proceso de personalizaci\u00f3n y personalizaci\u00f3n de su tienda en l\u00ednea para atender con precisi\u00f3n sus preferencias y requisitos \u00fanicos. Dichas caracter\u00edsticas incluyen, pero no se limitan a la capacidad de incorporar im\u00e1genes de productos personalizadas sin esfuerzo, elaborar y refinar meticulosamente las descripciones detalladas de los productos, e incorporar varios elementos adicionales que contribuyan al atractivo est\u00e9tico general y la funcionalidad de su tienda. En consecuencia, independientemente de si es un vendedor experimentado y experimentado ya bien versado en las complejidades del reino de comercio electr\u00f3nico o un novato entusiasta que se embarca en su primer viaje emprendedor, el complemento de negocios de Dropshipping AliExpress para WooCommerce indudablemente representa un muy invaluable un invalorable y un activo indispensable que posee el potencial inigualable para acelerar efectivamente el crecimiento y la expansi\u00f3n de su negocio de una manera excepcionalmente r\u00e1pida y perfecta.<\/p>\n<ul>\n<li>Importar autom\u00e1ticamente productos de AliExpress a su tienda WooCommerce<\/li>\n<li>Inventario en tiempo real y sincronizaci\u00f3n de precios con vendedores AliExpress<\/li>\n<li>Cumplimiento de la orden de un solo clic de AliExpress<\/li>\n<li>Opci\u00f3n para ajustar el precio y editar los detalles del producto antes de publicar en su tienda<\/li>\n<li>Las revisiones y calificaciones de productos automatizados importan de AliExpress<\/li>\n<li>Opci\u00f3n para importar m\u00faltiples productos a la vez con funci\u00f3n de importaci\u00f3n a granel<\/li>\n<li>Compatibilidad con m\u00faltiples temas y complementos de WooCommerce<\/li>\n<li>Interfaz f\u00e1cil de usar con configuraci\u00f3n y configuraci\u00f3n f\u00e1cil<\/li>\n<li>Acceso al programa de afiliados de AliExpress para obtener la Comisi\u00f3n de Ventas<\/li>\n<\/ul>\n","protected":false},"excerpt":{"rendered":"<p>El complemento de negocios AliExpress Dropshipping para WooCommerce es una herramienta revolucionaria dise\u00f1ada para empresarios en l\u00ednea inteligentes. Este complemento innovador le permite integrar a la perfecci\u00f3n su tienda WooCommerce con AliExpress, uno de los principales mercados en l\u00ednea del mundo. Le permite importar f\u00e1cilmente productos directamente desde AliExpress a su tienda, simplificando significativamente el proceso de dropshipping. Con este complemento que cambia el juego, puede automatizar sus operaciones comerciales, ahorr\u00e1ndole innumerables horas de trabajo manual. El complemento tambi\u00e9n le permite personalizar los detalles del producto, administrar el inventario y monitorear los precios en tiempo real. Con el complemento de negocios AliExpress Dropshipping para WooCommerce, puede llevar su negocio de comercio electr\u00f3nico a nuevas alturas.<\/p>\n","protected":false},"featured_media":165347,"comment_status":"open","ping_status":"open","template":"","meta":[],"product_brand":[2339],"product_cat":[1207,1248,1206],"product_tag":[1256],"class_list":{"0":"post-112129","1":"product","2":"type-product","3":"status-publish","4":"has-post-thumbnail","6":"product_brand-codecanyon","7":"product_cat-comercio-electronico-plugins","8":"product_cat-personalizacion-comercio-electronico-plugins","9":"product_cat-plugins","10":"product_tag-codecanyon","11":"member-discount","12":"discount-restricted","14":"first","15":"instock","16":"sale","17":"downloadable","18":"virtual","19":"sold-individually","20":"purchasable","21":"product-type-simple"},"_links":{"self":[{"href":"https:\/\/gpl-love.com\/es\/wp-json\/wp\/v2\/product\/112129","targetHints":{"allow":["GET"]}}],"collection":[{"href":"https:\/\/gpl-love.com\/es\/wp-json\/wp\/v2\/product"}],"about":[{"href":"https:\/\/gpl-love.com\/es\/wp-json\/wp\/v2\/types\/product"}],"replies":[{"embeddable":true,"href":"https:\/\/gpl-love.com\/es\/wp-json\/wp\/v2\/comments?post=112129"}],"wp:featuredmedia":[{"embeddable":true,"href":"https:\/\/gpl-love.com\/es\/wp-json\/wp\/v2\/media\/165347"}],"wp:attachment":[{"href":"https:\/\/gpl-love.com\/es\/wp-json\/wp\/v2\/media?parent=112129"}],"wp:term":[{"taxonomy":"product_brand","embeddable":true,"href":"https:\/\/gpl-love.com\/es\/wp-json\/wp\/v2\/product_brand?post=112129"},{"taxonomy":"product_cat","embeddable":true,"href":"https:\/\/gpl-love.com\/es\/wp-json\/wp\/v2\/product_cat?post=112129"},{"taxonomy":"product_tag","embeddable":true,"href":"https:\/\/gpl-love.com\/es\/wp-json\/wp\/v2\/product_tag?post=112129"}],"curies":[{"name":"wp","href":"https:\/\/api.w.org\/{rel}","templated":true}]}}