{"id":112127,"date":"2022-03-29T00:00:00","date_gmt":"2022-03-29T05:00:00","guid":{"rendered":"http:\/\/gpl-love.com\/es\/producto\/avo-creative-portfolio-and-agency-wordpress-theme\/"},"modified":"2026-03-13T17:16:15","modified_gmt":"2026-03-13T22:16:15","slug":"avo-creative-portfolio-and-agency-wordpress-theme","status":"publish","type":"product","link":"https:\/\/gpl-love.com\/es\/producto\/avo-creative-portfolio-and-agency-wordpress-theme\/","title":{"rendered":"Avo Creative Portfolio y Agency WordPress Theme 1.1.9"},"content":{"rendered":"<h3>Avo Creative Portfolio y Agency WordPress Theme Caracteristicas<\/h3>\n<p>La cartera creativa AVO y el tema de WordPress de WordPress es un tema altamente adaptable y extremadamente poderoso que ha sido meticulosamente elaborado para los profesionales y agencias creativas exigentes. Con una est\u00e9tica de dise\u00f1o elegante y contempor\u00e1nea, este tema ofrece una plataforma impresionante y visualmente cautivadora para exhibir su trabajo excepcional, todo el tiempo que incorpora caracter\u00edsticas funcionales y f\u00e1ciles de usar que sin duda elevar\u00e1n su presencia en l\u00ednea. Avo se enorgullece de su amplia gama de opciones de personalizaci\u00f3n, asegurando que tenga la libertad y la flexibilidad de adaptar el tema para satisfacer sus requisitos y preferencias personales precisas. Independientemente de si usted es un fot\u00f3grafo experimentado, un dise\u00f1ador visionario o un desarrollador competente, AVO se erige como la elecci\u00f3n por excelencia para construir una extraordinaria cartera en l\u00ednea que dejar\u00e1 una marca indeleble en sus visitantes. Vale la pena se\u00f1alar que este tema se ha optimizado cuidadosamente tanto para la optimizaci\u00f3n de motores de b\u00fasqueda (SEO) como para la velocidad de carga de p\u00e1gina r\u00e1pida, garantizando efectivamente que su sitio web funcionar\u00e1 excepcionalmente bien en los resultados de b\u00fasqueda y se cargar\u00e1 de inmediato para sus estimados visitantes. La interfaz intuitiva inherente, junto con la documentaci\u00f3n integral proporcionada, hace que AVO sea una opci\u00f3n inigualable para cualquiera que busque tener un impacto duradero a trav\u00e9s de su presencia en l\u00ednea.<\/p>\n<ul>\n<li>Dise\u00f1o moderno y elegante<\/li>\n<li>Dise\u00f1o totalmente receptivo<\/li>\n<li>Perfecto para carteras creativas y agencias<\/li>\n<li>Herramientas de personalizaci\u00f3n f\u00e1cil de usar<\/li>\n<li>P\u00e1ginas preconstruidas para miembros del equipo, publicaciones de blog y proyectos<\/li>\n<li>M\u00faltiples dise\u00f1os de cartera<\/li>\n<li>Integraci\u00f3n con complementos populares de WordPress<\/li>\n<li>SEO optimizado<\/li>\n<li>Importaci\u00f3n de demostraci\u00f3n de un solo clic<\/li>\n<li>Equipo de apoyo dedicado<\/li>\n<li>Actualizaciones y mejoras regulares<\/li>\n<li>Efectos suaves de desplazamiento y animaci\u00f3n<\/li>\n<li>Integraci\u00f3n de redes sociales<\/li>\n<li>Formulario de contacto y formulario de suscripci\u00f3n al bolet\u00edn incluido<\/li>\n<li>Traducci\u00f3n lista<\/li>\n<li>Compatible con todos los navegadores modernos<\/li>\n<li>Compatibilidad de los dispositivos cruzados<\/li>\n<\/ul>\n","protected":false},"excerpt":{"rendered":"<p>AVO es un tema robusto, din\u00e1mico y f\u00e1cil de usar por la cartera creativa y el tema de WordPress de la agencia. Perfecto para agencias creativas, trabajadores independientes, artistas, fot\u00f3grafos o cualquier tipo de profesionales creativos, Avo ofrece una plataforma visualmente impresionante para mostrar su trabajo. Este tema de WordPress viene lleno de caracter\u00edsticas como un creador de p\u00e1ginas de arrastrar y soltar, personalizador en vivo e instalador de demostraci\u00f3n con un solo clic, que simplifica el proceso de construcci\u00f3n de su cartera en l\u00ednea. Tambi\u00e9n incluye una variedad de carteras predise\u00f1adas, agencia y dise\u00f1os de blogs para satisfacer sus necesidades espec\u00edficas. Con su dise\u00f1o receptivo, su sitio web se ver\u00e1 genial en cualquier dispositivo, asegurando una experiencia de navegaci\u00f3n perfecta para sus visitantes. AVO es amigable con SEO y optimizado por la velocidad, mejorando la visibilidad de su sitio web en los motores de b\u00fasqueda y proporciona un sitio de carga r\u00e1pida para mantener a su audiencia comprometida. Adem\u00e1s, ofrece soporte al cliente de primer nivel y actualizaciones regulares de temas para mantener su sitio funcionando sin problemas. Comience a usar AVO hoy y deje que su creatividad brille en l\u00ednea.<\/p>\n","protected":false},"featured_media":165448,"comment_status":"open","ping_status":"open","template":"","meta":[],"product_brand":[2337],"product_cat":[1267,1237,1238],"product_tag":[1391],"class_list":{"0":"post-112127","1":"product","2":"type-product","3":"status-publish","4":"has-post-thumbnail","6":"product_brand-themeforest","7":"product_cat-creativo","8":"product_cat-temas","9":"product_cat-wordpress-temas","10":"product_tag-themeforest","11":"member-discount","12":"discount-restricted","14":"first","15":"instock","16":"sale","17":"downloadable","18":"virtual","19":"sold-individually","20":"purchasable","21":"product-type-simple"},"_links":{"self":[{"href":"https:\/\/gpl-love.com\/es\/wp-json\/wp\/v2\/product\/112127","targetHints":{"allow":["GET"]}}],"collection":[{"href":"https:\/\/gpl-love.com\/es\/wp-json\/wp\/v2\/product"}],"about":[{"href":"https:\/\/gpl-love.com\/es\/wp-json\/wp\/v2\/types\/product"}],"replies":[{"embeddable":true,"href":"https:\/\/gpl-love.com\/es\/wp-json\/wp\/v2\/comments?post=112127"}],"wp:featuredmedia":[{"embeddable":true,"href":"https:\/\/gpl-love.com\/es\/wp-json\/wp\/v2\/media\/165448"}],"wp:attachment":[{"href":"https:\/\/gpl-love.com\/es\/wp-json\/wp\/v2\/media?parent=112127"}],"wp:term":[{"taxonomy":"product_brand","embeddable":true,"href":"https:\/\/gpl-love.com\/es\/wp-json\/wp\/v2\/product_brand?post=112127"},{"taxonomy":"product_cat","embeddable":true,"href":"https:\/\/gpl-love.com\/es\/wp-json\/wp\/v2\/product_cat?post=112127"},{"taxonomy":"product_tag","embeddable":true,"href":"https:\/\/gpl-love.com\/es\/wp-json\/wp\/v2\/product_tag?post=112127"}],"curies":[{"name":"wp","href":"https:\/\/api.w.org\/{rel}","templated":true}]}}