{"id":112125,"date":"2026-04-29T00:00:00","date_gmt":"2026-04-29T05:00:00","guid":{"rendered":"http:\/\/gpl-love.com\/es\/producto\/bricks-visual-site-builder-for-wordpress\/"},"modified":"2026-04-29T05:15:14","modified_gmt":"2026-04-29T10:15:14","slug":"bricks-visual-site-builder-for-wordpress","status":"publish","type":"product","link":"https:\/\/gpl-love.com\/es\/producto\/bricks-visual-site-builder-for-wordpress\/","title":{"rendered":"Bricks Visual Site Builder para WordPress 2.3.4"},"content":{"rendered":"<h3>Bricks Visual Site Builder para WordPress Caracteristicas<\/h3>\n<p>Bricks Visual Site Builder, estimado como un complemento de WordPress influyente, presenta una v\u00eda excepcional para los usuarios que desean construir sitios web impresionantes sin esfuerzo sin la carga de poseer la experiencia en codificaci\u00f3n. A trav\u00e9s de su interfaz de arrastrar y soltar f\u00e1cilmente de uso de usuarios, los individuos pueden dise\u00f1ar sus p\u00e1ginas web de manera r\u00e1pida y perfecta, aprovechando un extenso repertorio de plantillas, bloques y elementos predise\u00f1ados para personalizar su presencia en l\u00ednea. Adem\u00e1s, este complemento cuenta con una variedad de funcionalidades avanzadas, que abarca opciones de dise\u00f1o receptivas, la capacidad de participar en la edici\u00f3n personalizada de CSS y HTML, e integraci\u00f3n perfecta con estimadas herramientas de terceros como WooCommerce y MailChimp. En consecuencia, Bricks Visual Site Builder emerge como el ant\u00eddoto por excelencia para aquellos en busca de un m\u00e9todo r\u00e1pido e indoloro para producir un sitio web de grado profesional, mientras evade las complejidades asociadas con la codificaci\u00f3n o el alistamiento de los servicios de un desarrollador competente.<\/p>\n<ul>\n<li>Sistema de arrastrar y soltar f\u00e1cil de usar para construir hermosos sitios web de WordPress<\/li>\n<li>No se requiere conocimiento de codificaci\u00f3n<\/li>\n<li>Cientos de plantillas personalizables para elegir<\/li>\n<li>El dise\u00f1o receptivo garantiza que su sitio web se vea genial en todos los dispositivos<\/li>\n<li>Integraci\u00f3n de apariencia con complementos y widgets populares de WordPress<\/li>\n<li>Herramientas de dise\u00f1o avanzadas para usuarios m\u00e1s avanzados<\/li>\n<li>Optimizaci\u00f3n de SEO incorporada para una mejor clasificaci\u00f3n de motores de b\u00fasqueda<\/li>\n<li>Actualizaciones y soporte regulares para mantener su sitio web funcionando sin problemas<\/li>\n<\/ul>\n","protected":false},"excerpt":{"rendered":"<p>Bricks Visual Site Builder es una herramienta innovadora dise\u00f1ada para usuarios de WordPress, con el objetivo de simplificar el proceso de creaci\u00f3n de sitios web. Este constructor de vanguardia le permite crear visualmente su sitio web, desde la estructura hasta los elementos de dise\u00f1o, todo en tiempo real. Con Bricks Visual Site Builder, puede personalizar f\u00e1cilmente todos los aspectos de su sitio de WordPress, incluida la tipograf\u00eda, los colores, los dise\u00f1os y m\u00e1s, sin necesidad de escribir una sola l\u00ednea de c\u00f3digo. Las caracter\u00edsticas clave de esta herramienta incluyen su interfaz de arrastrar y soltar, plantillas predise\u00f1adas, capacidades de dise\u00f1o receptivas y estructura amigable con SEO. Esto significa que no solo puede crear un sitio web visualmente atractivo, sino tambi\u00e9n uno que funciona bien en la clasificaci\u00f3n de motores de b\u00fasqueda. Con su interfaz f\u00e1cil de usar y un amplio conjunto de caracter\u00edsticas, Bricks Visual Site Builder hace que el proceso de construcci\u00f3n del sitio web sea muy f\u00e1cil, lo que le ahorra tiempo y esfuerzo. Ya sea que sea un principiante o un dise\u00f1ador web experimentado, esta herramienta ofrece una soluci\u00f3n pr\u00e1ctica para satisfacer las necesidades de construcci\u00f3n de su sitio de WordPress.<\/p>\n","protected":false},"featured_media":165555,"comment_status":"open","ping_status":"open","template":"","meta":[],"product_brand":[2384],"product_cat":[1214,1206,1211],"product_tag":[1821],"class_list":{"0":"post-112125","1":"product","2":"type-product","3":"status-publish","4":"has-post-thumbnail","6":"product_brand-bricks","7":"product_cat-personalizacion","8":"product_cat-plugins","9":"product_cat-wordpress-plugins","10":"product_tag-bricks","11":"member-discount","12":"discount-restricted","14":"first","15":"instock","16":"sale","17":"downloadable","18":"virtual","19":"sold-individually","20":"purchasable","21":"product-type-simple"},"_links":{"self":[{"href":"https:\/\/gpl-love.com\/es\/wp-json\/wp\/v2\/product\/112125","targetHints":{"allow":["GET"]}}],"collection":[{"href":"https:\/\/gpl-love.com\/es\/wp-json\/wp\/v2\/product"}],"about":[{"href":"https:\/\/gpl-love.com\/es\/wp-json\/wp\/v2\/types\/product"}],"replies":[{"embeddable":true,"href":"https:\/\/gpl-love.com\/es\/wp-json\/wp\/v2\/comments?post=112125"}],"wp:featuredmedia":[{"embeddable":true,"href":"https:\/\/gpl-love.com\/es\/wp-json\/wp\/v2\/media\/165555"}],"wp:attachment":[{"href":"https:\/\/gpl-love.com\/es\/wp-json\/wp\/v2\/media?parent=112125"}],"wp:term":[{"taxonomy":"product_brand","embeddable":true,"href":"https:\/\/gpl-love.com\/es\/wp-json\/wp\/v2\/product_brand?post=112125"},{"taxonomy":"product_cat","embeddable":true,"href":"https:\/\/gpl-love.com\/es\/wp-json\/wp\/v2\/product_cat?post=112125"},{"taxonomy":"product_tag","embeddable":true,"href":"https:\/\/gpl-love.com\/es\/wp-json\/wp\/v2\/product_tag?post=112125"}],"curies":[{"name":"wp","href":"https:\/\/api.w.org\/{rel}","templated":true}]}}