{"id":112123,"date":"2024-06-20T00:00:00","date_gmt":"2024-06-20T05:00:00","guid":{"rendered":"http:\/\/gpl-love.com\/es\/producto\/growth-personal-portfolio-theme\/"},"modified":"2026-03-13T17:21:56","modified_gmt":"2026-03-13T22:21:56","slug":"growth-personal-portfolio-theme","status":"publish","type":"product","link":"https:\/\/gpl-love.com\/es\/producto\/growth-personal-portfolio-theme\/","title":{"rendered":"Growth Personal Portfolio Theme 1.9.3"},"content":{"rendered":"<h3>Growth Personal Portfolio Theme Caracteristicas<\/h3>\n<p>El tema de la cartera personal de crecimiento, con sus innumerables caracter\u00edsticas y funcionalidades, sirve como un instrumento invaluable para las personas que son profesionales, creativos y empresarios, ya que les permite exhibir efectivamente su trabajo y experiencia de una manera que exude profesionalismo y cautive la atenci\u00f3n. Con una amplia gama de opciones personalizables, este tema permite a los usuarios dise\u00f1ar una cartera a medida que acent\u00faa sus fortalezas y logros distintivos. Adem\u00e1s, la naturaleza receptiva del tema garantiza que estas carteras son accesibles y absorbentes en todos los dispositivos. Con su dise\u00f1o elegante y contempor\u00e1neo, junto con su sistema de navegaci\u00f3n f\u00e1cil de usar, el tema de la cartera personal de crecimiento representa la soluci\u00f3n por excelencia para aquellos que buscan forjar una presencia en l\u00ednea que se distingue sin esfuerzo de la multitud. Independientemente de si uno es un profesional independiente, un dise\u00f1ador visionario o propietario de un negocio astuto, este tema sirve como una herramienta indispensable, facilitando la exhibici\u00f3n de las habilidades y el encanto de las nuevas clientela y las oportunidades.<\/p>\n<ul>\n<li>Dise\u00f1o elegante y moderno para una cartera profesional en l\u00ednea<\/li>\n<li>P\u00e1gina de inicio personalizable con m\u00faltiples opciones de dise\u00f1o<\/li>\n<li>Constructor de p\u00e1gina de arrastrar y soltar f\u00e1ciles de usar<\/li>\n<li>Dise\u00f1o totalmente receptivo para una visualizaci\u00f3n \u00f3ptima en cualquier dispositivo<\/li>\n<li>SEO optimizado para una mayor visibilidad en los motores de b\u00fasqueda<\/li>\n<li>Integraci\u00f3n con plataformas de redes sociales populares<\/li>\n<li>Exhibici\u00f3n de cartera incorporada con art\u00edculos de cartera personalizables<\/li>\n<li>Documentaci\u00f3n integral y videos tutoriales para una f\u00e1cil configuraci\u00f3n y personalizaci\u00f3n<\/li>\n<li>Actualizaciones regulares y correcciones de errores para una funcionalidad mejorada<\/li>\n<li>Equipo de soporte dedicado disponible para ayudar con cualquier pregunta o problema<\/li>\n<\/ul>\n","protected":false},"excerpt":{"rendered":"<p>El tema de la cartera de Growth Personal es un tema de sitio web exquisitamente dise\u00f1ado que est\u00e1 espec\u00edficamente dise\u00f1ado para mostrar su cartera personal de una manera visualmente impresionante y cautivadora. Este tema ofrece una multitud de secciones personalizables, incluidas las dedicadas a su experiencia laboral, educaci\u00f3n y proyectos, brind\u00e1ndole la oportunidad de resaltar efectivamente su conjunto de habilidades y talentos. Adem\u00e1s, el tema se jacta de un dise\u00f1o receptivo, asegurando que se pueda acceder sin esfuerzo a su cartera en cualquier dispositivo. Adem\u00e1s, el tema tambi\u00e9n ofrece opciones de personalizaci\u00f3n f\u00e1ciles, lo que le permite adaptarlo para que se adapte a su propio estilo \u00fanico y gusto personal. Por lo tanto, si est\u00e1 buscando un medio potente y visualmente llamativo para exhibir su marca personal en l\u00ednea, el tema de la cartera personal de crecimiento es una necesidad absoluta.<\/p>\n","protected":false},"featured_media":166396,"comment_status":"open","ping_status":"open","template":"","meta":[],"product_brand":[2337],"product_cat":[1267,1237,1238],"product_tag":[1391],"class_list":{"0":"post-112123","1":"product","2":"type-product","3":"status-publish","4":"has-post-thumbnail","6":"product_brand-themeforest","7":"product_cat-creativo","8":"product_cat-temas","9":"product_cat-wordpress-temas","10":"product_tag-themeforest","11":"member-discount","12":"discount-restricted","14":"first","15":"instock","16":"sale","17":"downloadable","18":"virtual","19":"sold-individually","20":"purchasable","21":"product-type-simple"},"_links":{"self":[{"href":"https:\/\/gpl-love.com\/es\/wp-json\/wp\/v2\/product\/112123","targetHints":{"allow":["GET"]}}],"collection":[{"href":"https:\/\/gpl-love.com\/es\/wp-json\/wp\/v2\/product"}],"about":[{"href":"https:\/\/gpl-love.com\/es\/wp-json\/wp\/v2\/types\/product"}],"replies":[{"embeddable":true,"href":"https:\/\/gpl-love.com\/es\/wp-json\/wp\/v2\/comments?post=112123"}],"wp:featuredmedia":[{"embeddable":true,"href":"https:\/\/gpl-love.com\/es\/wp-json\/wp\/v2\/media\/166396"}],"wp:attachment":[{"href":"https:\/\/gpl-love.com\/es\/wp-json\/wp\/v2\/media?parent=112123"}],"wp:term":[{"taxonomy":"product_brand","embeddable":true,"href":"https:\/\/gpl-love.com\/es\/wp-json\/wp\/v2\/product_brand?post=112123"},{"taxonomy":"product_cat","embeddable":true,"href":"https:\/\/gpl-love.com\/es\/wp-json\/wp\/v2\/product_cat?post=112123"},{"taxonomy":"product_tag","embeddable":true,"href":"https:\/\/gpl-love.com\/es\/wp-json\/wp\/v2\/product_tag?post=112123"}],"curies":[{"name":"wp","href":"https:\/\/api.w.org\/{rel}","templated":true}]}}