{"id":112119,"date":"2022-02-16T00:00:00","date_gmt":"2022-02-16T05:00:00","guid":{"rendered":"http:\/\/gpl-love.com\/es\/producto\/wordpress-and-woocommerce-affiliate-program\/"},"modified":"2026-03-09T08:27:10","modified_gmt":"2026-03-09T13:27:10","slug":"wordpress-and-woocommerce-affiliate-program","status":"publish","type":"product","link":"https:\/\/gpl-love.com\/es\/producto\/wordpress-and-woocommerce-affiliate-program\/","title":{"rendered":"WordPress y WooCommerce Affiliate Program 5.2.0"},"content":{"rendered":"<h3>WordPress y WooCommerce Affiliate Program Caracteristicas<\/h3>\n<p>El Programa de Afiliados de WordPress y WooCommerce ha sido meticulosamente elaborado para facilitar a los comerciantes a aumentar sus ventas mediante la formaci\u00f3n de asociaciones con afiliados que pueden promover efectivamente sus productos mediante el uso de enlaces de referencia personalizados, en consecuencia ganando una comisi\u00f3n para cada venta que generan con \u00e9xito. La integraci\u00f3n de este programa con WordPress y WooCommerce no solo simplifica el proceso de establecer y supervisar el programa, sino que tambi\u00e9n ofrece una variedad de caracter\u00edsticas convenientes como pagos de comisiones autom\u00e1ticas e informes en tiempo real. Sin lugar a dudas, este programa sirve como un instrumento invaluable para las empresas que se esfuerzan por ampliar sus horizontes y impulsar sus ganancias financieras a trav\u00e9s de la pr\u00e1ctica del marketing de afiliaci\u00f3n.<\/p>\n<ul>\n<li>Integre un programa de afiliados sin problemas en su sitio web de WordPress y WooCommerce<\/li>\n<li>Rastrear f\u00e1cilmente las ventas y ganancias de afiliados con informes detallados<\/li>\n<li>Establecer tasas de comisi\u00f3n para afiliados a nivel global o de producto<\/li>\n<li>Proporcionar enlaces de afiliados personalizados para que sus socios rastreen el rendimiento<\/li>\n<li>Soporte para m\u00faltiples idiomas y monedas para expandir su alcance global<\/li>\n<li>Ofrecer incentivos y bonos \u00fanicos a los afiliados de alto rendimiento<\/li>\n<li>Proceso de configuraci\u00f3n simple y directo para comerciantes y afiliados por igual<\/li>\n<li>Compatible con una amplia gama de temas de WordPress y extensiones de WooCommerce<\/li>\n<li>Apoyo integral y recursos disponibles para orientaci\u00f3n y soluci\u00f3n de problemas<\/li>\n<li>Ideal para bloggers, creadores de contenido, negocios de comercio electr\u00f3nico y especialistas en marketing en l\u00ednea que buscan hacer crecer sus fuentes de ingresos.<\/li>\n<\/ul>\n","protected":false},"excerpt":{"rendered":"<p>El programa de afiliados de WordPress y WooCommerce que ofrecemos es una herramienta incre\u00edblemente robusta y potente que los propietarios de sitios web pueden utilizar no solo para atraer a nuevos clientes, sino tambi\u00e9n elevar sus cifras de ventas al proporcionar incentivos atractivos a los afiliados que promueven y respaldar activamente sus productos. Este programa se integra perfectamente en WordPress y WooCommerce, lo que brinda a los usuarios un medio simple pero incre\u00edblemente efectivo para ampliar su base de clientes y impulsar el crecimiento de su negocio. Nuestro programa no solo es notablemente f\u00e1cil de usar sino tambi\u00e9n altamente personalizable, lo que permite a los usuarios personalizarlo de acuerdo con sus requisitos y preferencias espec\u00edficas. Adem\u00e1s, viene equipado con una gran cantidad de caracter\u00edsticas y beneficios excepcionales que lo convierten en una opci\u00f3n impecable para las personas que buscan aumentar su presencia en l\u00ednea y mejorar su rentabilidad. Ya sea que sea un propietario de un negocio a peque\u00f1a escala o una gran entidad corporativa, la utilizaci\u00f3n de nuestro programa de afiliados puede facilitar indudablemente el logro de sus objetivos de marketing digital con una conveniencia y eficacia incomparables.<\/p>\n","protected":false},"featured_media":168339,"comment_status":"open","ping_status":"open","template":"","meta":[],"product_brand":[2339],"product_cat":[1207,1225,1206],"product_tag":[1256],"class_list":{"0":"post-112119","1":"product","2":"type-product","3":"status-publish","4":"has-post-thumbnail","6":"product_brand-codecanyon","7":"product_cat-comercio-electronico-plugins","8":"product_cat-marketing","9":"product_cat-plugins","10":"product_tag-codecanyon","11":"member-discount","12":"discount-restricted","14":"first","15":"instock","16":"sale","17":"downloadable","18":"virtual","19":"sold-individually","20":"purchasable","21":"product-type-simple"},"_links":{"self":[{"href":"https:\/\/gpl-love.com\/es\/wp-json\/wp\/v2\/product\/112119","targetHints":{"allow":["GET"]}}],"collection":[{"href":"https:\/\/gpl-love.com\/es\/wp-json\/wp\/v2\/product"}],"about":[{"href":"https:\/\/gpl-love.com\/es\/wp-json\/wp\/v2\/types\/product"}],"replies":[{"embeddable":true,"href":"https:\/\/gpl-love.com\/es\/wp-json\/wp\/v2\/comments?post=112119"}],"wp:featuredmedia":[{"embeddable":true,"href":"https:\/\/gpl-love.com\/es\/wp-json\/wp\/v2\/media\/168339"}],"wp:attachment":[{"href":"https:\/\/gpl-love.com\/es\/wp-json\/wp\/v2\/media?parent=112119"}],"wp:term":[{"taxonomy":"product_brand","embeddable":true,"href":"https:\/\/gpl-love.com\/es\/wp-json\/wp\/v2\/product_brand?post=112119"},{"taxonomy":"product_cat","embeddable":true,"href":"https:\/\/gpl-love.com\/es\/wp-json\/wp\/v2\/product_cat?post=112119"},{"taxonomy":"product_tag","embeddable":true,"href":"https:\/\/gpl-love.com\/es\/wp-json\/wp\/v2\/product_tag?post=112119"}],"curies":[{"name":"wp","href":"https:\/\/api.w.org\/{rel}","templated":true}]}}