{"id":112113,"date":"2022-04-11T00:00:00","date_gmt":"2022-04-11T05:00:00","guid":{"rendered":"http:\/\/gpl-love.com\/es\/producto\/age-checker-for-wordpress\/"},"modified":"2026-03-09T07:17:11","modified_gmt":"2026-03-09T12:17:11","slug":"age-checker-for-wordpress","status":"publish","type":"product","link":"https:\/\/gpl-love.com\/es\/producto\/age-checker-for-wordpress\/","title":{"rendered":"Age Checker para WordPress 1.2.8"},"content":{"rendered":"<h3>Age Checker para WordPress Caracteristicas<\/h3>\n<p>El verificador de edad para el complemento de WordPress sirve como un recurso altamente beneficioso para los propietarios de sitios web, lo que les permite autenticar de manera efectiva la edad de sus visitantes antes de otorgarles acceso al contenido limitado a grupos de edad espec\u00edficos. Este complemento vers\u00e1til proporciona un proceso de instalaci\u00f3n perfecta al tiempo que ofrece una multitud de posibilidades de personalizaci\u00f3n, atendiendo as\u00ed las necesidades y preferencias \u00fanicas de las empresas que operan dentro de las industrias como el alcohol, el tabaco y el juego. Al incorporar el complemento de verificador de edad en sus sitios web, las empresas pueden aprovechar una variedad de opciones de verificaci\u00f3n de edad, incluida la utilizaci\u00f3n de la fecha de nacimiento del visitante, el grupo de edad a la que pertenecen o una investigaci\u00f3n directa que requiere una respuesta binaria de cualquiera de s\u00ed o no. En consecuencia, esta herramienta invaluable no solo facilita el cumplimiento de las restricciones legales de edad, sino que tambi\u00e9n protege efectivamente a las empresas contra posibles ramificaciones legales. Para resumir, el verificador de edad para el complemento de WordPress representa un activo indispensable para los propietarios de sitios web, ya que garantiza que sus visitantes tengan una edad legal antes de acceder a contenido restringido, fomentando as\u00ed un entorno en l\u00ednea seguro y responsable.<\/p>\n<ul>\n<li>Verifique f\u00e1cilmente la edad de los visitantes de su sitio web utilizando una interfaz simple y personalizable<\/li>\n<li>Se integra a la perfecci\u00f3n en su sitio web de WordPress, lo que le permite administrar todos los aspectos del proceso de verificaci\u00f3n de edad desde una ubicaci\u00f3n central<\/li>\n<li>Elija entre una variedad de opciones de verificaci\u00f3n, incluida la fecha de nacimiento, el escaneo de identificaci\u00f3n y m\u00e1s<\/li>\n<li>Establezca l\u00edmites de edad m\u00ednima para el contenido o productos de su sitio web con rangos de edad personalizables<\/li>\n<li>Proteja su sitio web de posibles problemas legales asegurando que los menores no puedan acceder al contenido restringido<\/li>\n<li>Aumentar las tasas de participaci\u00f3n y conversi\u00f3n del sitio web adaptando su contenido a los grupos de edad apropiados<\/li>\n<li>Optimice su experiencia de usuario permitiendo a los visitantes verificar f\u00e1cilmente su edad y obtener acceso a su sitio web sin ninguna molestia o fricci\u00f3n innecesaria<\/li>\n<li>Compatible con una amplia variedad de temas y complementos de WordPress, asegurando una instalaci\u00f3n y operaci\u00f3n perfecta<\/li>\n<li>Actualizaciones y soporte regulares para garantizar el rendimiento del producto y la satisfacci\u00f3n del cliente.<\/li>\n<\/ul>\n","protected":false},"excerpt":{"rendered":"<p>El verificador de edad para WordPress es un complemento de verificaci\u00f3n de edad de WordPress altamente efectivo que ofrece una soluci\u00f3n perfecta para la verificaci\u00f3n de edad en WordPress, controlando el acceso al contenido de su sitio web. Este complemento otorga entrada exclusivamente a individuos de edad legal, actuando como una herramienta esencial para el control de acceso a contenido para WordPress.<\/p>\n<p>Puede establecer f\u00e1cilmente un umbral de edad en WordPress de acuerdo con sus preferencias espec\u00edficas. El verificador de edad para WordPress no solo le permite establecer restricciones de edad, sino que tambi\u00e9n ofrece verificaci\u00f3n de edad personalizada para sitios web. Puede hacer que el procedimiento de verificaci\u00f3n sea \u00fanico incorporando un mensaje de bienvenida, logotipo y otros elementos distintos.<\/p>\n<p>El complemento de WordPress para la restricci\u00f3n de edad legal viene con una variedad de opciones de dise\u00f1o, lo que le permite armonizar sin esfuerzo su apariencia con el dise\u00f1o de su sitio, mejorando as\u00ed la experiencia del usuario con WordPress Age Checker.<\/p>\n<p>Para los visitantes que devuelven, el verificador de edad para WordPress simplifica el proceso a trav\u00e9s de su verificaci\u00f3n autom\u00e1tica en la funci\u00f3n WordPress. Esta ingeniosa caracter\u00edstica asegura que sus visitantes no tengan que pasar por el proceso de verificaci\u00f3n cada vez que visitan su sitio.<\/p>\n<p>Con<\/p>\n","protected":false},"featured_media":165330,"comment_status":"open","ping_status":"open","template":"","meta":[],"product_brand":[2339],"product_cat":[1214,1206,1211],"product_tag":[1256],"class_list":{"0":"post-112113","1":"product","2":"type-product","3":"status-publish","4":"has-post-thumbnail","6":"product_brand-codecanyon","7":"product_cat-personalizacion","8":"product_cat-plugins","9":"product_cat-wordpress-plugins","10":"product_tag-codecanyon","11":"member-discount","12":"discount-restricted","14":"first","15":"instock","16":"sale","17":"downloadable","18":"virtual","19":"sold-individually","20":"purchasable","21":"product-type-simple"},"_links":{"self":[{"href":"https:\/\/gpl-love.com\/es\/wp-json\/wp\/v2\/product\/112113","targetHints":{"allow":["GET"]}}],"collection":[{"href":"https:\/\/gpl-love.com\/es\/wp-json\/wp\/v2\/product"}],"about":[{"href":"https:\/\/gpl-love.com\/es\/wp-json\/wp\/v2\/types\/product"}],"replies":[{"embeddable":true,"href":"https:\/\/gpl-love.com\/es\/wp-json\/wp\/v2\/comments?post=112113"}],"wp:featuredmedia":[{"embeddable":true,"href":"https:\/\/gpl-love.com\/es\/wp-json\/wp\/v2\/media\/165330"}],"wp:attachment":[{"href":"https:\/\/gpl-love.com\/es\/wp-json\/wp\/v2\/media?parent=112113"}],"wp:term":[{"taxonomy":"product_brand","embeddable":true,"href":"https:\/\/gpl-love.com\/es\/wp-json\/wp\/v2\/product_brand?post=112113"},{"taxonomy":"product_cat","embeddable":true,"href":"https:\/\/gpl-love.com\/es\/wp-json\/wp\/v2\/product_cat?post=112113"},{"taxonomy":"product_tag","embeddable":true,"href":"https:\/\/gpl-love.com\/es\/wp-json\/wp\/v2\/product_tag?post=112113"}],"curies":[{"name":"wp","href":"https:\/\/api.w.org\/{rel}","templated":true}]}}