{"id":112111,"date":"2022-02-23T00:00:00","date_gmt":"2022-02-23T05:00:00","guid":{"rendered":"http:\/\/gpl-love.com\/es\/producto\/dwt-listing-directory-and-listing-wordpress-theme\/"},"modified":"2026-03-13T17:19:33","modified_gmt":"2026-03-13T22:19:33","slug":"dwt-listing-directory-and-listing-wordpress-theme","status":"publish","type":"product","link":"https:\/\/gpl-love.com\/es\/producto\/dwt-listing-directory-and-listing-wordpress-theme\/","title":{"rendered":"DWT Listing Directory y Listing WordPress Theme 3.2.2"},"content":{"rendered":"<h3>DWT Listing Directory y Listing WordPress Theme Caracteristicas<\/h3>\n<p>El directorio de listado de DWT y el tema de WordPress de listado surgen como una herramienta impecable para las personas que buscan embarcarse en la creaci\u00f3n de un sitio web dedicado a directorios profesionales. Este software posee una potencia inherente, amalgamando una plataforma de directorio integral y adaptable con un tema intuitivo de WordPress, facilitando as\u00ed una experiencia de construcci\u00f3n de sitios web sin costura y altamente personalizable para sus usuarios. Sin complejidad, el directorio de listado de DWT y el tema de la lista de WordPress cuenta con una extensa gama de funcionalidades y una interfaz f\u00e1cil de usar, racionalizando efectivamente la gesti\u00f3n de los listados, la organizaci\u00f3n de categor\u00edas y la facilitaci\u00f3n de la generaci\u00f3n de ingresos a trav\u00e9s de la publicidad y las integraciones de pagos. Independientemente de si su ambici\u00f3n implica el desarrollo de un directorio de negocios, listados de bienes ra\u00edces o cualquier otra variante del sitio de directorio, tenga la seguridad de que el directorio de listado DWT y el tema de WordPress de listado representa la soluci\u00f3n definitiva adaptada espec\u00edficamente para satisfacer sus requisitos distintivos.<\/p>\n<ul>\n<li>Configuraci\u00f3n f\u00e1cil y eficiente para su directorio o sitio web de listado<\/li>\n<li>Dise\u00f1o totalmente receptivo para una visualizaci\u00f3n optimizada en todos los dispositivos<\/li>\n<li>Interfaz f\u00e1cil de usar tanto para administradores como para visitantes del sitio<\/li>\n<li>Opciones de personalizaci\u00f3n interminables con el tema de WordPress incluido<\/li>\n<li>Funcionalidad de b\u00fasqueda integral para encontrar f\u00e1cilmente listados dentro del directorio<\/li>\n<li>Opciones de procesamiento de pagos incorporadas para listados o listados pagados con caracter\u00edsticas mejoradas<\/li>\n<li>Capacidad para exhibir revisiones y calificaciones de listados para una mayor credibilidad y confianza<\/li>\n<li>Opciones de dise\u00f1o m\u00faltiples para p\u00e1ginas de inicio, p\u00e1ginas de categor\u00eda y p\u00e1ginas de listado individual<\/li>\n<li>Caracter\u00edsticas amigables para el SEO para mejorar la visibilidad del sitio web en los resultados del motor de b\u00fasqueda<\/li>\n<li>Actualizaciones regulares y atenci\u00f3n al cliente para mejoras y asistencia continuas.<\/li>\n<\/ul>\n","protected":false},"excerpt":{"rendered":"<p>Descubra la soluci\u00f3n definitiva para su negocio con el directorio de listado DWT y el tema de WordPress de la lista. Este tema de WordPress est\u00e1 dise\u00f1ado espec\u00edficamente para optimizar su directorio de listado en l\u00ednea con una funcionalidad excepcional. Con DWT, puede crear y administrar sin esfuerzo su directorio comercial en l\u00ednea, proporcionando una plataforma efectiva para que los usuarios exploren y se conecten con las empresas en su localidad.<\/p>\n<p>Nuestra interfaz f\u00e1cil de usar garantiza una f\u00e1cil navegaci\u00f3n, lo que permite a los clientes potenciales filtrar y clasificar los listados en funci\u00f3n de sus preferencias. Con su dise\u00f1o receptivo, el directorio de listado DWT est\u00e1 optimizado para todos los dispositivos, ofreciendo una experiencia de usuario excepcional y aumentando la visibilidad de su sitio.<\/p>\n<p>El directorio de listado DWT y el tema de WordPress de listado tambi\u00e9n presenta un dise\u00f1o personalizable donde puede incorporar su marca y personalizar su sitio de acuerdo con las necesidades de su negocio. Adem\u00e1s, viene con un sistema de b\u00fasqueda avanzado que optimiza el proceso de encontrar listados espec\u00edficos.<\/p>\n<p>Adem\u00e1s, nuestro tema de WordPress ofrece m\u00faltiples pasarelas de pago, seguras y confiables para las transacciones. Tambi\u00e9n est\u00e1 optimizado para mejorar la capacidad de b\u00fasqueda de su sitio web, haciendo que su negocio<\/p>\n","protected":false},"featured_media":165831,"comment_status":"open","ping_status":"open","template":"","meta":[],"product_brand":[2337],"product_cat":[1267,1237,1238],"product_tag":[1391],"class_list":{"0":"post-112111","1":"product","2":"type-product","3":"status-publish","4":"has-post-thumbnail","6":"product_brand-themeforest","7":"product_cat-creativo","8":"product_cat-temas","9":"product_cat-wordpress-temas","10":"product_tag-themeforest","11":"member-discount","12":"discount-restricted","14":"first","15":"instock","16":"sale","17":"downloadable","18":"virtual","19":"sold-individually","20":"purchasable","21":"product-type-simple"},"_links":{"self":[{"href":"https:\/\/gpl-love.com\/es\/wp-json\/wp\/v2\/product\/112111","targetHints":{"allow":["GET"]}}],"collection":[{"href":"https:\/\/gpl-love.com\/es\/wp-json\/wp\/v2\/product"}],"about":[{"href":"https:\/\/gpl-love.com\/es\/wp-json\/wp\/v2\/types\/product"}],"replies":[{"embeddable":true,"href":"https:\/\/gpl-love.com\/es\/wp-json\/wp\/v2\/comments?post=112111"}],"wp:featuredmedia":[{"embeddable":true,"href":"https:\/\/gpl-love.com\/es\/wp-json\/wp\/v2\/media\/165831"}],"wp:attachment":[{"href":"https:\/\/gpl-love.com\/es\/wp-json\/wp\/v2\/media?parent=112111"}],"wp:term":[{"taxonomy":"product_brand","embeddable":true,"href":"https:\/\/gpl-love.com\/es\/wp-json\/wp\/v2\/product_brand?post=112111"},{"taxonomy":"product_cat","embeddable":true,"href":"https:\/\/gpl-love.com\/es\/wp-json\/wp\/v2\/product_cat?post=112111"},{"taxonomy":"product_tag","embeddable":true,"href":"https:\/\/gpl-love.com\/es\/wp-json\/wp\/v2\/product_tag?post=112111"}],"curies":[{"name":"wp","href":"https:\/\/api.w.org\/{rel}","templated":true}]}}