{"id":112109,"date":"2025-03-28T00:00:00","date_gmt":"2025-03-28T05:00:00","guid":{"rendered":"http:\/\/gpl-love.com\/es\/producto\/digitech-technology-theme-for-woocommerce\/"},"modified":"2026-03-13T17:19:15","modified_gmt":"2026-03-13T22:19:15","slug":"digitech-technology-theme-for-woocommerce","status":"publish","type":"product","link":"https:\/\/gpl-love.com\/es\/producto\/digitech-technology-theme-for-woocommerce\/","title":{"rendered":"Digitech Technology Tema para WooCommerce 1.1.8"},"content":{"rendered":"<h3>Digitech Technology Tema para WooCommerce Caracteristicas<\/h3>\n<p>El tema de la tecnolog\u00eda Digitech para WooCommerce es un tema de WordPress exquisito y sofisticado que ha sido meticulosamente elaborado para satisfacer las necesidades de los minoristas en l\u00ednea que se especializan en la venta de mercanc\u00edas relacionadas con la tecnolog\u00eda. Este tema premium cuenta con un dise\u00f1o de vanguardia y contempor\u00e1neo que exuda sin esfuerzo y garantiza una experiencia de navegaci\u00f3n incomparable de la m\u00e1xima calidad para los clientes. Adem\u00e1s, este tema se ha desarrollado meticulosamente para ser completamente receptivo, asegurando que se adapte a la perfecci\u00f3n y exhiba sin problemas su magnificencia en una variedad de dispositivos, que abarca no solo las computadoras de escritorio sino tambi\u00e9n las tabletas y los tel\u00e9fonos inteligentes. Adem\u00e1s, la gran cantidad de caracter\u00edsticas y opciones que acompa\u00f1an a este tema notable es realmente notable, que abarca varios dise\u00f1os de la p\u00e1gina de inicio cautivadoras, filtros de productos notablemente eficientes, men\u00fas personalizables que se adaptan a las especificaciones y preferencias individuales, y una abundancia de otros atributos impresionantes que lo har\u00e1n sin seguridad ASUNTOS USUARIOS. Sin duda, independientemente de si la tienda en l\u00ednea de uno cuenta con una extensa gama de computadoras, electr\u00f3nica o cualquier otro producto tecnol\u00f3gico, el tema de la tecnolog\u00eda Digitech para WooCommerce proporciona una plataforma inigualable que est\u00e1 garantizada para elevar la empresa comercial a alturas sin precedentes.<\/p>\n<ul>\n<li>Receptivo y m\u00f3vil listo<\/li>\n<li>Altamente personalizable<\/li>\n<li>Construido en el complemento de WooCommerce<\/li>\n<li>Integraci\u00f3n de pasarela de pago altamente segura<\/li>\n<li>Seis variaciones diferentes de p\u00e1gina de inicio<\/li>\n<li>Vista r\u00e1pida del producto y suma r\u00e1pida a las opciones de carrito<\/li>\n<li>Comparaci\u00f3n de productos y funcionalidad de la lista de deseos<\/li>\n<li>Traducci\u00f3n lista<\/li>\n<li>Compatible con la \u00faltima versi\u00f3n de WordPress y WooCommerce<\/li>\n<li>SEO optimizado y la velocidad de p\u00e1gina optimizada.<\/li>\n<\/ul>\n","protected":false},"excerpt":{"rendered":"<p>Descubra el tema de la tecnolog\u00eda Digitech de vanguardia para WooCommerce, una soluci\u00f3n vers\u00e1til ideal para cualquier negocio en l\u00ednea centrado en la tecnolog\u00eda. Este tema premium de WordPress est\u00e1 dise\u00f1ado con una est\u00e9tica moderna que cautivar\u00e1 a sus clientes. Tambi\u00e9n es muy personalizable mostrar sus productos tecnol\u00f3gicos \u00fanicos, desde dispositivos hasta software. Con su integraci\u00f3n perfecta con WooCommerce, el tema Digitech facilita las transacciones sin problemas y una experiencia de usuario simplificada. Tambi\u00e9n responde, asegurando que su sitio se vea pulido en cualquier dispositivo. El tema Digitech para WooCommerce: una combinaci\u00f3n sofisticada de estilo y funcionalidad para su empresa de comercio electr\u00f3nico centrado en la tecnolog\u00eda.<\/p>\n","protected":false},"featured_media":165771,"comment_status":"open","ping_status":"open","template":"","meta":[],"product_brand":[2337],"product_cat":[1307,1237,1238],"product_tag":[1391],"class_list":{"0":"post-112109","1":"product","2":"type-product","3":"status-publish","4":"has-post-thumbnail","6":"product_brand-themeforest","7":"product_cat-negocio-wordpress-temas","8":"product_cat-temas","9":"product_cat-wordpress-temas","10":"product_tag-themeforest","11":"member-discount","12":"discount-restricted","14":"first","15":"instock","16":"sale","17":"downloadable","18":"virtual","19":"sold-individually","20":"purchasable","21":"product-type-simple"},"_links":{"self":[{"href":"https:\/\/gpl-love.com\/es\/wp-json\/wp\/v2\/product\/112109","targetHints":{"allow":["GET"]}}],"collection":[{"href":"https:\/\/gpl-love.com\/es\/wp-json\/wp\/v2\/product"}],"about":[{"href":"https:\/\/gpl-love.com\/es\/wp-json\/wp\/v2\/types\/product"}],"replies":[{"embeddable":true,"href":"https:\/\/gpl-love.com\/es\/wp-json\/wp\/v2\/comments?post=112109"}],"wp:featuredmedia":[{"embeddable":true,"href":"https:\/\/gpl-love.com\/es\/wp-json\/wp\/v2\/media\/165771"}],"wp:attachment":[{"href":"https:\/\/gpl-love.com\/es\/wp-json\/wp\/v2\/media?parent=112109"}],"wp:term":[{"taxonomy":"product_brand","embeddable":true,"href":"https:\/\/gpl-love.com\/es\/wp-json\/wp\/v2\/product_brand?post=112109"},{"taxonomy":"product_cat","embeddable":true,"href":"https:\/\/gpl-love.com\/es\/wp-json\/wp\/v2\/product_cat?post=112109"},{"taxonomy":"product_tag","embeddable":true,"href":"https:\/\/gpl-love.com\/es\/wp-json\/wp\/v2\/product_tag?post=112109"}],"curies":[{"name":"wp","href":"https:\/\/api.w.org\/{rel}","templated":true}]}}