{"id":112107,"date":"2026-04-10T00:00:00","date_gmt":"2026-04-10T05:00:00","guid":{"rendered":"http:\/\/gpl-love.com\/es\/producto\/mipro-minimal-woocommerce-wordpress-theme\/"},"modified":"2026-04-10T11:16:43","modified_gmt":"2026-04-10T16:16:43","slug":"mipro-minimal-woocommerce-wordpress-theme","status":"publish","type":"product","link":"https:\/\/gpl-love.com\/es\/producto\/mipro-minimal-woocommerce-wordpress-theme\/","title":{"rendered":"Mipro Minimal WooCommerce WordPress Theme 1.1.9"},"content":{"rendered":"<h3>Mipro Minimal WooCommerce WordPress Theme Caracteristicas<\/h3>\n<p>Mipro, siendo un tema de WordPress de WooCommerce, exuda estilo y minimalismo, lo que lo convierte en una opci\u00f3n impecable para las personas que buscan crear tiendas en l\u00ednea. Posee un dise\u00f1o elegante y contempor\u00e1neo, meticulosamente optimizado para dispositivos m\u00f3viles, facilitando as\u00ed las experiencias de navegaci\u00f3n y compras sin esfuerzo para los clientes en su sitio web. Este tema cuenta con una extensa gama de caracter\u00edsticas, indispensables para la venta exitosa de productos en l\u00ednea, como controles deslizantes de productos, opciones de vista r\u00e1pida y p\u00e1ginas de productos personalizables. Adem\u00e1s, MIPRO brinda soporte para diversas pasarelas de pago, simplificando la aceptaci\u00f3n de los pagos de los clientes de todo el mundo. Su dise\u00f1o robusto y flexible sirve como una excelente opci\u00f3n para cualquier negocio en l\u00ednea con el objetivo de establecer una tienda en l\u00ednea profesional y eficiente.<\/p>\n<ul>\n<li>Dise\u00f1o limpio y minimalista perfecto para sitios web de comercio electr\u00f3nico<\/li>\n<li>Compatible con el complemento WooCommerce para una f\u00e1cil configuraci\u00f3n de la tienda en l\u00ednea<\/li>\n<li>Dise\u00f1o totalmente receptivo y amigable para m\u00f3viles para una visualizaci\u00f3n optimizada en todos los dispositivos<\/li>\n<li>Plantillas de p\u00e1gina personalizables y esquemas de color m\u00faltiples para una apariencia \u00fanica<\/li>\n<li>Opciones de tipograf\u00eda avanzada para texto hermoso y legible<\/li>\n<li>Optimizaci\u00f3n de SEO incorporada para clasificaciones de motores de b\u00fasqueda m\u00e1s altos<\/li>\n<li>Funci\u00f3n de importaci\u00f3n de demostraci\u00f3n de un solo clic para una f\u00e1cil configuraci\u00f3n e instalaci\u00f3n<\/li>\n<li>Actualizaciones regulares y atenci\u00f3n al cliente para la tranquilidad<\/li>\n<li>Tiempos de carga r\u00e1pida y c\u00f3digo optimizado para un mejor rendimiento del sitio web<\/li>\n<li>Integraci\u00f3n de las redes sociales para un f\u00e1cil intercambio y comercializaci\u00f3n de productos.<\/li>\n<\/ul>\n","protected":false},"excerpt":{"rendered":"<p>Mipro Minimal, un tema exquisito y contempor\u00e1neo de WordPress WooCommerce, cuenta con una idoneidad impecable para cualquier tienda virtual. Su dise\u00f1o minimalista, acompa\u00f1ado de atributos f\u00e1ciles de usar, hace que el proceso de establecer una tienda en l\u00ednea sea una brisa absoluta. Este tema excepcional proporciona una variedad de alternativas de personalizaci\u00f3n vers\u00e1tiles, que incorporan numerosas selecciones de dise\u00f1o, encabezados y pies de p\u00e1gina personalizados, as\u00ed como diversos esquemas de color. Adem\u00e1s, Mipro Minimal garantiza una experiencia de navegaci\u00f3n \u00f3ptima en todos los dispositivos, cortes\u00eda de su naturaleza sensible a los dispositivos m\u00f3viles. Independientemente de su experiencia, con Mipro m\u00ednimo a su disposici\u00f3n, puede construir sin esfuerzo una tienda en l\u00ednea pulida y eficiente en un per\u00edodo de tiempo notablemente corto.<\/p>\n","protected":false},"featured_media":166787,"comment_status":"open","ping_status":"open","template":"","meta":[],"product_brand":[2337],"product_cat":[1263,1264,1237],"product_tag":[1391],"class_list":{"0":"post-112107","1":"product","2":"type-product","3":"status-publish","4":"has-post-thumbnail","6":"product_brand-themeforest","7":"product_cat-comercio-electronico-temas","8":"product_cat-negocio","9":"product_cat-temas","10":"product_tag-themeforest","11":"member-discount","12":"discount-restricted","14":"first","15":"instock","16":"sale","17":"downloadable","18":"virtual","19":"sold-individually","20":"purchasable","21":"product-type-simple"},"_links":{"self":[{"href":"https:\/\/gpl-love.com\/es\/wp-json\/wp\/v2\/product\/112107","targetHints":{"allow":["GET"]}}],"collection":[{"href":"https:\/\/gpl-love.com\/es\/wp-json\/wp\/v2\/product"}],"about":[{"href":"https:\/\/gpl-love.com\/es\/wp-json\/wp\/v2\/types\/product"}],"replies":[{"embeddable":true,"href":"https:\/\/gpl-love.com\/es\/wp-json\/wp\/v2\/comments?post=112107"}],"wp:featuredmedia":[{"embeddable":true,"href":"https:\/\/gpl-love.com\/es\/wp-json\/wp\/v2\/media\/166787"}],"wp:attachment":[{"href":"https:\/\/gpl-love.com\/es\/wp-json\/wp\/v2\/media?parent=112107"}],"wp:term":[{"taxonomy":"product_brand","embeddable":true,"href":"https:\/\/gpl-love.com\/es\/wp-json\/wp\/v2\/product_brand?post=112107"},{"taxonomy":"product_cat","embeddable":true,"href":"https:\/\/gpl-love.com\/es\/wp-json\/wp\/v2\/product_cat?post=112107"},{"taxonomy":"product_tag","embeddable":true,"href":"https:\/\/gpl-love.com\/es\/wp-json\/wp\/v2\/product_tag?post=112107"}],"curies":[{"name":"wp","href":"https:\/\/api.w.org\/{rel}","templated":true}]}}