{"id":112105,"date":"2024-07-26T00:00:00","date_gmt":"2024-07-26T05:00:00","guid":{"rendered":"http:\/\/gpl-love.com\/es\/producto\/mapplic-custom-interactive-map-wordpress-plugin\/"},"modified":"2026-03-09T07:48:39","modified_gmt":"2026-03-09T12:48:39","slug":"mapplic-custom-interactive-map-wordpress-plugin","status":"publish","type":"product","link":"https:\/\/gpl-love.com\/es\/producto\/mapplic-custom-interactive-map-wordpress-plugin\/","title":{"rendered":"Mapplic Custom Interactive Map WordPress Plugin 8.4.2"},"content":{"rendered":"<h3>Mapplic Custom Interactive Map WordPress Plugin Caracteristicas<\/h3>\n<p>El complemento de WordPress de mapa interactivo de MAPPLIC es una herramienta extremadamente innovadora que ha sido meticulosamente dise\u00f1ada para permitir la creaci\u00f3n r\u00e1pida y la adici\u00f3n sin esfuerzo de mapas interactivos en su sitio web. Este complemento excepcional le brinda la notable capacidad de exhibir sin esfuerzo ubicaciones, direcciones y puntos de inter\u00e9s con solo unos pocos clics. En particular, muestra una interfaz notablemente f\u00e1cil de usar que facilita la navegaci\u00f3n perfecta y acomoda sin esfuerzo la personalizaci\u00f3n de numerosos elementos de mapas, incluidos, entre otros, colores, iconos y marcadores. Adem\u00e1s, posee la notable capacidad para permitir la integraci\u00f3n perfecta de im\u00e1genes cautivadoras, videos e informaci\u00f3n contextual invaluable dentro de cada marcador de ubicaci\u00f3n individual, fomentando as\u00ed una experiencia de usuario excepcionalmente inmersiva y completamente cautivadora. De manera crucial, este complemento impresionante es totalmente compatible con todos los temas de WordPress y se ha optimizado meticulosamente para garantizar una funcionalidad \u00f3ptima en una extensa gama de dispositivos m\u00f3viles. Al aprovechar juiciosamente las capacidades formidables del complemento de WordPress de mapa interactivo personalizado MAPPLE, es posible cautivar e involucrar a su audiencia estimada de una manera realmente incomparable, lo que genera un deseo insaciable de una interacci\u00f3n repetida y una lealtad infalible que lo induce a la inundaci\u00f3n de garantizar que garantizar\u00e1 la garant\u00eda garantizar que garantizar\u00e1 la garant\u00eda garantizar que garantizar\u00e1 la garant\u00eda garantizar que garantizar\u00e1 la garant\u00eda garantizar que garantizar\u00e1 la garant\u00eda de garantizar que garantizar\u00e1 la garant\u00eda que garantizar\u00e1 la garant\u00eda que garantizar\u00e1 la garant\u00eda que garantizar\u00e1 la garant\u00eda que garantizar\u00e1 la garant\u00eda de garantizar. su inquebrantable regreso por experiencias m\u00e1s cautivadoras.<\/p>\n<ul>\n<li>Un complemento de mapa personalizable dise\u00f1ado para sitios web de WordPress<\/li>\n<li>Permite a los usuarios crear mapas interactivos que puedan integrarse en p\u00e1ginas web<\/li>\n<li>Ofrece una variedad de caracter\u00edsticas que incluyen marcadores personalizados, informaci\u00f3n sobre herramientas, ventanas emergentes y capas<\/li>\n<li>Admite varios estilos de mapas que incluyen sat\u00e9lite, terreno y vista de calle<\/li>\n<li>Integrado con la API de Google Maps para los servicios de geocodificaci\u00f3n y ubicaci\u00f3n<\/li>\n<li>Opciones de datos de importaci\u00f3n y exportaci\u00f3n disponibles para la creaci\u00f3n y edici\u00f3n de mapas a granel<\/li>\n<li>Compatible con temas populares de WordPress y constructores de p\u00e1ginas<\/li>\n<li>El dise\u00f1o receptivo asegura que los mapas se puedan ver en cualquier dispositivo<\/li>\n<li>Interfaz f\u00e1cil de usar con herramientas intuitivas de arrastrar y soltar para una f\u00e1cil creaci\u00f3n y edici\u00f3n de mapas<\/li>\n<li>Documentaci\u00f3n y soporte de desarrollador robusto disponible para personalizaci\u00f3n y resoluci\u00f3n de problemas.<\/li>\n<\/ul>\n","protected":false},"excerpt":{"rendered":"<p>El complemento de WordPress de mapa interactivo MAPPLIC, una herramienta de inmensa potencia y capacidad, se ha creado meticulosamente para capacitar a los usuarios en la creaci\u00f3n de mapas interactivos totalmente personalizados para sus sitios web de WordPress. Con una interfaz intuitiva y f\u00e1cil de usar, este complemento permite a los usuarios incorporar a la perfecci\u00f3n marcadores, formas, im\u00e1genes, videos e incluso elementos HTML personalizados en sus mapas, lo que es una plataforma ideal para la pantalla y la presentaci\u00f3n de ubicaciones comerciales, eventos, eventos, eventos, o cualquier otro punto de inter\u00e9s. Adem\u00e1s, este complemento abarca funcionalidades avanzadas, incluida la geolocalizaci\u00f3n, el filtrado y la agrupaci\u00f3n, que sirven para mejorar y optimizar la experiencia general del usuario al garantizar que los visitantes reciban la mayor satisfacci\u00f3n. En esencia, el complemento de WordPress de mapa interactivo personalizado MAPPLE es una herramienta revolucionaria que revoluciona el proceso de creaci\u00f3n de mapas, lo que lo hace eficiente y cautivador sin esfuerzo.<\/p>\n","protected":false},"featured_media":166691,"comment_status":"open","ping_status":"open","template":"","meta":[],"product_brand":[2339],"product_cat":[1214,1206,1211],"product_tag":[1256],"class_list":{"0":"post-112105","1":"product","2":"type-product","3":"status-publish","4":"has-post-thumbnail","6":"product_brand-codecanyon","7":"product_cat-personalizacion","8":"product_cat-plugins","9":"product_cat-wordpress-plugins","10":"product_tag-codecanyon","11":"member-discount","12":"discount-restricted","14":"first","15":"instock","16":"sale","17":"downloadable","18":"virtual","19":"sold-individually","20":"purchasable","21":"product-type-simple"},"_links":{"self":[{"href":"https:\/\/gpl-love.com\/es\/wp-json\/wp\/v2\/product\/112105","targetHints":{"allow":["GET"]}}],"collection":[{"href":"https:\/\/gpl-love.com\/es\/wp-json\/wp\/v2\/product"}],"about":[{"href":"https:\/\/gpl-love.com\/es\/wp-json\/wp\/v2\/types\/product"}],"replies":[{"embeddable":true,"href":"https:\/\/gpl-love.com\/es\/wp-json\/wp\/v2\/comments?post=112105"}],"wp:featuredmedia":[{"embeddable":true,"href":"https:\/\/gpl-love.com\/es\/wp-json\/wp\/v2\/media\/166691"}],"wp:attachment":[{"href":"https:\/\/gpl-love.com\/es\/wp-json\/wp\/v2\/media?parent=112105"}],"wp:term":[{"taxonomy":"product_brand","embeddable":true,"href":"https:\/\/gpl-love.com\/es\/wp-json\/wp\/v2\/product_brand?post=112105"},{"taxonomy":"product_cat","embeddable":true,"href":"https:\/\/gpl-love.com\/es\/wp-json\/wp\/v2\/product_cat?post=112105"},{"taxonomy":"product_tag","embeddable":true,"href":"https:\/\/gpl-love.com\/es\/wp-json\/wp\/v2\/product_tag?post=112105"}],"curies":[{"name":"wp","href":"https:\/\/api.w.org\/{rel}","templated":true}]}}