{"id":112102,"date":"2022-02-26T00:00:00","date_gmt":"2022-02-26T05:00:00","guid":{"rendered":"http:\/\/gpl-love.com\/es\/producto\/creta-flower-shop-woocommerce-wordpress-theme\/"},"modified":"2026-03-13T17:18:08","modified_gmt":"2026-03-13T22:18:08","slug":"creta-flower-shop-woocommerce-wordpress-theme","status":"publish","type":"product","link":"https:\/\/gpl-love.com\/es\/producto\/creta-flower-shop-woocommerce-wordpress-theme\/","title":{"rendered":"Creta Flower Shop WooCommerce WordPress Theme 5.7"},"content":{"rendered":"<h3>Creta Flower Shop WooCommerce WordPress Theme Caracteristicas<\/h3>\n<p>Si est\u00e1 buscando una excelente plataforma en l\u00ednea para establecer su florer\u00eda, no busque m\u00e1s all\u00e1 del notable y vers\u00e1til y vers\u00e1til tienda de flores de Creta WooCommerce WordPress. Este tema cuenta con un dise\u00f1o magn\u00edfico y altamente personalizable, lo que le permite crear sin esfuerzo un sitio web visualmente atractivo y totalmente funcional. Adem\u00e1s, viene equipado con una gran cantidad de caracter\u00edsticas excepcionales que seguramente elevar\u00e1n su presencia en l\u00ednea. Por ejemplo, su dise\u00f1o receptivo garantiza una apariencia exquisita en varios dispositivos, asegurando que sus clientes potenciales puedan acceder sin esfuerzo a su sitio desde cualquier plataforma. Adem\u00e1s, el tema ofrece un poderoso panel de administraci\u00f3n, que facilita la gesti\u00f3n perfecta de su sitio web con la mayor facilidad y eficiencia. Adem\u00e1s, la integraci\u00f3n de WooCommerce le permite establecer una tienda en l\u00ednea floreciente en un per\u00edodo de tiempo notablemente corto. Por lo tanto, independientemente de si usted es un profesional experimentado o un emprendedor en ciernes, el tema de WordPress de WooCommerce de Creta, la tienda de flores, sirve como la mejor soluci\u00f3n para la presencia digital de su tienda de flores.<\/p>\n<ul>\n<li>-Mevo de WooCommerce WordPress Tema de WordPress de WooCommerce dise\u00f1ado espec\u00edficamente para las flores<\/li>\n<li>Dise\u00f1o hermoso y moderno con m\u00faltiples p\u00e1ginas y dise\u00f1os preconstruidos<\/li>\n<li>Compatible con la \u00faltima versi\u00f3n de WordPress y WooCommerce<\/li>\n<li>Incluye caracter\u00edsticas potentes como vista r\u00e1pida del producto, filtrado de productos y listas de deseos<\/li>\n<li>Iconos de intercambio de redes sociales incorporados e integraci\u00f3n de alimentaci\u00f3n de Instagram<\/li>\n<li>Opciones de pago y env\u00edo m\u00faltiples disponibles<\/li>\n<li>SEO optimizado para ayudar a mejorar las clasificaciones de los motores de b\u00fasqueda<\/li>\n<li>Documentaci\u00f3n extensa y equipo de apoyo confiable disponible para ayudar con cualquier pregunta o problema<\/li>\n<\/ul>\n","protected":false},"excerpt":{"rendered":"<p>Desatara el poder de su negocio de florister\u00eda con el tema de WordPress de WooCommerce de Creta Flower. Este tema premium cuenta con un dise\u00f1o impresionante y dise\u00f1ado profesionalmente perfecto para exhibir sus hermosos arreglos florales. La integraci\u00f3n de WooCommerce le permite administrar sin esfuerzo su tienda en l\u00ednea, lo que hace que la venta de sus productos sea muy f\u00e1cil. Con WordPress, tendr\u00e1 acceso a una gran cantidad de caracter\u00edsticas y opciones de personalizaci\u00f3n, lo que le permite crear un sitio web que realmente refleje su marca. Este tema tambi\u00e9n es amigable con SEO, lo que ayuda a su negocio a hacerse notar en la clasificaci\u00f3n de motores de b\u00fasqueda. Entre sus muchos beneficios, el tema de la tienda de flores de Creta ofrece una interfaz intuitiva, un dise\u00f1o receptivo y atenci\u00f3n al cliente de primer nivel. Mejore su presencia en l\u00ednea e impulse las ventas con este excelente tema de WordPress.<\/p>\n","protected":false},"featured_media":165678,"comment_status":"open","ping_status":"open","template":"","meta":[],"product_brand":[2337],"product_cat":[1263,1264,1237],"product_tag":[1391],"class_list":{"0":"post-112102","1":"product","2":"type-product","3":"status-publish","4":"has-post-thumbnail","6":"product_brand-themeforest","7":"product_cat-comercio-electronico-temas","8":"product_cat-negocio","9":"product_cat-temas","10":"product_tag-themeforest","11":"member-discount","12":"discount-restricted","14":"first","15":"instock","16":"sale","17":"downloadable","18":"virtual","19":"sold-individually","20":"purchasable","21":"product-type-simple"},"_links":{"self":[{"href":"https:\/\/gpl-love.com\/es\/wp-json\/wp\/v2\/product\/112102","targetHints":{"allow":["GET"]}}],"collection":[{"href":"https:\/\/gpl-love.com\/es\/wp-json\/wp\/v2\/product"}],"about":[{"href":"https:\/\/gpl-love.com\/es\/wp-json\/wp\/v2\/types\/product"}],"replies":[{"embeddable":true,"href":"https:\/\/gpl-love.com\/es\/wp-json\/wp\/v2\/comments?post=112102"}],"wp:featuredmedia":[{"embeddable":true,"href":"https:\/\/gpl-love.com\/es\/wp-json\/wp\/v2\/media\/165678"}],"wp:attachment":[{"href":"https:\/\/gpl-love.com\/es\/wp-json\/wp\/v2\/media?parent=112102"}],"wp:term":[{"taxonomy":"product_brand","embeddable":true,"href":"https:\/\/gpl-love.com\/es\/wp-json\/wp\/v2\/product_brand?post=112102"},{"taxonomy":"product_cat","embeddable":true,"href":"https:\/\/gpl-love.com\/es\/wp-json\/wp\/v2\/product_cat?post=112102"},{"taxonomy":"product_tag","embeddable":true,"href":"https:\/\/gpl-love.com\/es\/wp-json\/wp\/v2\/product_tag?post=112102"}],"curies":[{"name":"wp","href":"https:\/\/api.w.org\/{rel}","templated":true}]}}