{"id":112100,"date":"2026-01-12T00:00:00","date_gmt":"2026-01-12T05:00:00","guid":{"rendered":"http:\/\/gpl-love.com\/es\/producto\/fluentcrm-pro-marketing-automation-for-wordpress\/"},"modified":"2026-03-09T07:35:28","modified_gmt":"2026-03-09T12:35:28","slug":"fluentcrm-pro-marketing-automation-for-wordpress","status":"publish","type":"product","link":"https:\/\/gpl-love.com\/es\/producto\/fluentcrm-pro-marketing-automation-for-wordpress\/","title":{"rendered":"FluentCRM Pro Marketing Automation For WordPress 2.9.86"},"content":{"rendered":"<h3>FluentCRM Pro Marketing Automation For WordPress Caracteristicas<\/h3>\n<p>La automatizaci\u00f3n de marketing de FluentCRM Pro para WordPress es una herramienta de automatizaci\u00f3n de marketing extremadamente robusta y que lo abarca meticulosamente elaborada para ayudar a las empresas y empresarios a optimizar sus esfuerzos de marketing, conservar un tiempo precioso y aumentar sus ingresos. Con una amplia gama de caracter\u00edsticas y capacidades, FluentCRM Pro Marketing Automation permite a los usuarios la capacidad de fabricar y administrar campa\u00f1as, monitorear meticulosamente el comportamiento del cliente, enviar mensajes espec\u00edficos y automatizar obedientemente tareas de seguimiento. Este software se integra sin problemas con WordPress, lo que brinda a los usuarios la conveniencia de administrar sus contactos y esfuerzos de marketing directamente dentro de su sitio web. La interfaz navegable sin esfuerzo y el dise\u00f1o f\u00e1cil de usar aseguran que incluso las personas que carecen de experiencia t\u00e9cnica puedan implementar de manera efectiva y supervisar eficientemente campa\u00f1as de marketing florecientes. Ya sea que se busque automatizar el marketing por correo electr\u00f3nico, aumentar las conversiones o mejorar la participaci\u00f3n del cliente, la automatizaci\u00f3n de marketing de FluentCRM Pro para WordPress sirve como un activo invaluable en la b\u00fasqueda de los objetivos de uno.<\/p>\n<ul>\n<li>FluentCRM Pro es un poderoso complemento de automatizaci\u00f3n de marketing para usuarios de WordPress.<\/li>\n<li>Le permite automatizar su correo electr\u00f3nico, SMS y otros flujos de trabajo de comunicaci\u00f3n directamente desde su tablero de WordPress.<\/li>\n<li>El complemento ofrece una interfaz f\u00e1cil de usar, lo que le facilita configurar y administrar sus flujos de trabajo de automatizaci\u00f3n.<\/li>\n<li>Con FluentCRM Pro, puede rastrear el comportamiento del usuario, los contactos de segmento en funci\u00f3n de sus acciones y crear audiencias personalizadas para campa\u00f1as de marketing espec\u00edficas.<\/li>\n<li>Ofrece una integraci\u00f3n perfecta con plataformas populares de marketing por correo electr\u00f3nico como MailChimp, Activecampaign y SendInblue.<\/li>\n<li>El complemento viene con una gama de plantillas de correo electr\u00f3nico personalizables, lo que le permite crear correos electr\u00f3nicos de aspecto profesional sin ninguna habilidad de codificaci\u00f3n.<\/li>\n<li>Tambi\u00e9n puede crear p\u00e1ginas de destino, formularios de opci\u00f3n e imanes para recopilar informaci\u00f3n del usuario directamente dentro de su sitio web de WordPress.<\/li>\n<li>FluentCRM Pro proporciona an\u00e1lisis detallados, lo que le permite rastrear el rendimiento de su campa\u00f1a y tomar decisiones basadas en datos.<\/li>\n<li>El complemento ofrece caracter\u00edsticas avanzadas como pruebas A\/B, puntuaci\u00f3n de plomo y seguimiento de eventos.<\/li>\n<li>Recibir\u00e1 actualizaciones regulares y atenci\u00f3n al cliente para garantizar que el complemento funcione sin problemas con su sitio de WordPress.<\/li>\n<\/ul>\n","protected":false},"excerpt":{"rendered":"<p>La automatizaci\u00f3n de marketing de FluentCrm Pro es un complemento extremadamente robusto y f\u00e1cil de usar que ha sido complejo para atender espec\u00edficamente a los sitios web de WordPress. Esta herramienta extraordinaria le permite optimizar y sistematizar sin esfuerzo sus esfuerzos de marketing por correo electr\u00f3nico, campa\u00f1as centradas en el l\u00e1ser de moda y monitorear sin problemas sus resultados en tiempo real. Equipado con una interfaz de arrastrar y soltar notablemente intuitiva, puede fabricar sin esfuerzo secuencias de correo electr\u00f3nico personalizadas, segmentar efectivamente su p\u00fablico objetivo y automatizar todo el embudo de ventas. Adem\u00e1s, FluentCRM Pro se jacta de capacidades de informes de vanguardia, lo que le permite analizar meticulosamente sus resultados y mejorar sus esfuerzos de marketing. Independientemente de si usted es un novato o un vendedor experimentado, FluentCrm Pro indudablemente emerge como la soluci\u00f3n definitiva para optimizar su sitio web de WordPress y subestimarse aumentos notables en sus tasas de conversi\u00f3n.<\/p>\n","protected":false},"featured_media":166125,"comment_status":"open","ping_status":"closed","template":"","meta":[],"product_brand":[2456],"product_cat":[1232,1206,1211],"product_tag":[1819],"class_list":{"0":"post-112100","1":"product","2":"type-product","3":"status-publish","4":"has-post-thumbnail","6":"product_brand-fluentcrm","7":"product_cat-marketing-wordpress-plugins","8":"product_cat-plugins","9":"product_cat-wordpress-plugins","10":"product_tag-fluentcrm","11":"member-discount","12":"discount-restricted","14":"first","15":"instock","16":"sale","17":"downloadable","18":"virtual","19":"sold-individually","20":"purchasable","21":"product-type-simple"},"_links":{"self":[{"href":"https:\/\/gpl-love.com\/es\/wp-json\/wp\/v2\/product\/112100","targetHints":{"allow":["GET"]}}],"collection":[{"href":"https:\/\/gpl-love.com\/es\/wp-json\/wp\/v2\/product"}],"about":[{"href":"https:\/\/gpl-love.com\/es\/wp-json\/wp\/v2\/types\/product"}],"replies":[{"embeddable":true,"href":"https:\/\/gpl-love.com\/es\/wp-json\/wp\/v2\/comments?post=112100"}],"wp:featuredmedia":[{"embeddable":true,"href":"https:\/\/gpl-love.com\/es\/wp-json\/wp\/v2\/media\/166125"}],"wp:attachment":[{"href":"https:\/\/gpl-love.com\/es\/wp-json\/wp\/v2\/media?parent=112100"}],"wp:term":[{"taxonomy":"product_brand","embeddable":true,"href":"https:\/\/gpl-love.com\/es\/wp-json\/wp\/v2\/product_brand?post=112100"},{"taxonomy":"product_cat","embeddable":true,"href":"https:\/\/gpl-love.com\/es\/wp-json\/wp\/v2\/product_cat?post=112100"},{"taxonomy":"product_tag","embeddable":true,"href":"https:\/\/gpl-love.com\/es\/wp-json\/wp\/v2\/product_tag?post=112100"}],"curies":[{"name":"wp","href":"https:\/\/api.w.org\/{rel}","templated":true}]}}