{"id":112096,"date":"2025-03-25T00:00:00","date_gmt":"2025-03-25T05:00:00","guid":{"rendered":"http:\/\/gpl-love.com\/es\/producto\/twist-product-gallery-slider-for-woocommerce\/"},"modified":"2026-04-10T11:29:15","modified_gmt":"2026-04-10T16:29:15","slug":"twist-product-gallery-slider-for-woocommerce","status":"publish","type":"product","link":"https:\/\/gpl-love.com\/es\/producto\/twist-product-gallery-slider-for-woocommerce\/","title":{"rendered":"Twist Product Gallery Slider para Woocommerce 3.5.10"},"content":{"rendered":"<h3>Twist Product Gallery Slider para Woocommerce Caracteristicas<\/h3>\n<p>El control deslizante de la galer\u00eda de productos Twist para WooCommerce, una herramienta excepcional para la mejora del encanto visual de su tienda en l\u00ednea, se presenta como un recurso notable. Al emplear este control deslizante, uno puede exhibir efectivamente su mercanc\u00eda de manera caracterizada por elegancia y sofisticaci\u00f3n. La facilidad de empleo y compatibilidad con una amplia gama de temas que se muestran por el control deslizante de la galer\u00eda de productos Twist aumenta su atractivo. Adem\u00e1s, la disponibilidad de una amplia gama de opciones personalizables, que incluyen el tama\u00f1o de la imagen, el estilo de navegaci\u00f3n y la configuraci\u00f3n de la reproducci\u00f3n autom\u00e1tica, acent\u00faa a\u00fan m\u00e1s su potencial. Adem\u00e1s, el soporte proporcion\u00f3 una pantalla t\u00e1ctil y un dise\u00f1o receptivo garantiza la accesibilidad en todos los dispositivos, amplificando su accesibilidad. En consecuencia, el control deslizante de la galer\u00eda de productos Twist surge como una inversi\u00f3n ventajosa para cualquier individuo en posesi\u00f3n de una tienda de WooCommerce, ansioso por aumentar la experiencia de compra de su base de clientes.<\/p>\n<ul>\n<li>Complemento de control deslizante de galer\u00eda f\u00e1cil de usar para tiendas WooCommerce<\/li>\n<li>Permite a los usuarios mostrar im\u00e1genes de productos de alta calidad.<\/li>\n<li>Compatible con todos los dise\u00f1os de temas para una integraci\u00f3n perfecta<\/li>\n<li>Presenta una interfaz simple e intuitiva para una f\u00e1cil personalizaci\u00f3n<\/li>\n<li>Admite m\u00faltiples tipos de im\u00e1genes que incluyen JPG, PNG, GIF y SVG<\/li>\n<li>Admite gestos t\u00e1ctiles para la navegaci\u00f3n m\u00f3vil y amigable para las tabletas<\/li>\n<li>Ofrece varios dise\u00f1os de control deslizante y efectos de transici\u00f3n<\/li>\n<li>Proporciona control sobre la velocidad de deslizamiento, la reproducci\u00f3n autom\u00e1tica y otras configuraciones<\/li>\n<li>Mejora la participaci\u00f3n del usuario e impulsa las ventas mostrando productos de una manera visualmente atractiva<\/li>\n<li>Ofrece atenci\u00f3n al cliente confiable y actualizaciones regulares para mejorar la funcionalidad.<\/li>\n<\/ul>\n","protected":false},"excerpt":{"rendered":"<p>Nos complace presentarle el control deslizante de la galer\u00eda de productos Twist para WooCommerce, una soluci\u00f3n incomparable que revolucionar\u00e1 la forma en que exhibe sus productos. Este incre\u00edble complemento ofrece una multitud de caracter\u00edsticas que cautivar\u00e1n e involucrar\u00e1n a sus clientes de la manera m\u00e1s exquisita e interactiva imaginable. Con su inigualable personalizaci\u00f3n y dise\u00f1o receptivo, este control deslizante de la galer\u00eda de im\u00e1genes sin duda elevar\u00e1 la experiencia de navegaci\u00f3n para su estimada clientela. La interfaz de arrastrar y soltar f\u00e1cilmente con usuarios permite la creaci\u00f3n sin esfuerzo de dise\u00f1os \u00fanicos, complementado por una extensa variedad de estilos de animaci\u00f3n para elegir. Adem\u00e1s, la inclusi\u00f3n del contenido de video y los subt\u00edtulos din\u00e1micos dentro del control deslizante garantiza un nivel de participaci\u00f3n del cliente sin precedentes. Es hora de dar a sus productos el reconocimiento y la prominencia que realmente merecen, y nada logra mejor que el Slider de Galer\u00eda de productos Twist de WooCommerce.<\/p>\n","protected":false},"featured_media":167863,"comment_status":"open","ping_status":"open","template":"","meta":[],"product_brand":[2339],"product_cat":[1207,1248,1206],"product_tag":[1256],"class_list":{"0":"post-112096","1":"product","2":"type-product","3":"status-publish","4":"has-post-thumbnail","6":"product_brand-codecanyon","7":"product_cat-comercio-electronico-plugins","8":"product_cat-personalizacion-comercio-electronico-plugins","9":"product_cat-plugins","10":"product_tag-codecanyon","11":"member-discount","12":"discount-restricted","14":"first","15":"instock","16":"sale","17":"downloadable","18":"virtual","19":"sold-individually","20":"purchasable","21":"product-type-simple"},"_links":{"self":[{"href":"https:\/\/gpl-love.com\/es\/wp-json\/wp\/v2\/product\/112096","targetHints":{"allow":["GET"]}}],"collection":[{"href":"https:\/\/gpl-love.com\/es\/wp-json\/wp\/v2\/product"}],"about":[{"href":"https:\/\/gpl-love.com\/es\/wp-json\/wp\/v2\/types\/product"}],"replies":[{"embeddable":true,"href":"https:\/\/gpl-love.com\/es\/wp-json\/wp\/v2\/comments?post=112096"}],"wp:featuredmedia":[{"embeddable":true,"href":"https:\/\/gpl-love.com\/es\/wp-json\/wp\/v2\/media\/167863"}],"wp:attachment":[{"href":"https:\/\/gpl-love.com\/es\/wp-json\/wp\/v2\/media?parent=112096"}],"wp:term":[{"taxonomy":"product_brand","embeddable":true,"href":"https:\/\/gpl-love.com\/es\/wp-json\/wp\/v2\/product_brand?post=112096"},{"taxonomy":"product_cat","embeddable":true,"href":"https:\/\/gpl-love.com\/es\/wp-json\/wp\/v2\/product_cat?post=112096"},{"taxonomy":"product_tag","embeddable":true,"href":"https:\/\/gpl-love.com\/es\/wp-json\/wp\/v2\/product_tag?post=112096"}],"curies":[{"name":"wp","href":"https:\/\/api.w.org\/{rel}","templated":true}]}}