{"id":112094,"date":"2025-08-15T00:00:00","date_gmt":"2025-08-15T05:00:00","guid":{"rendered":"http:\/\/gpl-love.com\/es\/producto\/single-property-wordpress-theme\/"},"modified":"2026-04-10T11:24:53","modified_gmt":"2026-04-10T16:24:53","slug":"single-property-wordpress-theme","status":"publish","type":"product","link":"https:\/\/gpl-love.com\/es\/producto\/single-property-wordpress-theme\/","title":{"rendered":"Single Property WordPress Theme 3.0"},"content":{"rendered":"<h3>Single Property WordPress Theme Caracteristicas<\/h3>\n<p>El tema de WordPress de propiedad \u00fanica ha sido dise\u00f1ado para servir como la mejor soluci\u00f3n para las personas que buscan promover y mostrar de manera efectiva las propiedades individuales de una manera que se considera profesional y elegante. Con un dise\u00f1o elegante y moderno, este tema en particular presenta a los usuarios una extensa gama de opciones de personalizaci\u00f3n, lo que les permite adaptarlo a sus especificaciones y preferencias personales \u00fanicas. Complementados por su interfaz intuitiva, a las personas se les otorga la capacidad de generar sin esfuerzo listados de propiedades visualmente llamativos, exhibir con \u00e9xito im\u00e1genes y videos de alta calidad, y proporcionar a los visitantes toda la informaci\u00f3n pertinente necesaria para que les tomen decisiones informadas. Adem\u00e1s, este tema tambi\u00e9n es totalmente receptivo, lo que garantiza que los listados de propiedades mantendr\u00e1n una est\u00e9tica visualmente atractiva en varios dispositivos. Adem\u00e1s, el tema de WordPress de propiedad \u00fanica incorpora una variedad de caracter\u00edsticas valiosas, como mapas de Google integrados, formularios de contacto personalizables y una gran cantidad de funcionalidades adicionales. Ya sea que un individuo sea un agente de bienes ra\u00edces, un propietario o simplemente un individuo con el objetivo de mostrar efectivamente su propia propiedad, este tema sirve como la opci\u00f3n ideal para establecer una presencia en l\u00ednea notable e impactante.<\/p>\n<ul>\n<li>Un dise\u00f1o limpio y moderno que muestra su propiedad de manera atractiva<\/li>\n<li>Opciones personalizables para que coincidan con su marca y estilo<\/li>\n<li>Dise\u00f1o receptivo para una experiencia perfecta en cualquier dispositivo<\/li>\n<li>Formulario de contacto incorporado para una f\u00e1cil comunicaci\u00f3n con compradores o inquilinos potenciales<\/li>\n<li>Integraci\u00f3n con servicios de listado populares como Zillow o Trulia<\/li>\n<li>Optimizaci\u00f3n de SEO para una mayor visibilidad en los motores de b\u00fasqueda<\/li>\n<li>Constructor de p\u00e1gina f\u00e1cil de usar para la personalizaci\u00f3n de dise\u00f1os y p\u00e1ginas<\/li>\n<li>Instalaci\u00f3n autom\u00e1tica de contenido de demostraci\u00f3n para una configuraci\u00f3n r\u00e1pida<\/li>\n<li>Documentaci\u00f3n y apoyo extenso para garantizar una experiencia sin problemas<\/li>\n<li>Actualizaciones y mejoras regulares para garantizar la compatibilidad con las \u00faltimas versiones de WordPress.<\/li>\n<\/ul>\n","protected":false},"excerpt":{"rendered":"<p>El tema de WordPress de propiedad \u00fanica, una plantilla de sitio web dedicada a exhibir propiedades inmobiliarias, cuenta con una combinaci\u00f3n de elegancia y funcionalidad. Este tema, con su dise\u00f1o visualmente atractivo y caracter\u00edsticas f\u00e1ciles de usar, atiende espec\u00edficamente a agentes inmobiliarios y administradores de propiedades que buscan mostrar sin esfuerzo sus listados. En consecuencia, los compradores o inquilinos potenciales ahora pueden descubrir sin esfuerzo la propiedad de sus sue\u00f1os. Adem\u00e1s, este tema ofrece una variedad de opciones personalizables, que incluyen widgets personalizados, una multitud de opciones de dise\u00f1o e integraci\u00f3n perfecta con los principales servicios de listado de bienes ra\u00edces. Por lo tanto, ya sea que aspira a respaldar una sola residencia opulenta o un desarrollo completo, el tema de WordPress de propiedad \u00fanica surge como la soluci\u00f3n ideal para cualquier profesional de bienes ra\u00edces que se esfuerce por aumentar su visibilidad en l\u00ednea.<\/p>\n","protected":false},"featured_media":167494,"comment_status":"open","ping_status":"open","template":"","meta":[],"product_brand":[2337],"product_cat":[1381,1237,1238],"product_tag":[1391],"class_list":{"0":"post-112094","1":"product","2":"type-product","3":"status-publish","4":"has-post-thumbnail","6":"product_brand-themeforest","7":"product_cat-bienes-raices","8":"product_cat-temas","9":"product_cat-wordpress-temas","10":"product_tag-themeforest","11":"member-discount","12":"discount-restricted","14":"first","15":"instock","16":"sale","17":"downloadable","18":"virtual","19":"sold-individually","20":"purchasable","21":"product-type-simple"},"_links":{"self":[{"href":"https:\/\/gpl-love.com\/es\/wp-json\/wp\/v2\/product\/112094","targetHints":{"allow":["GET"]}}],"collection":[{"href":"https:\/\/gpl-love.com\/es\/wp-json\/wp\/v2\/product"}],"about":[{"href":"https:\/\/gpl-love.com\/es\/wp-json\/wp\/v2\/types\/product"}],"replies":[{"embeddable":true,"href":"https:\/\/gpl-love.com\/es\/wp-json\/wp\/v2\/comments?post=112094"}],"wp:featuredmedia":[{"embeddable":true,"href":"https:\/\/gpl-love.com\/es\/wp-json\/wp\/v2\/media\/167494"}],"wp:attachment":[{"href":"https:\/\/gpl-love.com\/es\/wp-json\/wp\/v2\/media?parent=112094"}],"wp:term":[{"taxonomy":"product_brand","embeddable":true,"href":"https:\/\/gpl-love.com\/es\/wp-json\/wp\/v2\/product_brand?post=112094"},{"taxonomy":"product_cat","embeddable":true,"href":"https:\/\/gpl-love.com\/es\/wp-json\/wp\/v2\/product_cat?post=112094"},{"taxonomy":"product_tag","embeddable":true,"href":"https:\/\/gpl-love.com\/es\/wp-json\/wp\/v2\/product_tag?post=112094"}],"curies":[{"name":"wp","href":"https:\/\/api.w.org\/{rel}","templated":true}]}}