{"id":112093,"date":"2026-01-28T00:00:00","date_gmt":"2026-01-28T05:00:00","guid":{"rendered":"http:\/\/gpl-love.com\/es\/producto\/boombox-viral-magazine-wordpress-theme\/"},"modified":"2026-03-13T17:16:58","modified_gmt":"2026-03-13T22:16:58","slug":"boombox-viral-magazine-wordpress-theme","status":"publish","type":"product","link":"https:\/\/gpl-love.com\/es\/producto\/boombox-viral-magazine-wordpress-theme\/","title":{"rendered":"BoomBox Viral Magazine WordPress Theme 2.10.0"},"content":{"rendered":"<h3>BoomBox Viral Magazine WordPress Theme Caracteristicas<\/h3>\n<p>El tema de WordPress de la revista Viral Boombox es un tema muy impresionante y cautivador que ha sido meticulosamente dise\u00f1ado para atender los deseos de las personas que buscan un sitio web visualmente atractivo y lleno de informaci\u00f3n. Este tema posee la versatilidad que se utilizar\u00e1 para una variedad de fines, desde iniciar un blog hasta establecer un sitio web de noticias o incluso una revista en l\u00ednea. El tema de WordPress de la revista Viral Boombox est\u00e1 equipado con una gran cantidad de caracter\u00edsticas, lo que lo convierte en una opci\u00f3n impecable para cualquier persona que busque forjar y regular una floreciente plataforma en l\u00ednea. Cuenta con una interfaz intuitiva, que permite un uso sin esfuerzo, y se puede personalizar f\u00e1cilmente para adaptarse a las preferencias individuales. Adem\u00e1s, ofrece una variedad diversa de plantillas preconstruidas, asegurando que los usuarios puedan fabricar un sitio web distintivo propio con un esfuerzo m\u00ednimo. Independientemente de si la intenci\u00f3n de uno es construir un sitio web para fines personales o profesionales, el tema de WordPress de la revista viral de Boombox est\u00e1 listo para facilitar el logro de los objetivos de uno.<\/p>\n<ul>\n<li>Tema de WordPress altamente personalizable dise\u00f1ado para revistas y sitios web virales<\/li>\n<li>Dise\u00f1o limpio y moderno con tipograf\u00eda en negrita y elementos visuales llamativos<\/li>\n<li>Apoyo incorporado para el intercambio social y la distribuci\u00f3n de contenido viral<\/li>\n<li>Cuenta con un creador de p\u00e1ginas de arrastrar y soltar para una f\u00e1cil personalizaci\u00f3n y creaci\u00f3n de dise\u00f1o<\/li>\n<li>Viene con m\u00faltiples sitios web y plantillas de demostraci\u00f3n preconstruidos para elegir<\/li>\n<li>Totalmente receptivo y optimizado para dispositivos m\u00f3viles<\/li>\n<li>Carga r\u00e1pida y amigable para SEO para un rendimiento \u00f3ptimo y visibilidad del motor de b\u00fasqueda<\/li>\n<li>Admite m\u00faltiples ubicaciones de anuncios para la monetizaci\u00f3n<\/li>\n<li>Incluye una variedad de widgets y c\u00f3digos cortos personalizados para una funcionalidad mejorada<\/li>\n<li>Ofrece una amplia documentaci\u00f3n y atenci\u00f3n al cliente para una f\u00e1cil configuraci\u00f3n y mantenimiento.<\/li>\n<\/ul>\n","protected":false},"excerpt":{"rendered":"<p>Experimente el poder de la versatilidad con el tema de WordPress de la revista Viral Boombox. Este tema que todo lo abarca ofrece una emocionante combinaci\u00f3n de estilo y funci\u00f3n, perfecta para una variedad de revistas en l\u00ednea. Con su dise\u00f1o y compatibilidad receptivos con WordPress, puede crear f\u00e1cilmente contenido viral y atractivo que resuene con su audiencia. El tema de Boombox est\u00e1 optimizado, asegurando que su sitio web se ubique en las p\u00e1ginas de resultados del motor de b\u00fasqueda. Este tema tambi\u00e9n apoya la integraci\u00f3n de las redes sociales, lo que facilita que su contenido llegue a un p\u00fablico m\u00e1s amplio. Su dise\u00f1o de anuncios le permite monetizar su revista de manera efectiva. El tema de WordPress de la revista Viral Boombox es f\u00e1cil de instalar y personalizar, lo que lo convierte en la opci\u00f3n ideal tanto para principiantes como para desarrolladores experimentados de sitios web. Disfrute de los beneficios de una actualizaci\u00f3n regular de tema, asegurando que su sitio web se mantenga fresco y relevante. Con su interfaz f\u00e1cil de usar y sus capacidades robustas, el tema de Boombox est\u00e1 listo para llevar su revista en l\u00ednea a nuevas alturas.<\/p>\n","protected":false},"featured_media":165540,"comment_status":"open","ping_status":"open","template":"","meta":[],"product_brand":[2337],"product_cat":[1245,1237,1238],"product_tag":[1391],"class_list":{"0":"post-112093","1":"product","2":"type-product","3":"status-publish","4":"has-post-thumbnail","6":"product_brand-themeforest","7":"product_cat-blog-revista","8":"product_cat-temas","9":"product_cat-wordpress-temas","10":"product_tag-themeforest","11":"member-discount","12":"discount-restricted","14":"first","15":"instock","16":"sale","17":"downloadable","18":"virtual","19":"sold-individually","20":"purchasable","21":"product-type-simple"},"_links":{"self":[{"href":"https:\/\/gpl-love.com\/es\/wp-json\/wp\/v2\/product\/112093","targetHints":{"allow":["GET"]}}],"collection":[{"href":"https:\/\/gpl-love.com\/es\/wp-json\/wp\/v2\/product"}],"about":[{"href":"https:\/\/gpl-love.com\/es\/wp-json\/wp\/v2\/types\/product"}],"replies":[{"embeddable":true,"href":"https:\/\/gpl-love.com\/es\/wp-json\/wp\/v2\/comments?post=112093"}],"wp:featuredmedia":[{"embeddable":true,"href":"https:\/\/gpl-love.com\/es\/wp-json\/wp\/v2\/media\/165540"}],"wp:attachment":[{"href":"https:\/\/gpl-love.com\/es\/wp-json\/wp\/v2\/media?parent=112093"}],"wp:term":[{"taxonomy":"product_brand","embeddable":true,"href":"https:\/\/gpl-love.com\/es\/wp-json\/wp\/v2\/product_brand?post=112093"},{"taxonomy":"product_cat","embeddable":true,"href":"https:\/\/gpl-love.com\/es\/wp-json\/wp\/v2\/product_cat?post=112093"},{"taxonomy":"product_tag","embeddable":true,"href":"https:\/\/gpl-love.com\/es\/wp-json\/wp\/v2\/product_tag?post=112093"}],"curies":[{"name":"wp","href":"https:\/\/api.w.org\/{rel}","templated":true}]}}