{"id":112079,"date":"2022-05-16T00:00:00","date_gmt":"2022-05-16T05:00:00","guid":{"rendered":"http:\/\/gpl-love.com\/es\/producto\/instive-insurance-wordpress-theme\/"},"modified":"2026-03-13T17:22:41","modified_gmt":"2026-03-13T22:22:41","slug":"instive-insurance-wordpress-theme","status":"publish","type":"product","link":"https:\/\/gpl-love.com\/es\/producto\/instive-insurance-wordpress-theme\/","title":{"rendered":"Instive Insurance WordPress Theme 1.2.0"},"content":{"rendered":"<h3>Instive Insurance WordPress Theme Caracteristicas<\/h3>\n<p>El tema de WordPress de Inestivo de Seguros, con un dise\u00f1o contempor\u00e1neo y adaptable, es una opci\u00f3n ideal para las compa\u00f1\u00edas de seguros que buscan establecer una huella digital autorizada y centrada en el cliente. Ofreciendo una gran cantidad de opciones personalizables, este tema permite a los usuarios mostrar sus servicios, miembros del equipo y testimonios con una delicadeza incomparable. Adem\u00e1s, incorpora un formulario de contacto integrado, encabezados y pies de p\u00e1gina personalizables, y un constructor de p\u00e1ginas de arrastrar y soltar f\u00e1cilmente con usuarios, facilitando as\u00ed la personalizaci\u00f3n perfecta. Al aprovechar las extensas capacidades del tema de Insiver Insurance WordPress, las compa\u00f1\u00edas de seguros pueden cautivar y cautivar de manera efectiva a los posibles clientes, todo mientras encarnan su experiencia dentro de la industria de seguros.<\/p>\n<ul>\n<li>Un tema de WordPress elegante y profesional dise\u00f1ado espec\u00edficamente para agencias de seguros<\/li>\n<li>M\u00faltiples opciones de dise\u00f1o de la p\u00e1gina de inicio para elegir<\/li>\n<li>Totalmente personalizable con personalizador de tema en vivo y creador de p\u00e1ginas de arrastrar y soltar<\/li>\n<li>Se integra con complementos populares como el formulario de contacto 7 y yoast SEO<\/li>\n<li>Dise\u00f1o de respuesta m\u00f3vil para garantizar una visualizaci\u00f3n \u00f3ptima en todos los dispositivos<\/li>\n<li>Sistema de reserva de citas incorporado para una f\u00e1cil programaci\u00f3n con los clientes<\/li>\n<li>Compatible con todos los principales navegadores web<\/li>\n<li>Equipo de soporte dedicado disponible para ayudar con cualquier pregunta o problema<\/li>\n<li>SEO optimizado para mejorar la clasificaci\u00f3n y la visibilidad del motor de b\u00fasqueda<\/li>\n<li>Instalaci\u00f3n de demostraci\u00f3n de un solo clic para que su sitio se ejecute r\u00e1pidamente<\/li>\n<\/ul>\n","protected":false},"excerpt":{"rendered":"<p>El tema de WordPress de Insiver Insurance se presenta como un remedio impecable para las compa\u00f1\u00edas de seguros que buscan establecer una presencia en l\u00ednea que exude profesionalismo e infunde confianza en su audiencia. Con un dise\u00f1o elegante que combina armoniosamente la est\u00e9tica con la funcionalidad, este tema ofrece una gran cantidad de opciones de personalizaci\u00f3n f\u00e1cil de usar, lo que le permite construir sin esfuerzo un sitio web visualmente cautivador que muestra efectivamente su variedad de servicios y experiencia profunda. Adem\u00e1s, este tema est\u00e1 proporcionado con caracter\u00edsticas indispensables como programaci\u00f3n de citas, testimonios y un dise\u00f1o totalmente receptivo, garantizando una participaci\u00f3n perfecta del cliente en una amplia gama de dispositivos. Con el tema Insiver Insurance WordPress, la mejora de su presencia digital est\u00e1 segura.<\/p>\n","protected":false},"featured_media":166475,"comment_status":"open","ping_status":"open","template":"","meta":[],"product_brand":[2337],"product_cat":[1307,1237,1238],"product_tag":[1391],"class_list":{"0":"post-112079","1":"product","2":"type-product","3":"status-publish","4":"has-post-thumbnail","6":"product_brand-themeforest","7":"product_cat-negocio-wordpress-temas","8":"product_cat-temas","9":"product_cat-wordpress-temas","10":"product_tag-themeforest","11":"member-discount","12":"discount-restricted","14":"first","15":"instock","16":"sale","17":"downloadable","18":"virtual","19":"sold-individually","20":"purchasable","21":"product-type-simple"},"_links":{"self":[{"href":"https:\/\/gpl-love.com\/es\/wp-json\/wp\/v2\/product\/112079","targetHints":{"allow":["GET"]}}],"collection":[{"href":"https:\/\/gpl-love.com\/es\/wp-json\/wp\/v2\/product"}],"about":[{"href":"https:\/\/gpl-love.com\/es\/wp-json\/wp\/v2\/types\/product"}],"replies":[{"embeddable":true,"href":"https:\/\/gpl-love.com\/es\/wp-json\/wp\/v2\/comments?post=112079"}],"wp:featuredmedia":[{"embeddable":true,"href":"https:\/\/gpl-love.com\/es\/wp-json\/wp\/v2\/media\/166475"}],"wp:attachment":[{"href":"https:\/\/gpl-love.com\/es\/wp-json\/wp\/v2\/media?parent=112079"}],"wp:term":[{"taxonomy":"product_brand","embeddable":true,"href":"https:\/\/gpl-love.com\/es\/wp-json\/wp\/v2\/product_brand?post=112079"},{"taxonomy":"product_cat","embeddable":true,"href":"https:\/\/gpl-love.com\/es\/wp-json\/wp\/v2\/product_cat?post=112079"},{"taxonomy":"product_tag","embeddable":true,"href":"https:\/\/gpl-love.com\/es\/wp-json\/wp\/v2\/product_tag?post=112079"}],"curies":[{"name":"wp","href":"https:\/\/api.w.org\/{rel}","templated":true}]}}