{"id":112068,"date":"2021-03-29T00:00:00","date_gmt":"2021-03-29T05:00:00","guid":{"rendered":"http:\/\/gpl-love.com\/es\/?post_type=product&#038;p=112068"},"modified":"2026-03-09T07:39:01","modified_gmt":"2026-03-09T12:39:01","slug":"google-maps-wordpress-map-plugin","status":"publish","type":"product","link":"https:\/\/gpl-love.com\/es\/producto\/google-maps-wordpress-map-plugin\/","title":{"rendered":"Google Maps WordPress Map Plugin 2.4.2"},"content":{"rendered":"<h3>Google Maps WordPress Map Plugin Caracteristicas<\/h3>\n<p>El complemento de mapas de WordPress de Google Maps, una herramienta altamente eficiente, empodera a los propietarios de sitios web con la integraci\u00f3n perfecta de Google Maps en sus sitios de WordPress. A trav\u00e9s de la utilizaci\u00f3n de este complemento, los usuarios obtienen la capacidad de crear mapas personalizados sin esfuerzo, incorporar marcadores y etiquetas, y exhibir mapas en cualquier p\u00e1gina o publicaci\u00f3n deseada. Adem\u00e1s, este complemento cuenta con una interfaz f\u00e1cil de usar que elimina la necesidad de codificaci\u00f3n o experiencia en programaci\u00f3n. Adem\u00e1s, facilita la personalizaci\u00f3n de los estilos de mapas y proporciona una gran cantidad de opciones de visualizaci\u00f3n. Por lo tanto, la indispensabilidad del complemento de mapas de WordPress de Google Maps se hace evidente para cada propietario del sitio web que aspira a infundir interactividad en su sitio y proporcionar informaci\u00f3n valiosa basada en la ubicaci\u00f3n a sus estimados visitantes.<\/p>\n<ul>\n<li>Integra los mapas de Google en cualquier sitio web de WordPress<\/li>\n<li>Marcadores personalizables, niveles de zoom y estilos de mapa<\/li>\n<li>Admite m\u00faltiples mapas en una p\u00e1gina<\/li>\n<li>C\u00f3digo cort\u00e9s f\u00e1cil de usar para mostrar mapas en cualquier lugar de su sitio<\/li>\n<li>Dise\u00f1o receptivo para dispositivos m\u00f3viles y de tabletas<\/li>\n<li>Incluye la tecla API de Google Maps para una integraci\u00f3n perfecta<\/li>\n<li>Opci\u00f3n para establecer la ubicaci\u00f3n predeterminada y el nivel de zoom<\/li>\n<li>Capacidad para agregar HTML y CSS personalizado para la personalizaci\u00f3n avanzada<\/li>\n<li>Compatible con la \u00faltima versi\u00f3n de WordPress<\/li>\n<li>Actualizaciones regulares de complementos y atenci\u00f3n al cliente dedicada.<\/li>\n<\/ul>\n","protected":false},"excerpt":{"rendered":"<p>El complemento de mapas de WordPress de Google Maps proporciona una soluci\u00f3n altamente f\u00e1cil de usar e integrada sin esfuerzo para incorporar mapas din\u00e1micos en su sitio web de WordPress. Este complemento robusto le permite mostrar marcadores personalizados, ofrecer orientaci\u00f3n de navegaci\u00f3n e incluso realizar b\u00fasquedas geogr\u00e1ficas automatizadas, todas destinadas a ayudar de manera r\u00e1pida y sin problemas a los visitantes del sitio web a obtener la informaci\u00f3n deseada. Independientemente de si opera una empresa modesta, funciona como vendedor o participa en actividades de blogs, el complemento de mapas de WordPress de Google Maps se considera como un instrumento imperativo que facilita la creaci\u00f3n de mapas cautivadores e interactivos, aumentando as\u00ed la experiencia general de sus usuarios.<\/p>\n","protected":false},"featured_media":166275,"comment_status":"open","ping_status":"open","template":"","meta":[],"product_brand":[2339],"product_cat":[1214,1206,1211],"product_tag":[1256],"class_list":{"0":"post-112068","1":"product","2":"type-product","3":"status-publish","4":"has-post-thumbnail","6":"product_brand-codecanyon","7":"product_cat-personalizacion","8":"product_cat-plugins","9":"product_cat-wordpress-plugins","10":"product_tag-codecanyon","11":"member-discount","12":"discount-restricted","14":"first","15":"instock","16":"sale","17":"downloadable","18":"virtual","19":"sold-individually","20":"purchasable","21":"product-type-simple"},"_links":{"self":[{"href":"https:\/\/gpl-love.com\/es\/wp-json\/wp\/v2\/product\/112068","targetHints":{"allow":["GET"]}}],"collection":[{"href":"https:\/\/gpl-love.com\/es\/wp-json\/wp\/v2\/product"}],"about":[{"href":"https:\/\/gpl-love.com\/es\/wp-json\/wp\/v2\/types\/product"}],"replies":[{"embeddable":true,"href":"https:\/\/gpl-love.com\/es\/wp-json\/wp\/v2\/comments?post=112068"}],"wp:featuredmedia":[{"embeddable":true,"href":"https:\/\/gpl-love.com\/es\/wp-json\/wp\/v2\/media\/166275"}],"wp:attachment":[{"href":"https:\/\/gpl-love.com\/es\/wp-json\/wp\/v2\/media?parent=112068"}],"wp:term":[{"taxonomy":"product_brand","embeddable":true,"href":"https:\/\/gpl-love.com\/es\/wp-json\/wp\/v2\/product_brand?post=112068"},{"taxonomy":"product_cat","embeddable":true,"href":"https:\/\/gpl-love.com\/es\/wp-json\/wp\/v2\/product_cat?post=112068"},{"taxonomy":"product_tag","embeddable":true,"href":"https:\/\/gpl-love.com\/es\/wp-json\/wp\/v2\/product_tag?post=112068"}],"curies":[{"name":"wp","href":"https:\/\/api.w.org\/{rel}","templated":true}]}}