{"id":112064,"date":"2024-12-02T00:00:00","date_gmt":"2024-12-02T05:00:00","guid":{"rendered":"http:\/\/gpl-love.com\/es\/producto\/ask-me-responsive-questions-and-answers-wordpress\/"},"modified":"2026-03-13T17:15:58","modified_gmt":"2026-03-13T22:15:58","slug":"ask-me-responsive-questions-and-answers-wordpress","status":"publish","type":"product","link":"https:\/\/gpl-love.com\/es\/producto\/ask-me-responsive-questions-and-answers-wordpress\/","title":{"rendered":"Ask Me Responsive Questions y Answers WordPress 7.0.1"},"content":{"rendered":"<h3>Ask Me Responsive Questions y Answers WordPress Caracteristicas<\/h3>\n<p>El complemento de WordPress de Pregunta Responsive Responsive Sirve como una herramienta altamente efectiva y eficiente para los propietarios de sitios web, facilitando el establecimiento de una plataforma interactiva por la cual los usuarios pueden participar en el proceso de hacer y responder preguntas. Con sus caracter\u00edsticas excepcionalmente avanzadas, este complemento de WordPress se ha desarrollado h\u00e1bilmente para poseer las caracter\u00edsticas de ser receptivos, f\u00e1ciles de usar y ampliamente personalizables. Mediante estos atributos, el complemento permite a los usuarios publicar consultas sin esfuerzo y posteriormente recibir respuestas integrales de la comunidad en l\u00ednea, todo de manera excepcionalmente optimizada. Es importante tener en cuenta que el complemento de WordPress de WordPress se debe tener en cuenta las preguntas y respuestas de Ask Me. Independientemente de si est\u00e1 operando un blog o un sitio web impulsado por una comunidad, este complemento sirve como una adici\u00f3n verdaderamente excepcional, notablemente capaz de mejorar la participaci\u00f3n del usuario y reforzar significativamente el tr\u00e1fico general obtenido por su estimado sitio.<\/p>\n<ul>\n<li>Complemento de alta calidad dise\u00f1ado para sitios web de WordPress<\/li>\n<li>Permite a los visitantes del sitio web hacer f\u00e1cilmente y recibir preguntas y respuestas receptivas<\/li>\n<li>Se puede personalizar para que coincida con el esquema de marca y color del sitio web<\/li>\n<li>Interfaz f\u00e1cil de usar, tanto para visitantes del sitio web como para administradores de sitios web<\/li>\n<li>Proporciona an\u00e1lisis \u00fatiles y seguimiento de preguntas y respuestas para optimizar el contenido del sitio web<\/li>\n<li>El dise\u00f1o receptivo garantiza la compatibilidad con varios dispositivos y tama\u00f1os de pantalla<\/li>\n<li>Ofrece caracter\u00edsticas avanzadas, como notificaciones de correo electr\u00f3nico personalizables e integraci\u00f3n de recaptcha para mayor seguridad<\/li>\n<li>Se integra f\u00e1cilmente con temas populares de WordPress y constructores de p\u00e1ginas<\/li>\n<li>Proporciona un excelente servicio de atenci\u00f3n al cliente con respuestas oportunas y recursos \u00fatiles.<\/li>\n<\/ul>\n","protected":false},"excerpt":{"rendered":"<p>Ask Me es un tema de WordPress receptivo y f\u00e1cil de usar perfecto para crear un sitio web de preguntas y respuestas interactivas. Este tema din\u00e1mico ofrece una plataforma donde los usuarios pueden hacer preguntas, obtener respuestas y participar en discusiones. Con su interfaz f\u00e1cil de usar y su dise\u00f1o adaptativo, proporciona una experiencia perfecta en cualquier dispositivo. Los usuarios pueden votar por las mejores respuestas, mejorando el aspecto impulsado por la comunidad. Con Ask Me, puede construir una plataforma robusta, atractiva e informativa de preguntas y respuestas. Su dise\u00f1o receptivo garantiza que su sitio se vea genial en todos los dispositivos, por lo que es una opci\u00f3n inteligente para los usuarios centrados en el m\u00f3vil de hoy. El tema tambi\u00e9n ofrece caracter\u00edsticas personalizables, lo que le permite crear un sitio web que se alinee con la est\u00e9tica de su marca. Entonces, ya sea que sea una startup, un negocio establecido o un individuo, preguntarme es el tema perfecto de WordPress para construir una comunidad en l\u00ednea pr\u00f3spera.<\/p>\n","protected":false},"featured_media":165400,"comment_status":"open","ping_status":"open","template":"","meta":[],"product_brand":[2337],"product_cat":[1267,1237,1238],"product_tag":[1391],"class_list":{"0":"post-112064","1":"product","2":"type-product","3":"status-publish","4":"has-post-thumbnail","6":"product_brand-themeforest","7":"product_cat-creativo","8":"product_cat-temas","9":"product_cat-wordpress-temas","10":"product_tag-themeforest","11":"member-discount","12":"discount-restricted","14":"first","15":"instock","16":"sale","17":"downloadable","18":"virtual","19":"sold-individually","20":"purchasable","21":"product-type-simple"},"_links":{"self":[{"href":"https:\/\/gpl-love.com\/es\/wp-json\/wp\/v2\/product\/112064","targetHints":{"allow":["GET"]}}],"collection":[{"href":"https:\/\/gpl-love.com\/es\/wp-json\/wp\/v2\/product"}],"about":[{"href":"https:\/\/gpl-love.com\/es\/wp-json\/wp\/v2\/types\/product"}],"replies":[{"embeddable":true,"href":"https:\/\/gpl-love.com\/es\/wp-json\/wp\/v2\/comments?post=112064"}],"wp:featuredmedia":[{"embeddable":true,"href":"https:\/\/gpl-love.com\/es\/wp-json\/wp\/v2\/media\/165400"}],"wp:attachment":[{"href":"https:\/\/gpl-love.com\/es\/wp-json\/wp\/v2\/media?parent=112064"}],"wp:term":[{"taxonomy":"product_brand","embeddable":true,"href":"https:\/\/gpl-love.com\/es\/wp-json\/wp\/v2\/product_brand?post=112064"},{"taxonomy":"product_cat","embeddable":true,"href":"https:\/\/gpl-love.com\/es\/wp-json\/wp\/v2\/product_cat?post=112064"},{"taxonomy":"product_tag","embeddable":true,"href":"https:\/\/gpl-love.com\/es\/wp-json\/wp\/v2\/product_tag?post=112064"}],"curies":[{"name":"wp","href":"https:\/\/api.w.org\/{rel}","templated":true}]}}