{"id":112062,"date":"2024-06-26T00:00:00","date_gmt":"2024-06-26T05:00:00","guid":{"rendered":"http:\/\/gpl-love.com\/es\/producto\/facebook-reviews-wordpress-facebook-reviews-plugin\/"},"modified":"2026-03-09T07:34:03","modified_gmt":"2026-03-09T12:34:03","slug":"facebook-reviews-wordpress-facebook-reviews-plugin","status":"publish","type":"product","link":"https:\/\/gpl-love.com\/es\/producto\/facebook-reviews-wordpress-facebook-reviews-plugin\/","title":{"rendered":"Facebook Reviews WordPress Facebook Reviews Plugin 1.2.5"},"content":{"rendered":"<h3>Facebook Reviews WordPress Facebook Reviews Plugin Caracteristicas<\/h3>\n<p>Facebook revisa el complemento de WordPress Facebook Reviews, una soluci\u00f3n incre\u00edblemente innovadora e innovadora, ofrece a los propietarios de sitios web la oportunidad excepcional de integrar a la perfecci\u00f3n las revisiones de Facebook en su sitio web. Este complemento incomparable est\u00e1 meticulosamente elaborado para empoderar a las empresas para amplificar su reputaci\u00f3n en l\u00ednea, al mostrar de manera efectiva y prominente sus cr\u00edticas m\u00e1s positivas directamente en su sitio web. El notable conjunto de caracter\u00edsticas de este complemento permite la personalizaci\u00f3n sin esfuerzo de la pantalla de revisi\u00f3n, por lo que es un activo verdaderamente indispensable para cualquier sitio web que se esfuerce por presentar sus invaluables comentarios de los clientes de una manera altamente sofisticada e impactante. Adem\u00e1s, la interfaz f\u00e1cil de usar de este complemento garantiza que sus procesos de instalaci\u00f3n y configuraci\u00f3n se ejecuten sin esfuerzo, sin ning\u00fan requisito para ninguna destreza de codificaci\u00f3n o experiencia t\u00e9cnica. En su totalidad, el complemento de revisiones de Facebook de Facebook revisa WordPress como una herramienta absolutamente indispensable e invaluable para las empresas que se comprometen ardientemente a optimizar su presencia en l\u00ednea y elevar su experiencia general del cliente.<\/p>\n<ul>\n<li>Integre perfectamente las rese\u00f1as de Facebook en su sitio web de WordPress<\/li>\n<li>Muestre sus revisiones de la p\u00e1gina de Facebook en cualquier p\u00e1gina o publicaci\u00f3n<\/li>\n<li>Dise\u00f1o personalizable para que coincida con el estilo y la marca de su sitio web<\/li>\n<li>Filtro de revisiones por palabra clave o calificaci\u00f3n para mostrar solo las mejores revisiones<\/li>\n<li>Opci\u00f3n para mostrar revisiones de varias p\u00e1ginas de Facebook o seleccionar otras espec\u00edficas<\/li>\n<li>Actualice autom\u00e1ticamente las revisiones en tiempo real para garantizar informaci\u00f3n actualizada<\/li>\n<li>Prueba social para clientes potenciales con revisiones positivas que se muestran prominentemente en su sitio web<\/li>\n<\/ul>\n","protected":false},"excerpt":{"rendered":"<p>Nos complace presentarle el notable Facebook Reviews WordPress Plugin, una soluci\u00f3n que abarca todo dise\u00f1ado para exhibir sin problemas cr\u00edticas y calificaciones genuinas obtenidas desde su p\u00e1gina de Facebook en su sitio web en tiempo real. A trav\u00e9s de sus opciones de personalizaci\u00f3n f\u00e1cil de usar, este complemento le permite acentuar sus revisiones, amplificando as\u00ed su credibilidad entre los posibles clientes. El proceso de instalaci\u00f3n y configuraci\u00f3n de este complemento es indudablemente sin esfuerzo, lo que le permite exhibir r\u00e1pidamente sus revisiones de la p\u00e1gina de Facebook sin retrasos. Eleve su existencia digital hoy aprovechando las capacidades excepcionales de nuestro complemento robusto.<\/p>\n","protected":false},"featured_media":166071,"comment_status":"open","ping_status":"open","template":"","meta":[],"product_brand":[2339],"product_cat":[1232,1206,1211],"product_tag":[1256],"class_list":{"0":"post-112062","1":"product","2":"type-product","3":"status-publish","4":"has-post-thumbnail","6":"product_brand-codecanyon","7":"product_cat-marketing-wordpress-plugins","8":"product_cat-plugins","9":"product_cat-wordpress-plugins","10":"product_tag-codecanyon","11":"member-discount","12":"discount-restricted","14":"first","15":"instock","16":"sale","17":"downloadable","18":"virtual","19":"sold-individually","20":"purchasable","21":"product-type-simple"},"_links":{"self":[{"href":"https:\/\/gpl-love.com\/es\/wp-json\/wp\/v2\/product\/112062","targetHints":{"allow":["GET"]}}],"collection":[{"href":"https:\/\/gpl-love.com\/es\/wp-json\/wp\/v2\/product"}],"about":[{"href":"https:\/\/gpl-love.com\/es\/wp-json\/wp\/v2\/types\/product"}],"replies":[{"embeddable":true,"href":"https:\/\/gpl-love.com\/es\/wp-json\/wp\/v2\/comments?post=112062"}],"wp:featuredmedia":[{"embeddable":true,"href":"https:\/\/gpl-love.com\/es\/wp-json\/wp\/v2\/media\/166071"}],"wp:attachment":[{"href":"https:\/\/gpl-love.com\/es\/wp-json\/wp\/v2\/media?parent=112062"}],"wp:term":[{"taxonomy":"product_brand","embeddable":true,"href":"https:\/\/gpl-love.com\/es\/wp-json\/wp\/v2\/product_brand?post=112062"},{"taxonomy":"product_cat","embeddable":true,"href":"https:\/\/gpl-love.com\/es\/wp-json\/wp\/v2\/product_cat?post=112062"},{"taxonomy":"product_tag","embeddable":true,"href":"https:\/\/gpl-love.com\/es\/wp-json\/wp\/v2\/product_tag?post=112062"}],"curies":[{"name":"wp","href":"https:\/\/api.w.org\/{rel}","templated":true}]}}