{"id":112060,"date":"2023-01-19T00:00:00","date_gmt":"2023-01-19T05:00:00","guid":{"rendered":"http:\/\/gpl-love.com\/es\/producto\/media-boxes-portfolio-wordpress-grid-gallery-plugin\/"},"modified":"2026-03-09T07:49:14","modified_gmt":"2026-03-09T12:49:14","slug":"media-boxes-portfolio-wordpress-grid-gallery-plugin","status":"publish","type":"product","link":"https:\/\/gpl-love.com\/es\/producto\/media-boxes-portfolio-wordpress-grid-gallery-plugin\/","title":{"rendered":"Media Boxes Portfolio WordPress Grid Gallery Plugin 1.5.5"},"content":{"rendered":"<h3>Media Boxes Portfolio WordPress Grid Gallery Plugin Caracteristicas<\/h3>\n<p>El complemento de la Galer\u00eda de Grid Grid Grid de Portfolio de Media Boxes es una herramienta excepcionalmente robusta y eficiente que permite a los usuarios crear galer\u00edas y carteras impresionantes e impresionantes sin esfuerzo para sus sitios web. Este complemento cuenta con una interfaz intuitivamente dise\u00f1ada que facilita la navegaci\u00f3n perfecta y ofrece una amplia gama de opciones de personalizaci\u00f3n, que atiende a las diversas necesidades y preferencias de los usuarios. Adem\u00e1s, su dise\u00f1o totalmente receptivo garantiza que las galer\u00edas creadas a trav\u00e9s de este complemento ser\u00e1n visualmente atractivas y adaptables perfectamente a varios dispositivos, garantizando una experiencia de usuario \u00f3ptima en todos los \u00e1mbitos. Adem\u00e1s, el complemento presenta a los usuarios una selecci\u00f3n vers\u00e1til de dise\u00f1os de la galer\u00eda, incluida la altamente popular mamposter\u00eda, filas de ajuste y opciones justificadas, otorg\u00e1ndoles la libertad de seleccionar su contenido multimedia con una precisi\u00f3n sorprendente. Al aprovechar las capacidades excepcionales del complemento de la Galer\u00eda de la Grid Grid de la cartera de Media Cajas, los usuarios pueden elaborar sin esfuerzo impresionantes galer\u00edas que cautivan a su audiencia y elevan su sitio web por encima de la competencia, apart\u00e1ndose efectivamente del vasto paisaje digital.<\/p>\n<ul>\n<li>Integraci\u00f3n f\u00e1cil con WordPress<\/li>\n<li>Pantalla de galer\u00eda de cuadr\u00edcula receptiva y personalizable<\/li>\n<li>Capacidad para agregar cajas de medios con varios tipos de contenido (video, audio, im\u00e1genes, etc.)<\/li>\n<li>Filtrar y clasificar opciones para cajas de medios<\/li>\n<li>M\u00faltiples dise\u00f1os disponibles para la pantalla de cartera<\/li>\n<li>Efectos de ciervo personalizables para cajas de medios<\/li>\n<li>Opci\u00f3n para agregar subt\u00edtulos y descripciones a las cajas de medios<\/li>\n<li>Pantalla amigable para SEO para una visibilidad \u00f3ptima del motor de b\u00fasqueda<\/li>\n<li>Compatible con navegadores web populares y dispositivos m\u00f3viles<\/li>\n<li>Actualizaciones y soporte regulares de los desarrolladores.<\/li>\n<\/ul>\n","protected":false},"excerpt":{"rendered":"<p>Media Boxes Portfolio WordPress Grid Gallery Gallery Plugin es una herramienta incre\u00edblemente robusta y vers\u00e1til que le permite crear carteras y galer\u00edas visualmente cautivadoras sin esfuerzo para su sitio web. A trav\u00e9s de su interfaz f\u00e1cil de usar y su amplia gama de caracter\u00edsticas, tiene la capacidad de presentar elegantemente su contenido de medios de una manera que es visualmente llamativa y art\u00edsticamente impresionante. Este complemento excepcional ofrece una mir\u00edada de dise\u00f1os de cuadr\u00edcula para seleccionar, que abarca los gustos de la mamposter\u00eda, el metro y los arreglos justificados. Adem\u00e1s, posee la flexibilidad para adaptar meticulosamente la apariencia de su galer\u00eda para adaptarse a sus preferencias espec\u00edficas, lo que le permite ajustar intrincadamente el espacio, as\u00ed como determinar la cantidad de columnas que mejor complementa sus medios exhibidos. Adem\u00e1s, este complemento notable es totalmente sensible, asegurando que su trabajo meticulosamente seleccionado pueda verse sin problemas y apreciarse en una variedad de dispositivos m\u00f3viles. Independientemente de si usted es un fot\u00f3grafo experto, un artista talentoso o una agencia din\u00e1mica de medios, el complemento de la Galer\u00eda de Grid WordPress de WordPress de Media Boxes sirve como la soluci\u00f3n definitiva para exhibir y resaltar de manera efectiva los frutos de sus esfuerzos creativos.<\/p>\n","protected":false},"featured_media":166716,"comment_status":"open","ping_status":"open","template":"","meta":[],"product_brand":[2339],"product_cat":[1214,1206,1211],"product_tag":[1256],"class_list":{"0":"post-112060","1":"product","2":"type-product","3":"status-publish","4":"has-post-thumbnail","6":"product_brand-codecanyon","7":"product_cat-personalizacion","8":"product_cat-plugins","9":"product_cat-wordpress-plugins","10":"product_tag-codecanyon","11":"member-discount","12":"discount-restricted","14":"first","15":"instock","16":"sale","17":"downloadable","18":"virtual","19":"sold-individually","20":"purchasable","21":"product-type-simple"},"_links":{"self":[{"href":"https:\/\/gpl-love.com\/es\/wp-json\/wp\/v2\/product\/112060","targetHints":{"allow":["GET"]}}],"collection":[{"href":"https:\/\/gpl-love.com\/es\/wp-json\/wp\/v2\/product"}],"about":[{"href":"https:\/\/gpl-love.com\/es\/wp-json\/wp\/v2\/types\/product"}],"replies":[{"embeddable":true,"href":"https:\/\/gpl-love.com\/es\/wp-json\/wp\/v2\/comments?post=112060"}],"wp:featuredmedia":[{"embeddable":true,"href":"https:\/\/gpl-love.com\/es\/wp-json\/wp\/v2\/media\/166716"}],"wp:attachment":[{"href":"https:\/\/gpl-love.com\/es\/wp-json\/wp\/v2\/media?parent=112060"}],"wp:term":[{"taxonomy":"product_brand","embeddable":true,"href":"https:\/\/gpl-love.com\/es\/wp-json\/wp\/v2\/product_brand?post=112060"},{"taxonomy":"product_cat","embeddable":true,"href":"https:\/\/gpl-love.com\/es\/wp-json\/wp\/v2\/product_cat?post=112060"},{"taxonomy":"product_tag","embeddable":true,"href":"https:\/\/gpl-love.com\/es\/wp-json\/wp\/v2\/product_tag?post=112060"}],"curies":[{"name":"wp","href":"https:\/\/api.w.org\/{rel}","templated":true}]}}