{"id":112058,"date":"2025-12-04T00:00:00","date_gmt":"2025-12-04T05:00:00","guid":{"rendered":"http:\/\/gpl-love.com\/es\/producto\/product-video-for-woocommerce\/"},"modified":"2026-04-10T11:22:10","modified_gmt":"2026-04-10T16:22:10","slug":"product-video-for-woocommerce","status":"publish","type":"product","link":"https:\/\/gpl-love.com\/es\/producto\/product-video-for-woocommerce\/","title":{"rendered":"Product Video para WooCommerce 1.7.1"},"content":{"rendered":"<h3>Product Video para WooCommerce Caracteristicas<\/h3>\n<p>El video del producto para el complemento WooCommerce es una herramienta incre\u00edblemente potente que permite a los comerciantes en l\u00ednea incorporar sin problemas contenido de video cautivador en sus p\u00e1ginas de productos. Este notable complemento le permite cargar, incrustar y exhibir los videos de sus productos, otorgando as\u00ed a sus clientes una experiencia de compra verdaderamente visual e inmersiva. En particular, este complemento cuenta con una interfaz de usuario intuitiva, asegurando la facilidad de uso, al tiempo que ofrece una gran cantidad de configuraciones personalizables. Estas configuraciones le brindan la capacidad de seleccionar el tama\u00f1o, la posici\u00f3n y el comportamiento de los videos de su producto, lo que le permite adaptar la presentaci\u00f3n para adaptarse a sus preferencias precisas. En consecuencia, no solo puede elevar el atractivo general de sus listados de productos, sino que tambi\u00e9n puede esperar un aumento notable en las tasas de conversi\u00f3n y un impulso sustancial en las cifras de ventas. Al aprovechar las notables capacidades del video del producto para WooCommerce, puede impulsar su tienda en l\u00ednea a alturas sin precedentes, cautivar y involucrar a sus valiosos clientes, y diferenciarse sin esfuerzo de sus competidores siempre presentes.<\/p>\n<ul>\n<li>Complemento asequible y f\u00e1cil de usar para mostrar videos de productos en su tienda WooCommerce<\/li>\n<li>Se integra perfectamente con sus p\u00e1ginas de productos y dise\u00f1o de temas existentes<\/li>\n<li>Le permite cargar y mostrar m\u00faltiples videos por producto, incluidos los videos alojados de YouTube y Vimeo<\/li>\n<li>Controles de reproductor de video personalizables y opciones de marca para que coincidan con la apariencia de su tienda<\/li>\n<li>Optimizado para velocidades de carga r\u00e1pidas y dise\u00f1o receptivo para usuarios de dispositivos m\u00f3viles y de escritorio<\/li>\n<li>Admite m\u00faltiples idiomas y complementos de traducci\u00f3n para expandir el alcance global de su tienda<\/li>\n<li>Construido con c\u00f3digo limpio y optimizaci\u00f3n de SEO en mente, ayudando a sus productos a clasificar m\u00e1s alto en los resultados de los motores de b\u00fasqueda<\/li>\n<li>Atenci\u00f3n al cliente 24\/7 y actualizaciones peri\u00f3dicas para garantizar la compatibilidad con las \u00faltimas versiones de WooCommerce y WordPress.<\/li>\n<\/ul>\n","protected":false},"excerpt":{"rendered":"<p>Mejore sus ventas y conversiones utilizando el incre\u00edble poder del video del producto para WooCommerce, un complemento excepcional que le otorga la notable capacidad de aumentar sin esfuerzo sus p\u00e1ginas de productos de WooCommerce con contenido de video cautivador e instructivo. Este complemento innovador le permite cargar e incrustar videos de una gran cantidad de plataformas, lo que le permite mostrar sus productos excepcionales de una manera que resuena profundamente con sus estimados clientes, proporcion\u00e1ndoles una comprensi\u00f3n incomparable de las caracter\u00edsticas sin paralelas y beneficios extraordinarios de beneficios extraordinarios y extraordinarios de beneficios extraordinarios. que poseen sus productos. Al adoptar el potencial incomparable de la entrada: Video del producto para WooCommerce, tiene la garant\u00eda de elevar la experiencia general de compra y facilitar el proceso de tomar decisiones de compra informadas para sus estimados clientes.<\/p>\n","protected":false},"featured_media":167264,"comment_status":"open","ping_status":"open","template":"","meta":[],"product_brand":[2344],"product_cat":[1207,1248,1206],"product_tag":[1423],"class_list":{"0":"post-112058","1":"product","2":"type-product","3":"status-publish","4":"has-post-thumbnail","6":"product_brand-woocommerce","7":"product_cat-comercio-electronico-plugins","8":"product_cat-personalizacion-comercio-electronico-plugins","9":"product_cat-plugins","10":"product_tag-woocommerce","11":"member-discount","12":"discount-restricted","14":"first","15":"instock","16":"sale","17":"downloadable","18":"virtual","19":"sold-individually","20":"purchasable","21":"product-type-simple"},"_links":{"self":[{"href":"https:\/\/gpl-love.com\/es\/wp-json\/wp\/v2\/product\/112058","targetHints":{"allow":["GET"]}}],"collection":[{"href":"https:\/\/gpl-love.com\/es\/wp-json\/wp\/v2\/product"}],"about":[{"href":"https:\/\/gpl-love.com\/es\/wp-json\/wp\/v2\/types\/product"}],"replies":[{"embeddable":true,"href":"https:\/\/gpl-love.com\/es\/wp-json\/wp\/v2\/comments?post=112058"}],"wp:featuredmedia":[{"embeddable":true,"href":"https:\/\/gpl-love.com\/es\/wp-json\/wp\/v2\/media\/167264"}],"wp:attachment":[{"href":"https:\/\/gpl-love.com\/es\/wp-json\/wp\/v2\/media?parent=112058"}],"wp:term":[{"taxonomy":"product_brand","embeddable":true,"href":"https:\/\/gpl-love.com\/es\/wp-json\/wp\/v2\/product_brand?post=112058"},{"taxonomy":"product_cat","embeddable":true,"href":"https:\/\/gpl-love.com\/es\/wp-json\/wp\/v2\/product_cat?post=112058"},{"taxonomy":"product_tag","embeddable":true,"href":"https:\/\/gpl-love.com\/es\/wp-json\/wp\/v2\/product_tag?post=112058"}],"curies":[{"name":"wp","href":"https:\/\/api.w.org\/{rel}","templated":true}]}}