{"id":112056,"date":"2026-03-13T00:00:00","date_gmt":"2026-03-13T05:00:00","guid":{"rendered":"http:\/\/gpl-love.com\/es\/producto\/buddyblog-pro-buddypress-plugins\/"},"modified":"2026-03-13T11:15:19","modified_gmt":"2026-03-13T16:15:19","slug":"buddyblog-pro-buddypress-plugins","status":"publish","type":"product","link":"https:\/\/gpl-love.com\/es\/producto\/buddyblog-pro-buddypress-plugins\/","title":{"rendered":"BuddyBlog Pro BuddyPress Plugins 1.5.4"},"content":{"rendered":"<h3>BuddyBlog Pro BuddyPress Plugins Caracteristicas<\/h3>\n<p>Los complementos de BuddyBlog Pro BuddyPress abarcan una variedad de herramientas robustas meticulosamente elaboradas para amplificar la funcionalidad de su sitio web impulsado por BuddyPress. Estos complementos permiten la creaci\u00f3n perfecta de blogs de usuarios personalizados, incorporaci\u00f3n de configuraciones de privacidad sofisticadas, construcci\u00f3n de men\u00fas a medida y una gran cantidad de otras caracter\u00edsticas excepcionales. La interfaz f\u00e1cil de usar se presta a la administraci\u00f3n de sitios sin esfuerzo, mientras que las capacidades avanzadas le impulsan a personalizar su contenido de acuerdo con los requisitos espec\u00edficos de sus estimados usuarios. Ya sea que se identifique como un blogger dedicado, un gerente comunitario competente o un desarrollador competente, los complementos BuddyBlog Pro BuddyPress proporcionan una soluci\u00f3n integral que impulsar\u00e1 su sitio web a alturas sin precedentes. Por lo tanto, si est\u00e1 en busca de una compilaci\u00f3n influyente, vers\u00e1til y f\u00e1cil de usar de los complementos de BuddyPress, su b\u00fasqueda concluye con el BuddyBlog Pro de BuddyBlog Pro.<\/p>\n<ul>\n<li>Funcionalidad mejorada de BuddyPress para sitios web de WordPress<\/li>\n<li>Permite a los usuarios crear y administrar sus propios blogs dentro de la comunidad<\/li>\n<li>Proporciona plantillas y dise\u00f1os personalizables para blogs de usuarios<\/li>\n<li>Incluye la funcionalidad de b\u00fasqueda avanzada para publicaciones y etiquetas de blog.<\/li>\n<li>Permite una integraci\u00f3n perfecta con otros complementos y temas de BuddyPress<\/li>\n<li>Ofrece soporte para m\u00faltiples idiomas y complementos de traducci\u00f3n<\/li>\n<li>Proporciona una amplia documentaci\u00f3n y atenci\u00f3n al cliente para garantizar una f\u00e1cil configuraci\u00f3n y personalizaci\u00f3n<\/li>\n<li>Ofrece opciones avanzadas de an\u00e1lisis e informes para administradores de sitios<\/li>\n<li>Proporciona herramientas para administrar los permisos de los usuarios y la configuraci\u00f3n de privacidad en Blognetwork<\/li>\n<li>Compatible con las \u00faltimas versiones de WordPress y BuddyPress.<\/li>\n<\/ul>\n","protected":false},"excerpt":{"rendered":"<p>Transforme su comunidad en l\u00ednea en una plataforma social atractiva con los complementos BuddyBlog Pro BuddyPress. Esta poderosa herramienta brinda a sus miembros la capacidad de escribir, editar y publicar blogs personales en su sitio de BuddyPress. Con una variedad de caracter\u00edsticas personalizables, BuddyBlog Pro proporciona una experiencia de blogsing de blogsing para sus usuarios. Mejora la funcionalidad de su comunidad BuddyPress, fomentando el compromiso, la interacci\u00f3n y un sentido de propiedad. Las caracter\u00edsticas clave incluyen moderaci\u00f3n posterior, configuraci\u00f3n de privacidad, filtros avanzados y soporte de medios, todos dise\u00f1ados para proporcionar un entorno de blogs \u00f3ptimo. El complemento BuddyBlog Pro BuddyPress garantiza una experiencia de usuario enriquecida, en \u00faltima instancia, impulsando el tr\u00e1fico del sitio y la retenci\u00f3n de usuarios. Con BuddyBlog Pro, deje que los miembros de su comunidad se expresen libremente, participen m\u00e1s y contribuyan al contenido de su sitio web.<\/p>\n","protected":false},"featured_media":165565,"comment_status":"open","ping_status":"open","template":"","meta":[],"product_brand":[2387],"product_cat":[1214,1206,1211],"product_tag":[1818],"class_list":{"0":"post-112056","1":"product","2":"type-product","3":"status-publish","4":"has-post-thumbnail","6":"product_brand-buddydev","7":"product_cat-personalizacion","8":"product_cat-plugins","9":"product_cat-wordpress-plugins","10":"product_tag-buddydev","11":"member-discount","12":"discount-restricted","14":"first","15":"instock","16":"sale","17":"downloadable","18":"virtual","19":"sold-individually","20":"purchasable","21":"product-type-simple"},"_links":{"self":[{"href":"https:\/\/gpl-love.com\/es\/wp-json\/wp\/v2\/product\/112056","targetHints":{"allow":["GET"]}}],"collection":[{"href":"https:\/\/gpl-love.com\/es\/wp-json\/wp\/v2\/product"}],"about":[{"href":"https:\/\/gpl-love.com\/es\/wp-json\/wp\/v2\/types\/product"}],"replies":[{"embeddable":true,"href":"https:\/\/gpl-love.com\/es\/wp-json\/wp\/v2\/comments?post=112056"}],"wp:featuredmedia":[{"embeddable":true,"href":"https:\/\/gpl-love.com\/es\/wp-json\/wp\/v2\/media\/165565"}],"wp:attachment":[{"href":"https:\/\/gpl-love.com\/es\/wp-json\/wp\/v2\/media?parent=112056"}],"wp:term":[{"taxonomy":"product_brand","embeddable":true,"href":"https:\/\/gpl-love.com\/es\/wp-json\/wp\/v2\/product_brand?post=112056"},{"taxonomy":"product_cat","embeddable":true,"href":"https:\/\/gpl-love.com\/es\/wp-json\/wp\/v2\/product_cat?post=112056"},{"taxonomy":"product_tag","embeddable":true,"href":"https:\/\/gpl-love.com\/es\/wp-json\/wp\/v2\/product_tag?post=112056"}],"curies":[{"name":"wp","href":"https:\/\/api.w.org\/{rel}","templated":true}]}}