{"id":112054,"date":"2021-08-21T00:00:00","date_gmt":"2021-08-21T05:00:00","guid":{"rendered":"http:\/\/gpl-love.com\/es\/producto\/letspush-web-push-notifications-plugin\/"},"modified":"2026-03-09T07:46:47","modified_gmt":"2026-03-09T12:46:47","slug":"letspush-web-push-notifications-plugin","status":"publish","type":"product","link":"https:\/\/gpl-love.com\/es\/producto\/letspush-web-push-notifications-plugin\/","title":{"rendered":"Letspush Web Push Notifications Plugin 3.1.2"},"content":{"rendered":"<h3>Letspush Web Push Notifications Plugin Caracteristicas<\/h3>\n<p>El complemento de Notificaciones Push Web Letspush es una herramienta extremadamente robusta y efectiva que otorga a los propietarios de sitios web la capacidad de enviar notificaciones impulsoras a sus estimados visitantes. Este complemento incomparable permite la creaci\u00f3n perfecta y la personalizaci\u00f3n de notificaciones para una gran cantidad de ocasiones, incluida la introducci\u00f3n de contenido fresco, las promociones de ventas atractivas y una variedad de otros eventos atractivos. Para aumentar a\u00fan m\u00e1s la conveniencia, estas notificaciones se transmiten directamente a los dispositivos respectivos de sus visitantes, lo que permite un compromiso sin esfuerzo y una eficacia \u00f3ptima. Adem\u00e1s, a trav\u00e9s de la utilizaci\u00f3n de an\u00e1lisis integrales, se le otorga una comprensi\u00f3n profunda de las m\u00e9tricas de rendimiento de sus notificaciones, que abarca el n\u00famero de clics, conversiones y varias otras ideas invaluables. En virtud del complemento de notificaciones push web de Letspush, puede cultivar efectivamente una relaci\u00f3n m\u00e1s fuerte con su audiencia, aumentando as\u00ed los niveles de tr\u00e1fico y compromiso de su estimado sitio web.<\/p>\n<ul>\n<li>Permite a los propietarios de sitios web enviar notificaciones push a sus visitantes<\/li>\n<li>Se integra con plataformas populares como WordPress y Shopify<\/li>\n<li>F\u00e1cil de instalar y configurar con gu\u00edas paso a paso<\/li>\n<li>Ofrece varias opciones de orientaci\u00f3n para llegar a audiencias espec\u00edficas<\/li>\n<li>Dise\u00f1o de notificaci\u00f3n personalizable para que coincida con la marca del sitio web<\/li>\n<li>An\u00e1lisis en tiempo real para rastrear el rendimiento y el compromiso de la notificaci\u00f3n<\/li>\n<li>Puede programar notificaciones para fechas y tiempos espec\u00edficos<\/li>\n<li>Ofrece capacidades de prueba A\/B para optimizar y mejorar las notificaciones<\/li>\n<li>Ofrece una versi\u00f3n gratuita con caracter\u00edsticas limitadas y una versi\u00f3n premium para funcionalidades avanzadas.<\/li>\n<\/ul>\n","protected":false},"excerpt":{"rendered":"<p>Perm\u00edtanos presentarle el notable complemento de notificaciones push web de Letspush, un complemento f\u00e1cil de usar meticulosamente creado para facilitar la comunicaci\u00f3n perfecta y eficiente entre los propietarios del sitio web y su valioso audiencia. Este notable complemento le permite enviar notificaciones impulsoras sin esfuerzo directamente a los dispositivos de sus apreciados suscriptores, asegurando as\u00ed que est\u00e9n constantemente iluminados sobre todo contenido novedoso, promociones atractivas y actualizaciones cruciales. La interfaz notablemente intuitiva optimiza el proceso de elaboraci\u00f3n y programaci\u00f3n de notificaciones, lo que le permite hacerlo en cuesti\u00f3n de minutos, lo que le otorg\u00f3 una soluci\u00f3n potente pero notablemente directa para comprometerse de manera efectiva con su grupo demogr\u00e1fico objetivo. Eleve el rendimiento general y el impacto de su sitio web integrando el complemento de notificaciones de impuestos web de Letspush sin igual, \u00a1ya que es la clave que desbloquea un nuevo \u00e1mbito de posibilidades!<\/p>\n","protected":false},"featured_media":166609,"comment_status":"open","ping_status":"open","template":"","meta":[],"product_brand":[2339],"product_cat":[1232,1206,1211],"product_tag":[1256],"class_list":{"0":"post-112054","1":"product","2":"type-product","3":"status-publish","4":"has-post-thumbnail","6":"product_brand-codecanyon","7":"product_cat-marketing-wordpress-plugins","8":"product_cat-plugins","9":"product_cat-wordpress-plugins","10":"product_tag-codecanyon","11":"member-discount","12":"discount-restricted","14":"first","15":"instock","16":"sale","17":"downloadable","18":"virtual","19":"sold-individually","20":"purchasable","21":"product-type-simple"},"_links":{"self":[{"href":"https:\/\/gpl-love.com\/es\/wp-json\/wp\/v2\/product\/112054","targetHints":{"allow":["GET"]}}],"collection":[{"href":"https:\/\/gpl-love.com\/es\/wp-json\/wp\/v2\/product"}],"about":[{"href":"https:\/\/gpl-love.com\/es\/wp-json\/wp\/v2\/types\/product"}],"replies":[{"embeddable":true,"href":"https:\/\/gpl-love.com\/es\/wp-json\/wp\/v2\/comments?post=112054"}],"wp:featuredmedia":[{"embeddable":true,"href":"https:\/\/gpl-love.com\/es\/wp-json\/wp\/v2\/media\/166609"}],"wp:attachment":[{"href":"https:\/\/gpl-love.com\/es\/wp-json\/wp\/v2\/media?parent=112054"}],"wp:term":[{"taxonomy":"product_brand","embeddable":true,"href":"https:\/\/gpl-love.com\/es\/wp-json\/wp\/v2\/product_brand?post=112054"},{"taxonomy":"product_cat","embeddable":true,"href":"https:\/\/gpl-love.com\/es\/wp-json\/wp\/v2\/product_cat?post=112054"},{"taxonomy":"product_tag","embeddable":true,"href":"https:\/\/gpl-love.com\/es\/wp-json\/wp\/v2\/product_tag?post=112054"}],"curies":[{"name":"wp","href":"https:\/\/api.w.org\/{rel}","templated":true}]}}