{"id":112052,"date":"2026-03-03T00:00:00","date_gmt":"2026-03-03T05:00:00","guid":{"rendered":"http:\/\/gpl-love.com\/es\/producto\/clever-woocommerce-product-filter\/"},"modified":"2026-03-09T07:23:58","modified_gmt":"2026-03-09T12:23:58","slug":"clever-woocommerce-product-filter","status":"publish","type":"product","link":"https:\/\/gpl-love.com\/es\/producto\/clever-woocommerce-product-filter\/","title":{"rendered":"Clever WooCommerce Product Filter 2.0.8"},"content":{"rendered":"<h3>Clever WooCommerce Product Filter Caracteristicas<\/h3>\n<p>El inteligente filtro de productos de WooCommerce es una herramienta excepcionalmente robusta que facilita una experiencia de compra notablemente perfecta para los clientes. En virtud de sus capacidades de filtrado notablemente avanzadas, los clientes pueden localizar sin esfuerzo los productos que requieren, seg\u00fan una amplia gama de atributos que incluyen, entre otros, el rango de precios, el color, el tama\u00f1o y muchos otros. Este complemento incre\u00edblemente vers\u00e1til no solo permite a las empresas mejorar significativamente la usabilidad general de sus sitios web, sino que tambi\u00e9n les permite aumentar las cifras de ventas al proporcionar una v\u00eda acelerada y m\u00e1s eficiente para que los clientes exploren y busquen los productos deseados. Adem\u00e1s, el inteligente filtro de productos de WooCommerce cuenta con un grado excepcional de adaptabilidad y facilidad de uso, lo que lo convierte en una selecci\u00f3n sobresaliente para empresas de cualquier magnitud.<\/p>\n<ul>\n<li>Mejore la experiencia de compra de clientes con filtros f\u00e1ciles de usar para productos de WooCommerce.<\/li>\n<li>Permite a los clientes encontrar r\u00e1pidamente los productos que est\u00e1n buscando, lo que resulta en mayores ventas y tasas de rebote reducidas.<\/li>\n<li>Ofrece una variedad de filtros personalizables, que incluyen precio, categor\u00eda, atributos y m\u00e1s.<\/li>\n<li>Se puede integrar f\u00e1cilmente con la mayor\u00eda de los temas y extensiones de WooCommerce.<\/li>\n<li>Ahorra tiempo y frustraci\u00f3n a los clientes al racionalizar el proceso de b\u00fasqueda y selecci\u00f3n del producto.<\/li>\n<li>Funciona de manera r\u00e1pida y eficiente, sin ralentizar su sitio web.<\/li>\n<li>Proporciona an\u00e1lisis e informes detallados, lo que le permite rastrear el comportamiento del usuario y tomar decisiones basadas en datos.<\/li>\n<li>Admite una variedad de idiomas y est\u00e1 listo para la traducci\u00f3n.<\/li>\n<li>Proporciona atenci\u00f3n al cliente excepcional y actualizaciones regulares para garantizar un rendimiento \u00f3ptimo.<\/li>\n<\/ul>\n","protected":false},"excerpt":{"rendered":"<p>Experimente el poder del inteligente filtro de productos de WooCommerce, una soluci\u00f3n inteligente y simplificada para sus necesidades de comercio electr\u00f3nico. Este complemento innovador le permite filtrar de manera f\u00e1cil y efectiva sus listados de productos, lo que brinda a sus clientes una experiencia de compra en l\u00ednea perfecta. Ya sea que est\u00e9 administrando una peque\u00f1a empresa o una gran tienda en l\u00ednea, el inteligente filtro de productos de WooCommerce est\u00e1 dise\u00f1ado para simplificar la navegaci\u00f3n, ahorrar tiempo y mejorar la satisfacci\u00f3n del usuario. Con su interfaz f\u00e1cil de usar y su configuraci\u00f3n personalizable, puede clasificar y clasificar r\u00e1pidamente los productos, lo que facilita a sus clientes encontrar exactamente lo que est\u00e1n buscando. Adem\u00e1s, con su dise\u00f1o receptivo, garantiza una experiencia de usuario suave y atractiva en todos los dispositivos. Actualice su plataforma de comercio electr\u00f3nico con el inteligente filtro de productos de WooCommerce para un viaje de compra m\u00e1s eficiente y agradable.<\/p>\n","protected":false},"featured_media":165633,"comment_status":"open","ping_status":"open","template":"","meta":[],"product_brand":[2398],"product_cat":[1207,1248,1206],"product_tag":[1817],"class_list":{"0":"post-112052","1":"product","2":"type-product","3":"status-publish","4":"has-post-thumbnail","6":"product_brand-clever-addon","7":"product_cat-comercio-electronico-plugins","8":"product_cat-personalizacion-comercio-electronico-plugins","9":"product_cat-plugins","10":"product_tag-clever-addon","11":"member-discount","12":"discount-restricted","14":"first","15":"instock","16":"sale","17":"downloadable","18":"virtual","19":"sold-individually","20":"purchasable","21":"product-type-simple"},"_links":{"self":[{"href":"https:\/\/gpl-love.com\/es\/wp-json\/wp\/v2\/product\/112052","targetHints":{"allow":["GET"]}}],"collection":[{"href":"https:\/\/gpl-love.com\/es\/wp-json\/wp\/v2\/product"}],"about":[{"href":"https:\/\/gpl-love.com\/es\/wp-json\/wp\/v2\/types\/product"}],"replies":[{"embeddable":true,"href":"https:\/\/gpl-love.com\/es\/wp-json\/wp\/v2\/comments?post=112052"}],"wp:featuredmedia":[{"embeddable":true,"href":"https:\/\/gpl-love.com\/es\/wp-json\/wp\/v2\/media\/165633"}],"wp:attachment":[{"href":"https:\/\/gpl-love.com\/es\/wp-json\/wp\/v2\/media?parent=112052"}],"wp:term":[{"taxonomy":"product_brand","embeddable":true,"href":"https:\/\/gpl-love.com\/es\/wp-json\/wp\/v2\/product_brand?post=112052"},{"taxonomy":"product_cat","embeddable":true,"href":"https:\/\/gpl-love.com\/es\/wp-json\/wp\/v2\/product_cat?post=112052"},{"taxonomy":"product_tag","embeddable":true,"href":"https:\/\/gpl-love.com\/es\/wp-json\/wp\/v2\/product_tag?post=112052"}],"curies":[{"name":"wp","href":"https:\/\/api.w.org\/{rel}","templated":true}]}}